{"id":18575,"date":"2026-04-29T12:41:17","date_gmt":"2026-04-29T10:41:17","guid":{"rendered":"https:\/\/idakorea.ee\/?post_type=product&#038;p=18575"},"modified":"2026-04-29T12:41:17","modified_gmt":"2026-04-29T10:41:17","slug":"aromatica-rosemary-root-volumizing-scalp-ampoule-20ml","status":"publish","type":"product","link":"https:\/\/idakorea.ee\/ru\/product\/aromatica-rosemary-root-volumizing-scalp-ampoule-20ml\/","title":{"rendered":"\u0410\u043c\u043f\u0443\u043b\u0430 \u0434\u043b\u044f \u043f\u0440\u0438\u0434\u0430\u043d\u0438\u044f \u043e\u0431\u044a\u0435\u043c\u0430  Aromatica Rosemary Root Volumizing Scalp Ampoule, 20 \u043c\u043b."},"content":{"rendered":"<p><strong>Aromatica Rosemary Root Volumizing Scalp Ampoule<\/strong> - \u044d\u0442\u043e \u0443\u043a\u0440\u0435\u043f\u043b\u044f\u044e\u0449\u0430\u044f \u0430\u043c\u043f\u0443\u043b\u0430 \u0434\u043b\u044f \u043a\u043e\u0436\u0438 \u0433\u043e\u043b\u043e\u0432\u044b, \u043a\u043e\u0442\u043e\u0440\u0430\u044f \u043f\u043e\u043c\u043e\u0433\u0430\u0435\u0442 \u0441\u0442\u0438\u043c\u0443\u043b\u0438\u0440\u043e\u0432\u0430\u0442\u044c \u0440\u043e\u0441\u0442 \u0432\u043e\u043b\u043e\u0441, \u0443\u043c\u0435\u043d\u044c\u0448\u0438\u0442\u044c \u0432\u044b\u043f\u0430\u0434\u0435\u043d\u0438\u0435 \u0438 \u043f\u0440\u0438\u0434\u0430\u0442\u044c \u0432\u043e\u043b\u043e\u0441\u0430\u043c \u0432\u0438\u0434\u0438\u043c\u044b\u0439 \u043e\u0431\u044a\u0435\u043c \u043e\u0442 \u043a\u043e\u0440\u043d\u0435\u0439. \u041e\u0440\u0433\u0430\u043d\u0438\u0447\u0435\u0441\u043a\u0438\u0439 \u044d\u043a\u0441\u0442\u0440\u0430\u043a\u0442 \u0440\u043e\u0437\u043c\u0430\u0440\u0438\u043d\u0430 \u0443\u043b\u0443\u0447\u0448\u0430\u0435\u0442 \u043a\u0440\u043e\u0432\u043e\u043e\u0431\u0440\u0430\u0449\u0435\u043d\u0438\u0435 \u043a\u043e\u0436\u0438 \u0433\u043e\u043b\u043e\u0432\u044b, \u043f\u043e\u0434\u0434\u0435\u0440\u0436\u0438\u0432\u0430\u0435\u0442 \u043f\u0438\u0442\u0430\u043d\u0438\u0435 \u0432\u043e\u043b\u043e\u0441\u044f\u043d\u044b\u0445 \u0444\u043e\u043b\u043b\u0438\u043a\u0443\u043b\u043e\u0432 \u0438 \u043f\u043e\u043c\u043e\u0433\u0430\u0435\u0442 \u0443\u043a\u0440\u0435\u043f\u0438\u0442\u044c \u043a\u043e\u0440\u043d\u0438 \u0432\u043e\u043b\u043e\u0441. \u0420\u0435\u0433\u0443\u043b\u044f\u0440\u043d\u043e\u0435 \u0438\u0441\u043f\u043e\u043b\u044c\u0437\u043e\u0432\u0430\u043d\u0438\u0435 \u0434\u0435\u043b\u0430\u0435\u0442 \u0432\u043e\u043b\u043e\u0441\u044b \u0431\u043e\u043b\u0435\u0435 \u0441\u0438\u043b\u044c\u043d\u044b\u043c\u0438, \u044d\u043b\u0430\u0441\u0442\u0438\u0447\u043d\u044b\u043c\u0438 \u0438 \u0432\u0438\u0437\u0443\u0430\u043b\u044c\u043d\u043e \u0433\u0443\u0449\u0435. \u0410\u043c\u043f\u0443\u043b\u0430 \u0438\u043c\u0435\u0435\u0442 \u043b\u0435\u0433\u043a\u0443\u044e, \u0432\u043e\u0434\u044f\u043d\u0438\u0441\u0442\u0443\u044e \u0442\u0435\u043a\u0441\u0442\u0443\u0440\u0443, \u0431\u044b\u0441\u0442\u0440\u043e \u0432\u043f\u0438\u0442\u044b\u0432\u0430\u0435\u0442\u0441\u044f \u0438 \u043d\u0435 \u043e\u0441\u0442\u0430\u0432\u043b\u044f\u0435\u0442 \u043e\u0449\u0443\u0449\u0435\u043d\u0438\u044f \u0436\u0438\u0440\u043d\u043e\u0441\u0442\u0438. \u0422\u0430\u043a\u0436\u0435 \u043f\u043e\u0434\u0445\u043e\u0434\u0438\u0442 \u0434\u043b\u044f \u0447\u0443\u0432\u0441\u0442\u0432\u0438\u0442\u0435\u043b\u044c\u043d\u043e\u0439 \u043a\u043e\u0436\u0438 \u0433\u043e\u043b\u043e\u0432\u044b \u0438 \u0434\u043b\u044f \u0435\u0436\u0435\u0434\u043d\u0435\u0432\u043d\u043e\u0433\u043e \u0438\u0441\u043f\u043e\u043b\u044c\u0437\u043e\u0432\u0430\u043d\u0438\u044f.<\/p>\n<p><strong>\u041e\u0441\u043d\u043e\u0432\u043d\u044b\u0435 \u0445\u0430\u0440\u0430\u043a\u0442\u0435\u0440\u0438\u0441\u0442\u0438\u043a\u0438:<\/strong><\/p>\n<ul>\n<li>\u0441\u0442\u0438\u043c\u0443\u043b\u0438\u0440\u0443\u0435\u0442 \u0440\u043e\u0441\u0442 \u0432\u043e\u043b\u043e\u0441<\/li>\n<li>\u0443\u043c\u0435\u043d\u044c\u0448\u0430\u0435\u0442 \u0432\u044b\u043f\u0430\u0434\u0435\u043d\u0438\u0435 \u0432\u043e\u043b\u043e\u0441<\/li>\n<li>\u0443\u043a\u0440\u0435\u043f\u043b\u044f\u0435\u0442 \u043a\u043e\u0440\u043d\u0438 \u0432\u043e\u043b\u043e\u0441<\/li>\n<li>\u043f\u0440\u0438\u0434\u0430\u0435\u0442 \u043e\u0431\u044a\u0435\u043c \u0432\u043e\u043b\u043e\u0441\u0430\u043c \u043e\u0442 \u043a\u043e\u0440\u043d\u0435\u0439<\/li>\n<li>\u0443\u0440\u0430\u0432\u043d\u043e\u0432\u0435\u0448\u0438\u0432\u0430\u0435\u0442 \u0438 \u043e\u0441\u0432\u0435\u0436\u0430\u0435\u0442 \u043a\u043e\u0436\u0443 \u0433\u043e\u043b\u043e\u0432\u044b<\/li>\n<\/ul>\n<p><strong>\u0410\u043a\u0442\u0438\u0432\u043d\u044b\u0435 \u0438\u0433\u0440\u0435\u0434\u0438\u0435\u043d\u0442\u044b:<\/strong><\/p>\n<ul>\n<li><strong>\u042d\u043a\u0441\u0442\u0440\u0430\u043a\u0442 \u0440\u043e\u0437\u043c\u0430\u0440\u0438\u043d\u0430<\/strong> \u2013 \u0443\u043b\u0443\u0447\u0448\u0430\u0435\u0442 \u043a\u0440\u043e\u0432\u043e\u043e\u0431\u0440\u0430\u0449\u0435\u043d\u0438\u0435 \u0438 \u0441\u043f\u043e\u0441\u043e\u0431\u0441\u0442\u0432\u0443\u0435\u0442 \u0440\u043e\u0441\u0442\u0443 \u0432\u043e\u043b\u043e\u0441<\/li>\n<li><strong>\u0411\u0438\u043e\u0442\u0438\u043d<\/strong> \u2013 \u0443\u043a\u0440\u0435\u043f\u043b\u044f\u0435\u0442 \u0432\u043e\u043b\u043e\u0441\u044b \u0438 \u0443\u043c\u0435\u043d\u044c\u0448\u0430\u0435\u0442 \u043b\u043e\u043c\u043a\u043e\u0441\u0442\u044c<\/li>\n<li><strong>\u041f\u0430\u043d\u0442\u0435\u043d\u043e\u043b<\/strong> \u2013 \u0443\u0432\u043b\u0430\u0436\u043d\u044f\u0435\u0442 \u0438 \u0443\u0441\u043f\u043e\u043a\u0430\u0438\u0432\u0430\u0435\u0442 \u043a\u043e\u0436\u0443 \u0433\u043e\u043b\u043e\u0432\u044b<\/li>\n<li><strong>\u041a\u043e\u0444\u0435\u0438\u043d<\/strong> \u2013 \u0430\u043a\u0442\u0438\u0432\u0438\u0440\u0443\u0435\u0442 \u0432\u043e\u043b\u043e\u0441\u044f\u043d\u044b\u0435 \u0444\u043e\u043b\u043b\u0438\u043a\u0443\u043b\u044b<\/li>\n<li><strong>\u041d\u0438\u0430\u0446\u0438\u043d\u0430\u043c\u0438\u0434<\/strong> \u2013 \u0443\u043b\u0443\u0447\u0448\u0430\u0435\u0442 \u043e\u0431\u0449\u0435\u0435 \u0441\u043e\u0441\u0442\u043e\u044f\u043d\u0438\u0435 \u043a\u043e\u0436\u0438 \u0433\u043e\u043b\u043e\u0432\u044b<\/li>\n<\/ul>\n<p><strong>\u041f\u043e\u0434\u0445\u043e\u0434\u0438\u0442 \u0434\u043b\u044f:\u00a0<\/strong>\u041f\u043e\u0434\u0445\u043e\u0434\u0438\u0442 \u0434\u043b\u044f \u0432\u0441\u0435\u0445 \u0442\u0438\u043f\u043e\u0432 \u043a\u043e\u0436\u0438 \u0433\u043e\u043b\u043e\u0432\u044b, \u043e\u0441\u043e\u0431\u0435\u043d\u043d\u043e \u0434\u043b\u044f \u0442\u043e\u043d\u043a\u0438\u0445, \u0441\u043b\u0430\u0431\u044b\u0445 \u0438 \u0441\u043a\u043b\u043e\u043d\u043d\u044b\u0445 \u043a \u0432\u044b\u043f\u0430\u0434\u0435\u043d\u0438\u044e \u0432\u043e\u043b\u043e\u0441.<\/p>\n<p><strong>\u0421\u043f\u043e\u0441\u043e\u0431 \u043f\u0440\u0438\u043c\u0435\u043d\u0435\u043d\u0438\u044f:<\/strong><\/p>\n<p>\u041d\u0430\u043d\u0435\u0441\u0438\u0442\u0435 \u0441\u0440\u0435\u0434\u0441\u0442\u0432\u043e \u043d\u0430 \u0447\u0438\u0441\u0442\u0443\u044e \u043a\u043e\u0436\u0443 \u0433\u043e\u043b\u043e\u0432\u044b, \u0440\u0430\u0441\u043f\u0440\u0435\u0434\u0435\u043b\u0438\u0442\u0435 \u043f\u043e \u043f\u0440\u043e\u0431\u043e\u0440\u0443, \u043d\u0435\u0436\u043d\u043e \u043f\u043e\u043c\u0430\u0441\u0441\u0438\u0440\u0443\u0439\u0442\u0435 \u0434\u043e \u043f\u043e\u043b\u043d\u043e\u0433\u043e \u0432\u043f\u0438\u0442\u044b\u0432\u0430\u043d\u0438\u044f. \u041d\u0435 \u0441\u043c\u044b\u0432\u0430\u0439\u0442\u0435. \u0418\u0441\u043f\u043e\u043b\u044c\u0437\u0443\u0439\u0442\u0435 \u0435\u0436\u0435\u0434\u043d\u0435\u0432\u043d\u043e \u0438\u043b\u0438 \u043f\u043e \u043c\u0435\u0440\u0435 \u043d\u0435\u043e\u0431\u0445\u043e\u0434\u0438\u043c\u043e\u0441\u0442\u0438.<\/p>\n<p>&nbsp;<\/p>","protected":false},"excerpt":{"rendered":"<p>Aromatica Rosemary Root Volumizing Scalp Ampoule on tugevdav peanahaampull, mis aitab stimuleerida juuksekasvu, v\u00e4hendada juuste v\u00e4ljalangemist ning lisada juustele n\u00e4htavat kohevust juurtest. Orgaanilise rosmariini ekstrakt parandab peanaha vereringet, toetab juuksefolliikulite toitmist ning aitab tugevdada juuksejuuri. Regulaarne kasutamine muudab juuksed tugevamaks, elastsemaks ja visuaalselt tihedamaks. Ampullil on kerge, vesine tekstuur, mis imendub kiiresti ega j\u00e4ta rasvast&#8230;<\/p>","protected":false},"featured_media":18578,"comment_status":"open","ping_status":"closed","template":"","meta":{"_uf_show_specific_survey":0,"_uf_disable_surveys":false,"_bst_post_transparent":"default","_bst_post_title":"","_bst_post_layout":"default","_bst_post_sidebar_id":"","_bst_post_content_style":"default","_bst_post_vertical_padding":"default","_bst_post_feature":"","_bst_post_feature_position":"","_bst_post_header":false,"_bst_post_footer":false},"pwb-brand":[1157],"product_brand":[],"product_cat":[923],"product_tag":[1158,568],"class_list":{"0":"post-18575","1":"product","2":"type-product","3":"status-publish","4":"has-post-thumbnail","6":"pwb-brand-aromatica","7":"product_cat-juuksed","8":"product_tag-juuksekasv","9":"product_tag-korea","11":"first","12":"instock","13":"shipping-taxable","14":"purchasable","15":"product-type-simple","16":"entry","17":"content-bg","18":"loop-entry"},"supplier_id":null,"supplier_sku":"","barcode":null,"atum_controlled":true,"out_stock_date":null,"out_stock_threshold":null,"inheritable":false,"inbound_stock":null,"stock_on_hold":null,"sold_today":null,"sales_last_days":null,"out_stock_days":null,"lost_sales":null,"has_location":false,"update_date":"2026-04-29T10:41:20","atum_locations":[],"atum_stock_status":"instock","restock_status":false,"low_stock_amount":"","sales_update_date":null,"calc_backorders":null,"yoast_head":"<!-- This site is optimized with the Yoast SEO plugin v27.2 - https:\/\/yoast.com\/product\/yoast-seo-wordpress\/ -->\n<title>Aromatica Rosemary Root Volumizing Scalp Ampoule, 20ml - IDA.KOREA<\/title>\n<meta name=\"description\" content=\"Tugevdav peanahaampull, mis aitab stimuleerida juuksekasvu, v\u00e4hendada juuste v\u00e4ljalangemist ning lisada juustele n\u00e4htavat kohevust juurtest. Kiire tarne!\" \/>\n<meta name=\"robots\" content=\"index, follow, max-snippet:-1, max-image-preview:large, max-video-preview:-1\" \/>\n<link rel=\"canonical\" href=\"https:\/\/idakorea.ee\/ru\/product\/aromatica-rosemary-root-volumizing-scalp-ampoule-20ml\/\" \/>\n<meta property=\"og:locale\" content=\"ru_RU\" \/>\n<meta property=\"og:type\" content=\"article\" \/>\n<meta property=\"og:title\" content=\"Aromatica Rosemary Root Volumizing Scalp Ampoule, 20ml - IDA.KOREA\" \/>\n<meta property=\"og:description\" content=\"Tugevdav peanahaampull, mis aitab stimuleerida juuksekasvu, v\u00e4hendada juuste v\u00e4ljalangemist ning lisada juustele n\u00e4htavat kohevust juurtest. Kiire tarne!\" \/>\n<meta property=\"og:url\" content=\"https:\/\/idakorea.ee\/ru\/product\/aromatica-rosemary-root-volumizing-scalp-ampoule-20ml\/\" \/>\n<meta property=\"og:site_name\" content=\"IDA.KOREA\" \/>\n<meta property=\"og:image\" content=\"https:\/\/idakorea.ee\/wp-content\/uploads\/2026\/04\/aromatica-rosemary-root-volumizer-scalp-idakorea.webp\" \/>\n\t<meta property=\"og:image:width\" content=\"640\" \/>\n\t<meta property=\"og:image:height\" content=\"640\" \/>\n\t<meta property=\"og:image:type\" content=\"image\/webp\" \/>\n<meta name=\"twitter:card\" content=\"summary_large_image\" \/>\n<meta name=\"twitter:label1\" content=\"\u041f\u0440\u0438\u043c\u0435\u0440\u043d\u043e\u0435 \u0432\u0440\u0435\u043c\u044f \u0434\u043b\u044f \u0447\u0442\u0435\u043d\u0438\u044f\" \/>\n\t<meta name=\"twitter:data1\" content=\"1 \u043c\u0438\u043d\u0443\u0442\u0430\" \/>\n<script type=\"application\/ld+json\" class=\"yoast-schema-graph\">{\"@context\":\"https:\/\/schema.org\",\"@graph\":[{\"@type\":\"WebPage\",\"@id\":\"https:\/\/idakorea.ee\/product\/aromatica-rosemary-root-volumizing-scalp-ampoule-20ml\/\",\"url\":\"https:\/\/idakorea.ee\/product\/aromatica-rosemary-root-volumizing-scalp-ampoule-20ml\/\",\"name\":\"Aromatica Rosemary Root Volumizing Scalp Ampoule, 20ml - IDA.KOREA\",\"isPartOf\":{\"@id\":\"https:\/\/idakorea.ee\/#website\"},\"primaryImageOfPage\":{\"@id\":\"https:\/\/idakorea.ee\/product\/aromatica-rosemary-root-volumizing-scalp-ampoule-20ml\/#primaryimage\"},\"image\":{\"@id\":\"https:\/\/idakorea.ee\/product\/aromatica-rosemary-root-volumizing-scalp-ampoule-20ml\/#primaryimage\"},\"thumbnailUrl\":\"https:\/\/idakorea.ee\/wp-content\/uploads\/2026\/04\/aromatica-rosemary-root-volumizer-scalp-idakorea.webp\",\"datePublished\":\"2026-04-29T10:41:17+00:00\",\"description\":\"Tugevdav peanahaampull, mis aitab stimuleerida juuksekasvu, v\u00e4hendada juuste v\u00e4ljalangemist ning lisada juustele n\u00e4htavat kohevust juurtest. Kiire tarne!\",\"breadcrumb\":{\"@id\":\"https:\/\/idakorea.ee\/product\/aromatica-rosemary-root-volumizing-scalp-ampoule-20ml\/#breadcrumb\"},\"inLanguage\":\"ru-RU\",\"potentialAction\":[{\"@type\":\"ReadAction\",\"target\":[\"https:\/\/idakorea.ee\/product\/aromatica-rosemary-root-volumizing-scalp-ampoule-20ml\/\"]}]},{\"@type\":\"ImageObject\",\"inLanguage\":\"ru-RU\",\"@id\":\"https:\/\/idakorea.ee\/product\/aromatica-rosemary-root-volumizing-scalp-ampoule-20ml\/#primaryimage\",\"url\":\"https:\/\/idakorea.ee\/wp-content\/uploads\/2026\/04\/aromatica-rosemary-root-volumizer-scalp-idakorea.webp\",\"contentUrl\":\"https:\/\/idakorea.ee\/wp-content\/uploads\/2026\/04\/aromatica-rosemary-root-volumizer-scalp-idakorea.webp\",\"width\":640,\"height\":640},{\"@type\":\"BreadcrumbList\",\"@id\":\"https:\/\/idakorea.ee\/product\/aromatica-rosemary-root-volumizing-scalp-ampoule-20ml\/#breadcrumb\",\"itemListElement\":[{\"@type\":\"ListItem\",\"position\":1,\"name\":\"\u0413\u043b\u0430\u0432\u043d\u0430\u044f \u0441\u0442\u0440\u0430\u043d\u0438\u0446\u0430\",\"item\":\"https:\/\/idakorea.ee\/\"},{\"@type\":\"ListItem\",\"position\":2,\"name\":\"Shop\",\"item\":\"https:\/\/idakorea.ee\/shop-2\/\"},{\"@type\":\"ListItem\",\"position\":3,\"name\":\"Tugevdav peanahaampull Aromatica Rosemary Root Volumizing Scalp Ampoule, 20ml\"}]},{\"@type\":\"WebSite\",\"@id\":\"https:\/\/idakorea.ee\/#website\",\"url\":\"https:\/\/idakorea.ee\/\",\"name\":\"IDA.KOREA\",\"description\":\"Korea kosmeetika e-pood\",\"publisher\":{\"@id\":\"https:\/\/idakorea.ee\/#organization\"},\"alternateName\":\"Beauty Shop\",\"potentialAction\":[{\"@type\":\"SearchAction\",\"target\":{\"@type\":\"EntryPoint\",\"urlTemplate\":\"https:\/\/idakorea.ee\/?s={search_term_string}\"},\"query-input\":{\"@type\":\"PropertyValueSpecification\",\"valueRequired\":true,\"valueName\":\"search_term_string\"}}],\"inLanguage\":\"ru-RU\"},{\"@type\":\"Organization\",\"@id\":\"https:\/\/idakorea.ee\/#organization\",\"name\":\"IDA.KOREA\",\"url\":\"https:\/\/idakorea.ee\/\",\"logo\":{\"@type\":\"ImageObject\",\"inLanguage\":\"ru-RU\",\"@id\":\"https:\/\/idakorea.ee\/#\/schema\/logo\/image\/\",\"url\":\"https:\/\/idakorea.ee\/wp-content\/uploads\/2024\/05\/cropped-korea3.png\",\"contentUrl\":\"https:\/\/idakorea.ee\/wp-content\/uploads\/2024\/05\/cropped-korea3.png\",\"width\":688,\"height\":126,\"caption\":\"IDA.KOREA\"},\"image\":{\"@id\":\"https:\/\/idakorea.ee\/#\/schema\/logo\/image\/\"},\"sameAs\":[\"https:\/\/www.instagram.com\/ida.korea\/\"]}]}<\/script>\n<!-- \/ Yoast SEO plugin. -->","yoast_head_json":{"title":"Aromatica Rosemary Root Volumizing Scalp Ampoule, 20ml - IDA.KOREA","description":"Tugevdav peanahaampull, mis aitab stimuleerida juuksekasvu, v\u00e4hendada juuste v\u00e4ljalangemist ning lisada juustele n\u00e4htavat kohevust juurtest. Kiire tarne!","robots":{"index":"index","follow":"follow","max-snippet":"max-snippet:-1","max-image-preview":"max-image-preview:large","max-video-preview":"max-video-preview:-1"},"canonical":"https:\/\/idakorea.ee\/ru\/product\/aromatica-rosemary-root-volumizing-scalp-ampoule-20ml\/","og_locale":"ru_RU","og_type":"article","og_title":"Aromatica Rosemary Root Volumizing Scalp Ampoule, 20ml - IDA.KOREA","og_description":"Tugevdav peanahaampull, mis aitab stimuleerida juuksekasvu, v\u00e4hendada juuste v\u00e4ljalangemist ning lisada juustele n\u00e4htavat kohevust juurtest. Kiire tarne!","og_url":"https:\/\/idakorea.ee\/ru\/product\/aromatica-rosemary-root-volumizing-scalp-ampoule-20ml\/","og_site_name":"IDA.KOREA","og_image":[{"width":640,"height":640,"url":"https:\/\/idakorea.ee\/wp-content\/uploads\/2026\/04\/aromatica-rosemary-root-volumizer-scalp-idakorea.webp","type":"image\/webp"}],"twitter_card":"summary_large_image","twitter_misc":{"\u041f\u0440\u0438\u043c\u0435\u0440\u043d\u043e\u0435 \u0432\u0440\u0435\u043c\u044f \u0434\u043b\u044f \u0447\u0442\u0435\u043d\u0438\u044f":"1 \u043c\u0438\u043d\u0443\u0442\u0430"},"schema":{"@context":"https:\/\/schema.org","@graph":[{"@type":"WebPage","@id":"https:\/\/idakorea.ee\/product\/aromatica-rosemary-root-volumizing-scalp-ampoule-20ml\/","url":"https:\/\/idakorea.ee\/product\/aromatica-rosemary-root-volumizing-scalp-ampoule-20ml\/","name":"Aromatica Rosemary Root Volumizing Scalp Ampoule, 20ml - IDA.KOREA","isPartOf":{"@id":"https:\/\/idakorea.ee\/#website"},"primaryImageOfPage":{"@id":"https:\/\/idakorea.ee\/product\/aromatica-rosemary-root-volumizing-scalp-ampoule-20ml\/#primaryimage"},"image":{"@id":"https:\/\/idakorea.ee\/product\/aromatica-rosemary-root-volumizing-scalp-ampoule-20ml\/#primaryimage"},"thumbnailUrl":"https:\/\/idakorea.ee\/wp-content\/uploads\/2026\/04\/aromatica-rosemary-root-volumizer-scalp-idakorea.webp","datePublished":"2026-04-29T10:41:17+00:00","description":"Tugevdav peanahaampull, mis aitab stimuleerida juuksekasvu, v\u00e4hendada juuste v\u00e4ljalangemist ning lisada juustele n\u00e4htavat kohevust juurtest. Kiire tarne!","breadcrumb":{"@id":"https:\/\/idakorea.ee\/product\/aromatica-rosemary-root-volumizing-scalp-ampoule-20ml\/#breadcrumb"},"inLanguage":"ru-RU","potentialAction":[{"@type":"ReadAction","target":["https:\/\/idakorea.ee\/product\/aromatica-rosemary-root-volumizing-scalp-ampoule-20ml\/"]}]},{"@type":"ImageObject","inLanguage":"ru-RU","@id":"https:\/\/idakorea.ee\/product\/aromatica-rosemary-root-volumizing-scalp-ampoule-20ml\/#primaryimage","url":"https:\/\/idakorea.ee\/wp-content\/uploads\/2026\/04\/aromatica-rosemary-root-volumizer-scalp-idakorea.webp","contentUrl":"https:\/\/idakorea.ee\/wp-content\/uploads\/2026\/04\/aromatica-rosemary-root-volumizer-scalp-idakorea.webp","width":640,"height":640},{"@type":"BreadcrumbList","@id":"https:\/\/idakorea.ee\/product\/aromatica-rosemary-root-volumizing-scalp-ampoule-20ml\/#breadcrumb","itemListElement":[{"@type":"ListItem","position":1,"name":"\u0413\u043b\u0430\u0432\u043d\u0430\u044f \u0441\u0442\u0440\u0430\u043d\u0438\u0446\u0430","item":"https:\/\/idakorea.ee\/"},{"@type":"ListItem","position":2,"name":"Shop","item":"https:\/\/idakorea.ee\/shop-2\/"},{"@type":"ListItem","position":3,"name":"Tugevdav peanahaampull Aromatica Rosemary Root Volumizing Scalp Ampoule, 20ml"}]},{"@type":"WebSite","@id":"https:\/\/idakorea.ee\/#website","url":"https:\/\/idakorea.ee\/","name":"\u0418\u0414\u0410.\u041a\u041e\u0420\u0415\u042f","description":"\u0418\u043d\u0442\u0435\u0440\u043d\u0435\u0442-\u043c\u0430\u0433\u0430\u0437\u0438\u043d \u043a\u043e\u0440\u0435\u0439\u0441\u043a\u043e\u0439 \u043a\u043e\u0441\u043c\u0435\u0442\u0438\u043a\u0438","publisher":{"@id":"https:\/\/idakorea.ee\/#organization"},"alternateName":"Beauty Shop","potentialAction":[{"@type":"SearchAction","target":{"@type":"EntryPoint","urlTemplate":"https:\/\/idakorea.ee\/?s={search_term_string}"},"query-input":{"@type":"PropertyValueSpecification","valueRequired":true,"valueName":"search_term_string"}}],"inLanguage":"ru-RU"},{"@type":"Organization","@id":"https:\/\/idakorea.ee\/#organization","name":"\u0418\u0414\u0410.\u041a\u041e\u0420\u0415\u042f","url":"https:\/\/idakorea.ee\/","logo":{"@type":"ImageObject","inLanguage":"ru-RU","@id":"https:\/\/idakorea.ee\/#\/schema\/logo\/image\/","url":"https:\/\/idakorea.ee\/wp-content\/uploads\/2024\/05\/cropped-korea3.png","contentUrl":"https:\/\/idakorea.ee\/wp-content\/uploads\/2024\/05\/cropped-korea3.png","width":688,"height":126,"caption":"IDA.KOREA"},"image":{"@id":"https:\/\/idakorea.ee\/#\/schema\/logo\/image\/"},"sameAs":["https:\/\/www.instagram.com\/ida.korea\/"]}]}},"jetpack_sharing_enabled":true,"brands":[{"id":1157,"name":"AROMATICA","slug":"aromatica"}],"_links":{"self":[{"href":"https:\/\/idakorea.ee\/ru\/wp-json\/wp\/v2\/product\/18575","targetHints":{"allow":["GET"]}}],"collection":[{"href":"https:\/\/idakorea.ee\/ru\/wp-json\/wp\/v2\/product"}],"about":[{"href":"https:\/\/idakorea.ee\/ru\/wp-json\/wp\/v2\/types\/product"}],"replies":[{"embeddable":true,"href":"https:\/\/idakorea.ee\/ru\/wp-json\/wp\/v2\/comments?post=18575"}],"version-history":[{"count":1,"href":"https:\/\/idakorea.ee\/ru\/wp-json\/wp\/v2\/product\/18575\/revisions"}],"predecessor-version":[{"id":18579,"href":"https:\/\/idakorea.ee\/ru\/wp-json\/wp\/v2\/product\/18575\/revisions\/18579"}],"wp:featuredmedia":[{"embeddable":true,"href":"https:\/\/idakorea.ee\/ru\/wp-json\/wp\/v2\/media\/18578"}],"wp:attachment":[{"href":"https:\/\/idakorea.ee\/ru\/wp-json\/wp\/v2\/media?parent=18575"}],"wp:term":[{"taxonomy":"pwb-brand","embeddable":true,"href":"https:\/\/idakorea.ee\/ru\/wp-json\/wp\/v2\/pwb-brand?post=18575"},{"taxonomy":"product_brand","embeddable":true,"href":"https:\/\/idakorea.ee\/ru\/wp-json\/wp\/v2\/product_brand?post=18575"},{"taxonomy":"product_cat","embeddable":true,"href":"https:\/\/idakorea.ee\/ru\/wp-json\/wp\/v2\/product_cat?post=18575"},{"taxonomy":"product_tag","embeddable":true,"href":"https:\/\/idakorea.ee\/ru\/wp-json\/wp\/v2\/product_tag?post=18575"}],"curies":[{"name":"WP","href":"https:\/\/api.w.org\/{rel}","templated":true}]}}