{"id":1874,"date":"2024-06-04T06:44:52","date_gmt":"2024-06-04T06:44:52","guid":{"rendered":"https:\/\/idakorea.ee\/?post_type=product&#038;p=1874"},"modified":"2026-04-11T05:47:57","modified_gmt":"2026-04-11T03:47:57","slug":"puhastusoli-skin1004-madagascar-centella-light-cleansing-oil-200ml","status":"publish","type":"product","link":"https:\/\/idakorea.ee\/ru\/product\/puhastusoli-skin1004-madagascar-centella-light-cleansing-oil-200ml\/","title":{"rendered":"\u0413\u0438\u0434\u0440\u043e\u0444\u0438\u043b\u044c\u043d\u043e\u0435 \u043c\u0430\u0441\u043b\u043e  SKIN1004 Madagascar Centella Light Cleansing Oil, 200 \u043c\u043b"},"content":{"rendered":"<div class=\"flex flex-grow flex-col max-w-full\">\n<div class=\"min-h-[20px] text-message flex flex-col items-start whitespace-pre-wrap break-words [.text-message+&amp;]:mt-5 juice:w-full juice:items-end overflow-x-auto gap-2\" dir=\"auto\" data-message-author-role=\"assistant\" data-message-id=\"54dce0ed-716e-4fb7-96e8-a349b3dd8473\">\n<div class=\"flex w-full flex-col gap-1 juice:empty:hidden juice:first:pt-[3px]\">\n<div class=\"markdown prose w-full break-words dark:prose-invert light\">\n<p>H\u00fcdrofiilne \u00f5li <strong>SKIN1004 Madagascar Centella Light Cleansing Oil<\/strong> eemaldab mitte ainult meigi ja mustuse, vaid rahustab ja pehmendab ka tundlikku nahka.<\/p>\n<p>Toode eemaldab \u00f5rnalt ka k\u00f5ige pigmenteerituma meigi, puhastab t\u00f5husalt poorid, eemaldades mustuse, liigse rasu ja sarvestunud osakesed ning ennetades nende ummistumist.<\/p>\n<p>\u00d5li emulgeerub kiiresti, absorbeerides naharasu, mis l\u00fchendab pesemisaega. Toode loob nahale n\u00e4htamatu niiskust s\u00e4ilitava barj\u00e4\u00e4ri, mis hoiab \u00e4ra kuivuse ja kiskumistunde p\u00e4rast pesemist.<\/p>\n<p>\u00d5li kerge, peaaegu vesine tekstuur ei muuda nahka raskeks ega j\u00e4ta kleepuvat tunnet, tagades v\u00e4rskendava puhastuse.<\/p>\n<p>Peamiseks toimeaineks on <strong>10% Aasia vesinaba ekstrakt<\/strong>, mis on saadud Madagaskari \u00f6koloogiliselt puhtas piirkonnas kasvavatest taimedest. Madagaskari vesinaba sisaldab 7 korda rohkem asiaticoside\u2019i \u2014 vesinaba derivaat, mis reguleerib vee- ja rasutasakaalu, kiirendab kollageeni ja elastiini kiudude s\u00fcnteesi ning suurendab naha elastsust.<\/p>\n<p>Vesinaba ekstrakt v\u00e4hendab rosaatsead ja ekseemi, tugevdab veresoonte seinu, v\u00f5itleb p\u00f5letikuliste protsessidega, ennetab kapillaaride v\u00f5rgu teket ning v\u00e4hendab reaktsiooni v\u00e4listele \u00e4rritajatele.<\/p>\n<p><strong>Lisakomponendid:<\/strong><\/p>\n<ul>\n<li>P\u00e4evalille\u00f5li muudab naha pehmemaks ja elastsemaks, eemaldab kestenduse ja kuivuse. Silub peeneid kortse, tugevdab kaitsebarj\u00e4\u00e4ri ja ahendab poore.<\/li>\n<li>Oliivi\u00f5li niisutab, v\u00f5itleb kestenduse ja kuivuse vastu, annab loomuliku s\u00e4ra, sisaldab karotenoide ja kasulikke rasvhappeid.<\/li>\n<li>Jojoba\u00f5li toidab intensiivselt, normaliseerib h\u00fcdrolipiidide tasakaalu ja v\u00e4hendab naha rasusust, kuna selle koostis sarnaneb inimese sebumiga. Ennetab pooride ummistumist ja mustpeade teket.<\/li>\n<li>Damaskuse roosi \u00f5li tagab rakkudele antioks\u00fcdantse kaitse, aeglustab vananemisprotsessi ja omab antimikroobset toimet.<\/li>\n<\/ul>\n<p>Sobib k\u00f5igile nahat\u00fc\u00fcpidele.<\/p>\n<p><strong>Kasutusjuhend:<\/strong> Kandke toode kuivale nahale, jaotage ringjate liigutustega 30 sekundi jooksul, seej\u00e4rel niisutage k\u00e4ed veega ja masseerige veel veidi. Loputage sooja veega, j\u00e4tkake hooldust.<\/p>\n<\/div>\n<\/div>\n<\/div>\n<\/div>\n","protected":false},"excerpt":{"rendered":"<p>\u0413\u0438\u0434\u0440\u043e\u0444\u0438\u043b\u044c\u043d\u043e\u0435 \u043c\u0430\u0441\u043b\u043e SKIN1004 Madagascar Centella Light Cleansing Oil \u043d\u0435 \u0442\u043e\u043b\u044c\u043a\u043e \u0443\u0434\u0430\u043b\u044f\u0435\u0442 \u043c\u0430\u043a\u0438\u044f\u0436 \u0438 \u0437\u0430\u0433\u0440\u044f\u0437\u043d\u0435\u043d\u0438\u044f, \u043d\u043e \u0438 \u0443\u0441\u043f\u043e\u043a\u0430\u0438\u0432\u0430\u0435\u0442 \u0438 \u0441\u043c\u044f\u0433\u0447\u0430\u0435\u0442 \u0447\u0443\u0432\u0441\u0442\u0432\u0438\u0442\u0435\u043b\u044c\u043d\u0443\u044e \u043a\u043e\u0436\u0443. \u041e\u043d\u043e \u043c\u044f\u0433\u043a\u043e \u0443\u0434\u0430\u043b\u044f\u0435\u0442 \u0434\u0430\u0436\u0435 \u0441\u0430\u043c\u044b\u0439 \u043f\u0438\u0433\u043c\u0435\u043d\u0442\u0438\u0440\u043e\u0432\u0430\u043d\u043d\u044b\u0439 \u043c\u0430\u043a\u0438\u044f\u0436, \u044d\u0444\u0444\u0435\u043a\u0442\u0438\u0432\u043d\u043e \u043e\u0447\u0438\u0449\u0430\u0435\u0442 \u043f\u043e\u0440\u044b, \u0443\u0434\u0430\u043b\u044f\u044f \u0433\u0440\u044f\u0437\u044c, \u0438\u0437\u043b\u0438\u0448\u043a\u0438 \u043c\u0430\u0441\u043b\u0430 \u0438 \u0447\u0430\u0441\u0442\u0438\u0446\u044b \u043a\u043e\u0436\u043d\u043e\u0433\u043e \u0441\u0430\u043b\u0430, \u0438 \u043f\u0440\u0435\u0434\u043e\u0442\u0432\u0440\u0430\u0449\u0430\u0435\u0442 \u0438\u0445 \u0437\u0430\u043a\u0443\u043f\u043e\u0440\u043a\u0443. \u041c\u0430\u0441\u043b\u043e \u0431\u044b\u0441\u0442\u0440\u043e \u044d\u043c\u0443\u043b\u044c\u0433\u0438\u0440\u0443\u0435\u0442\u0441\u044f, \u0432\u043f\u0438\u0442\u044b\u0432\u0430\u044f \u043a\u043e\u0436\u043d\u044b\u0435 \u0436\u0438\u0440\u044b, \u0447\u0442\u043e \u0441\u043e\u043a\u0440\u0430\u0449\u0430\u0435\u0442 \u0432\u0440\u0435\u043c\u044f \u0443\u043c\u044b\u0432\u0430\u043d\u0438\u044f. \u0421\u0440\u0435\u0434\u0441\u0442\u0432\u043e \u0441\u043e\u0437\u0434\u0430\u0435\u0442 \u043d\u0435\u0432\u0438\u0434\u0438\u043c\u044b\u0439 \u0431\u0430\u0440\u044c\u0435\u0440 \u0432\u043b\u0430\u0436\u043d\u043e\u0441\u0442\u0438.....<\/p>","protected":false},"featured_media":1875,"comment_status":"open","ping_status":"closed","template":"","meta":{"_uf_show_specific_survey":0,"_uf_disable_surveys":false,"_bst_post_transparent":"default","_bst_post_title":"","_bst_post_layout":"default","_bst_post_sidebar_id":"","_bst_post_content_style":"default","_bst_post_vertical_padding":"default","_bst_post_feature":"","_bst_post_feature_position":"","_bst_post_header":false,"_bst_post_footer":false},"pwb-brand":[186],"product_brand":[],"product_cat":[92,452,100],"product_tag":[671,441],"class_list":{"0":"post-1874","1":"product","2":"type-product","3":"status-publish","4":"has-post-thumbnail","6":"pwb-brand-skin1004","7":"product_cat-nagu","8":"product_cat-naopuhastusgeelid","9":"product_cat-puhastusvahendid","10":"product_tag-oil","11":"product_tag-skin1004","13":"first","14":"instock","15":"sale","16":"shipping-taxable","17":"purchasable","18":"product-type-simple","19":"entry","20":"content-bg","21":"loop-entry"},"supplier_id":null,"supplier_sku":"","barcode":null,"atum_controlled":true,"out_stock_date":null,"out_stock_threshold":null,"inheritable":false,"inbound_stock":0,"stock_on_hold":0,"sold_today":0,"sales_last_days":2,"out_stock_days":0,"lost_sales":0,"has_location":false,"update_date":"2026-04-14T12:04:18","atum_locations":[],"atum_stock_status":"instock","restock_status":false,"low_stock_amount":"","sales_update_date":"2026-04-14T12:04:18","calc_backorders":null,"yoast_head":"<!-- This site is optimized with the Yoast SEO plugin v27.2 - https:\/\/yoast.com\/product\/yoast-seo-wordpress\/ -->\n<title>SKIN1004 Madagascar Centella Light Cleansing Oil, 200ml - IDA.KOREA<\/title>\n<meta name=\"description\" content=\"H\u00fcdrofiilne \u00f5li SKIN1004 Madagascar Centella Light Cleansing Oil eemaldab mitte ainult meigi ja mustuse, vaid rahustab ja pehmendab ka tundlikku nahka.\" \/>\n<meta name=\"robots\" content=\"index, follow, max-snippet:-1, max-image-preview:large, max-video-preview:-1\" \/>\n<link rel=\"canonical\" href=\"https:\/\/idakorea.ee\/ru\/product\/puhastusoli-skin1004-madagascar-centella-light-cleansing-oil-200ml\/\" \/>\n<meta property=\"og:locale\" content=\"ru_RU\" \/>\n<meta property=\"og:type\" content=\"article\" \/>\n<meta property=\"og:title\" content=\"SKIN1004 Madagascar Centella Light Cleansing Oil, 200ml - IDA.KOREA\" \/>\n<meta property=\"og:description\" content=\"H\u00fcdrofiilne \u00f5li SKIN1004 Madagascar Centella Light Cleansing Oil eemaldab mitte ainult meigi ja mustuse, vaid rahustab ja pehmendab ka tundlikku nahka.\" \/>\n<meta property=\"og:url\" content=\"https:\/\/idakorea.ee\/ru\/product\/puhastusoli-skin1004-madagascar-centella-light-cleansing-oil-200ml\/\" \/>\n<meta property=\"og:site_name\" content=\"IDA.KOREA\" \/>\n<meta property=\"article:modified_time\" content=\"2026-04-11T03:47:57+00:00\" \/>\n<meta property=\"og:image\" content=\"https:\/\/idakorea.ee\/wp-content\/uploads\/2024\/06\/skin1004-madagascar-centella-light-cleansing-oil-200ml-141099_1000x1000_lisella.jpg\" \/>\n\t<meta property=\"og:image:width\" content=\"1000\" \/>\n\t<meta property=\"og:image:height\" content=\"1000\" \/>\n\t<meta property=\"og:image:type\" content=\"image\/jpeg\" \/>\n<meta name=\"twitter:card\" content=\"summary_large_image\" \/>\n<meta name=\"twitter:label1\" content=\"\u041f\u0440\u0438\u043c\u0435\u0440\u043d\u043e\u0435 \u0432\u0440\u0435\u043c\u044f \u0434\u043b\u044f \u0447\u0442\u0435\u043d\u0438\u044f\" \/>\n\t<meta name=\"twitter:data1\" content=\"2 \u043c\u0438\u043d\u0443\u0442\u044b\" \/>\n<script type=\"application\/ld+json\" class=\"yoast-schema-graph\">{\"@context\":\"https:\/\/schema.org\",\"@graph\":[{\"@type\":\"WebPage\",\"@id\":\"https:\/\/idakorea.ee\/product\/puhastusoli-skin1004-madagascar-centella-light-cleansing-oil-200ml\/\",\"url\":\"https:\/\/idakorea.ee\/product\/puhastusoli-skin1004-madagascar-centella-light-cleansing-oil-200ml\/\",\"name\":\"SKIN1004 Madagascar Centella Light Cleansing Oil, 200ml - IDA.KOREA\",\"isPartOf\":{\"@id\":\"https:\/\/idakorea.ee\/#website\"},\"primaryImageOfPage\":{\"@id\":\"https:\/\/idakorea.ee\/product\/puhastusoli-skin1004-madagascar-centella-light-cleansing-oil-200ml\/#primaryimage\"},\"image\":{\"@id\":\"https:\/\/idakorea.ee\/product\/puhastusoli-skin1004-madagascar-centella-light-cleansing-oil-200ml\/#primaryimage\"},\"thumbnailUrl\":\"https:\/\/idakorea.ee\/wp-content\/uploads\/2024\/06\/skin1004-madagascar-centella-light-cleansing-oil-200ml-141099_1000x1000_lisella.jpg\",\"datePublished\":\"2024-06-04T06:44:52+00:00\",\"dateModified\":\"2026-04-11T03:47:57+00:00\",\"description\":\"H\u00fcdrofiilne \u00f5li SKIN1004 Madagascar Centella Light Cleansing Oil eemaldab mitte ainult meigi ja mustuse, vaid rahustab ja pehmendab ka tundlikku nahka.\",\"breadcrumb\":{\"@id\":\"https:\/\/idakorea.ee\/product\/puhastusoli-skin1004-madagascar-centella-light-cleansing-oil-200ml\/#breadcrumb\"},\"inLanguage\":\"ru-RU\",\"potentialAction\":[{\"@type\":\"ReadAction\",\"target\":[\"https:\/\/idakorea.ee\/product\/puhastusoli-skin1004-madagascar-centella-light-cleansing-oil-200ml\/\"]}]},{\"@type\":\"ImageObject\",\"inLanguage\":\"ru-RU\",\"@id\":\"https:\/\/idakorea.ee\/product\/puhastusoli-skin1004-madagascar-centella-light-cleansing-oil-200ml\/#primaryimage\",\"url\":\"https:\/\/idakorea.ee\/wp-content\/uploads\/2024\/06\/skin1004-madagascar-centella-light-cleansing-oil-200ml-141099_1000x1000_lisella.jpg\",\"contentUrl\":\"https:\/\/idakorea.ee\/wp-content\/uploads\/2024\/06\/skin1004-madagascar-centella-light-cleansing-oil-200ml-141099_1000x1000_lisella.jpg\",\"width\":1000,\"height\":1000},{\"@type\":\"BreadcrumbList\",\"@id\":\"https:\/\/idakorea.ee\/product\/puhastusoli-skin1004-madagascar-centella-light-cleansing-oil-200ml\/#breadcrumb\",\"itemListElement\":[{\"@type\":\"ListItem\",\"position\":1,\"name\":\"\u0413\u043b\u0430\u0432\u043d\u0430\u044f \u0441\u0442\u0440\u0430\u043d\u0438\u0446\u0430\",\"item\":\"https:\/\/idakorea.ee\/\"},{\"@type\":\"ListItem\",\"position\":2,\"name\":\"Shop\",\"item\":\"https:\/\/idakorea.ee\/shop-2\/\"},{\"@type\":\"ListItem\",\"position\":3,\"name\":\"H\u00fcdrofiilne \u00f5li SKIN1004 Madagascar Centella Light Cleansing Oil, 200ml\"}]},{\"@type\":\"WebSite\",\"@id\":\"https:\/\/idakorea.ee\/#website\",\"url\":\"https:\/\/idakorea.ee\/\",\"name\":\"IDA.KOREA\",\"description\":\"Korea kosmeetika e-pood\",\"publisher\":{\"@id\":\"https:\/\/idakorea.ee\/#organization\"},\"alternateName\":\"Beauty Shop\",\"potentialAction\":[{\"@type\":\"SearchAction\",\"target\":{\"@type\":\"EntryPoint\",\"urlTemplate\":\"https:\/\/idakorea.ee\/?s={search_term_string}\"},\"query-input\":{\"@type\":\"PropertyValueSpecification\",\"valueRequired\":true,\"valueName\":\"search_term_string\"}}],\"inLanguage\":\"ru-RU\"},{\"@type\":\"Organization\",\"@id\":\"https:\/\/idakorea.ee\/#organization\",\"name\":\"IDA.KOREA\",\"url\":\"https:\/\/idakorea.ee\/\",\"logo\":{\"@type\":\"ImageObject\",\"inLanguage\":\"ru-RU\",\"@id\":\"https:\/\/idakorea.ee\/#\/schema\/logo\/image\/\",\"url\":\"https:\/\/idakorea.ee\/wp-content\/uploads\/2024\/05\/cropped-korea3.png\",\"contentUrl\":\"https:\/\/idakorea.ee\/wp-content\/uploads\/2024\/05\/cropped-korea3.png\",\"width\":688,\"height\":126,\"caption\":\"IDA.KOREA\"},\"image\":{\"@id\":\"https:\/\/idakorea.ee\/#\/schema\/logo\/image\/\"},\"sameAs\":[\"https:\/\/www.instagram.com\/ida.korea\/\"]}]}<\/script>\n<!-- \/ Yoast SEO plugin. -->","yoast_head_json":{"title":"SKIN1004 \u041b\u0435\u0433\u043a\u043e\u0435 \u043e\u0447\u0438\u0449\u0430\u044e\u0449\u0435\u0435 \u043c\u0430\u0441\u043b\u043e \u0446\u0435\u043d\u0442\u0435\u043b\u043b\u044b \u043c\u0430\u0434\u0430\u0433\u0430\u0441\u043a\u0430\u0440\u0441\u043a\u043e\u0439, 200 \u043c\u043b - IDA.KOREA","description":"\u0413\u0438\u0434\u0440\u043e\u0444\u0438\u043b\u044c\u043d\u043e\u0435 \u043c\u0430\u0441\u043b\u043e SKIN1004 Madagascar Centella Light Cleansing Oil \u043d\u0435 \u0442\u043e\u043b\u044c\u043a\u043e \u0443\u0434\u0430\u043b\u044f\u0435\u0442 \u043c\u0430\u043a\u0438\u044f\u0436 \u0438 \u0437\u0430\u0433\u0440\u044f\u0437\u043d\u0435\u043d\u0438\u044f, \u043d\u043e \u0438 \u0443\u0441\u043f\u043e\u043a\u0430\u0438\u0432\u0430\u0435\u0442 \u0438 \u0441\u043c\u044f\u0433\u0447\u0430\u0435\u0442 \u0447\u0443\u0432\u0441\u0442\u0432\u0438\u0442\u0435\u043b\u044c\u043d\u0443\u044e \u043a\u043e\u0436\u0443.","robots":{"index":"index","follow":"follow","max-snippet":"max-snippet:-1","max-image-preview":"max-image-preview:large","max-video-preview":"max-video-preview:-1"},"canonical":"https:\/\/idakorea.ee\/ru\/product\/puhastusoli-skin1004-madagascar-centella-light-cleansing-oil-200ml\/","og_locale":"ru_RU","og_type":"article","og_title":"SKIN1004 Madagascar Centella Light Cleansing Oil, 200ml - IDA.KOREA","og_description":"H\u00fcdrofiilne \u00f5li SKIN1004 Madagascar Centella Light Cleansing Oil eemaldab mitte ainult meigi ja mustuse, vaid rahustab ja pehmendab ka tundlikku nahka.","og_url":"https:\/\/idakorea.ee\/ru\/product\/puhastusoli-skin1004-madagascar-centella-light-cleansing-oil-200ml\/","og_site_name":"IDA.KOREA","article_modified_time":"2026-04-11T03:47:57+00:00","og_image":[{"width":1000,"height":1000,"url":"https:\/\/idakorea.ee\/wp-content\/uploads\/2024\/06\/skin1004-madagascar-centella-light-cleansing-oil-200ml-141099_1000x1000_lisella.jpg","type":"image\/jpeg"}],"twitter_card":"summary_large_image","twitter_misc":{"\u041f\u0440\u0438\u043c\u0435\u0440\u043d\u043e\u0435 \u0432\u0440\u0435\u043c\u044f \u0434\u043b\u044f \u0447\u0442\u0435\u043d\u0438\u044f":"2 \u043c\u0438\u043d\u0443\u0442\u044b"},"schema":{"@context":"https:\/\/schema.org","@graph":[{"@type":"WebPage","@id":"https:\/\/idakorea.ee\/product\/puhastusoli-skin1004-madagascar-centella-light-cleansing-oil-200ml\/","url":"https:\/\/idakorea.ee\/product\/puhastusoli-skin1004-madagascar-centella-light-cleansing-oil-200ml\/","name":"SKIN1004 \u041b\u0435\u0433\u043a\u043e\u0435 \u043e\u0447\u0438\u0449\u0430\u044e\u0449\u0435\u0435 \u043c\u0430\u0441\u043b\u043e \u0446\u0435\u043d\u0442\u0435\u043b\u043b\u044b \u043c\u0430\u0434\u0430\u0433\u0430\u0441\u043a\u0430\u0440\u0441\u043a\u043e\u0439, 200 \u043c\u043b - IDA.KOREA","isPartOf":{"@id":"https:\/\/idakorea.ee\/#website"},"primaryImageOfPage":{"@id":"https:\/\/idakorea.ee\/product\/puhastusoli-skin1004-madagascar-centella-light-cleansing-oil-200ml\/#primaryimage"},"image":{"@id":"https:\/\/idakorea.ee\/product\/puhastusoli-skin1004-madagascar-centella-light-cleansing-oil-200ml\/#primaryimage"},"thumbnailUrl":"https:\/\/idakorea.ee\/wp-content\/uploads\/2024\/06\/skin1004-madagascar-centella-light-cleansing-oil-200ml-141099_1000x1000_lisella.jpg","datePublished":"2024-06-04T06:44:52+00:00","dateModified":"2026-04-11T03:47:57+00:00","description":"\u0413\u0438\u0434\u0440\u043e\u0444\u0438\u043b\u044c\u043d\u043e\u0435 \u043c\u0430\u0441\u043b\u043e SKIN1004 Madagascar Centella Light Cleansing Oil \u043d\u0435 \u0442\u043e\u043b\u044c\u043a\u043e \u0443\u0434\u0430\u043b\u044f\u0435\u0442 \u043c\u0430\u043a\u0438\u044f\u0436 \u0438 \u0437\u0430\u0433\u0440\u044f\u0437\u043d\u0435\u043d\u0438\u044f, \u043d\u043e \u0438 \u0443\u0441\u043f\u043e\u043a\u0430\u0438\u0432\u0430\u0435\u0442 \u0438 \u0441\u043c\u044f\u0433\u0447\u0430\u0435\u0442 \u0447\u0443\u0432\u0441\u0442\u0432\u0438\u0442\u0435\u043b\u044c\u043d\u0443\u044e \u043a\u043e\u0436\u0443.","breadcrumb":{"@id":"https:\/\/idakorea.ee\/product\/puhastusoli-skin1004-madagascar-centella-light-cleansing-oil-200ml\/#breadcrumb"},"inLanguage":"ru-RU","potentialAction":[{"@type":"ReadAction","target":["https:\/\/idakorea.ee\/product\/puhastusoli-skin1004-madagascar-centella-light-cleansing-oil-200ml\/"]}]},{"@type":"ImageObject","inLanguage":"ru-RU","@id":"https:\/\/idakorea.ee\/product\/puhastusoli-skin1004-madagascar-centella-light-cleansing-oil-200ml\/#primaryimage","url":"https:\/\/idakorea.ee\/wp-content\/uploads\/2024\/06\/skin1004-madagascar-centella-light-cleansing-oil-200ml-141099_1000x1000_lisella.jpg","contentUrl":"https:\/\/idakorea.ee\/wp-content\/uploads\/2024\/06\/skin1004-madagascar-centella-light-cleansing-oil-200ml-141099_1000x1000_lisella.jpg","width":1000,"height":1000},{"@type":"BreadcrumbList","@id":"https:\/\/idakorea.ee\/product\/puhastusoli-skin1004-madagascar-centella-light-cleansing-oil-200ml\/#breadcrumb","itemListElement":[{"@type":"ListItem","position":1,"name":"\u0413\u043b\u0430\u0432\u043d\u0430\u044f \u0441\u0442\u0440\u0430\u043d\u0438\u0446\u0430","item":"https:\/\/idakorea.ee\/"},{"@type":"ListItem","position":2,"name":"Shop","item":"https:\/\/idakorea.ee\/shop-2\/"},{"@type":"ListItem","position":3,"name":"H\u00fcdrofiilne \u00f5li SKIN1004 Madagascar Centella Light Cleansing Oil, 200ml"}]},{"@type":"WebSite","@id":"https:\/\/idakorea.ee\/#website","url":"https:\/\/idakorea.ee\/","name":"\u0418\u0414\u0410.\u041a\u041e\u0420\u0415\u042f","description":"\u0418\u043d\u0442\u0435\u0440\u043d\u0435\u0442-\u043c\u0430\u0433\u0430\u0437\u0438\u043d \u043a\u043e\u0440\u0435\u0439\u0441\u043a\u043e\u0439 \u043a\u043e\u0441\u043c\u0435\u0442\u0438\u043a\u0438","publisher":{"@id":"https:\/\/idakorea.ee\/#organization"},"alternateName":"Beauty Shop","potentialAction":[{"@type":"SearchAction","target":{"@type":"EntryPoint","urlTemplate":"https:\/\/idakorea.ee\/?s={search_term_string}"},"query-input":{"@type":"PropertyValueSpecification","valueRequired":true,"valueName":"search_term_string"}}],"inLanguage":"ru-RU"},{"@type":"Organization","@id":"https:\/\/idakorea.ee\/#organization","name":"\u0418\u0414\u0410.\u041a\u041e\u0420\u0415\u042f","url":"https:\/\/idakorea.ee\/","logo":{"@type":"ImageObject","inLanguage":"ru-RU","@id":"https:\/\/idakorea.ee\/#\/schema\/logo\/image\/","url":"https:\/\/idakorea.ee\/wp-content\/uploads\/2024\/05\/cropped-korea3.png","contentUrl":"https:\/\/idakorea.ee\/wp-content\/uploads\/2024\/05\/cropped-korea3.png","width":688,"height":126,"caption":"IDA.KOREA"},"image":{"@id":"https:\/\/idakorea.ee\/#\/schema\/logo\/image\/"},"sameAs":["https:\/\/www.instagram.com\/ida.korea\/"]}]}},"jetpack_sharing_enabled":true,"brands":[{"id":186,"name":"SKIN1004","slug":"skin1004"}],"_links":{"self":[{"href":"https:\/\/idakorea.ee\/ru\/wp-json\/wp\/v2\/product\/1874","targetHints":{"allow":["GET"]}}],"collection":[{"href":"https:\/\/idakorea.ee\/ru\/wp-json\/wp\/v2\/product"}],"about":[{"href":"https:\/\/idakorea.ee\/ru\/wp-json\/wp\/v2\/types\/product"}],"replies":[{"embeddable":true,"href":"https:\/\/idakorea.ee\/ru\/wp-json\/wp\/v2\/comments?post=1874"}],"version-history":[{"count":3,"href":"https:\/\/idakorea.ee\/ru\/wp-json\/wp\/v2\/product\/1874\/revisions"}],"predecessor-version":[{"id":13517,"href":"https:\/\/idakorea.ee\/ru\/wp-json\/wp\/v2\/product\/1874\/revisions\/13517"}],"wp:featuredmedia":[{"embeddable":true,"href":"https:\/\/idakorea.ee\/ru\/wp-json\/wp\/v2\/media\/1875"}],"wp:attachment":[{"href":"https:\/\/idakorea.ee\/ru\/wp-json\/wp\/v2\/media?parent=1874"}],"wp:term":[{"taxonomy":"pwb-brand","embeddable":true,"href":"https:\/\/idakorea.ee\/ru\/wp-json\/wp\/v2\/pwb-brand?post=1874"},{"taxonomy":"product_brand","embeddable":true,"href":"https:\/\/idakorea.ee\/ru\/wp-json\/wp\/v2\/product_brand?post=1874"},{"taxonomy":"product_cat","embeddable":true,"href":"https:\/\/idakorea.ee\/ru\/wp-json\/wp\/v2\/product_cat?post=1874"},{"taxonomy":"product_tag","embeddable":true,"href":"https:\/\/idakorea.ee\/ru\/wp-json\/wp\/v2\/product_tag?post=1874"}],"curies":[{"name":"WP","href":"https:\/\/api.w.org\/{rel}","templated":true}]}}