{"id":1993,"date":"2024-06-05T11:23:28","date_gmt":"2024-06-05T11:23:28","guid":{"rendered":"https:\/\/idakorea.ee\/?post_type=product&#038;p=1993"},"modified":"2026-04-13T20:27:26","modified_gmt":"2026-04-13T18:27:26","slug":"ahc-premier-ampoule-in-eye-cream-6-collagen","status":"publish","type":"product","link":"https:\/\/idakorea.ee\/ru\/product\/ahc-premier-ampoule-in-eye-cream-6-collagen\/","title":{"rendered":"\u041a\u0440\u0435\u043c \u0434\u043b\u044f \u0432\u0435\u043a AHC Premier Ampoule In Eye Cream 6 Collagen"},"content":{"rendered":"<p>\u0410\u043d\u0442\u0438\u0432\u043e\u0437\u0440\u0430\u0441\u0442\u043d\u043e\u0439 \u043a\u0440\u0435\u043c \u0434\u043b\u044f \u043a\u043e\u0436\u0438 \u0432\u043e\u043a\u0440\u0443\u0433 \u0433\u043b\u0430\u0437 \u0438 \u043b\u0438\u0446\u0430, \u0441\u043e\u0434\u0435\u0440\u0436\u0438\u0442 6 \u0432\u0438\u0434\u043e\u0432 \u043a\u043e\u043b\u043b\u0430\u0433\u0435\u043d\u0430, \u0430\u043d\u0442\u0438\u0432\u043e\u0437\u0440\u0430\u0441\u0442\u043d\u043e\u0439, \u0432\u043e\u0437\u0434\u0435\u0439\u0441\u0442\u0432\u0443\u0435\u0442 \u043d\u0430 \u043f\u0435\u0440\u0432\u044b\u0435 \u043f\u0440\u0438\u0437\u043d\u0430\u043a\u0438 \u0441\u0442\u0430\u0440\u0435\u043d\u0438\u044f, \u043e\u0431\u043b\u0430\u0434\u0430\u0435\u0442 \u0430\u043d\u0442\u0438\u043e\u043a\u0441\u0438\u0434\u0430\u043d\u0442\u043d\u044b\u043c\u0438 \u0441\u0432\u043e\u0439\u0441\u0442\u0432\u0430\u043c\u0438, \u0443\u0432\u043b\u0430\u0436\u043d\u044f\u0435\u0442, \u043f\u043e\u0432\u044b\u0448\u0430\u0435\u0442 \u044d\u043b\u0430\u0441\u0442\u0438\u0447\u043d\u043e\u0441\u0442\u044c \u043a\u043e\u0436\u0438, \u0443\u0441\u0442\u0440\u0430\u043d\u044f\u0435\u0442 \u0442\u0435\u043c\u043d\u044b\u0435 \u043a\u0440\u0443\u0433\u0438.<\/p>\n<ul>\n<li>\u041f\u0435\u043f\u0442\u0438\u0434\u043d\u044b\u0439 \u043a\u043e\u043c\u043f\u043b\u0435\u043a\u0441 \u043f\u0440\u0438\u0434\u0430\u0435\u0442 \u043a\u043e\u0436\u0435 \u0443\u043f\u0440\u0443\u0433\u043e\u0441\u0442\u044c \u0438 \u044d\u043b\u0430\u0441\u0442\u0438\u0447\u043d\u043e\u0441\u0442\u044c, \u043e\u0442\u0432\u0435\u0447\u0430\u0435\u0442 \u0437\u0430 \u043d\u0435\u043f\u0440\u0435\u0440\u044b\u0432\u043d\u0443\u044e \u0440\u0435\u0433\u0435\u043d\u0435\u0440\u0430\u0446\u0438\u044e \u0438 \u043e\u0431\u043d\u043e\u0432\u043b\u0435\u043d\u0438\u0435 \u043a\u043b\u0435\u0442\u043e\u043a, \u043e\u043a\u0430\u0437\u044b\u0432\u0430\u0435\u0442 \u0433\u043b\u0443\u0431\u043e\u043a\u043e\u0435 \u0430\u043d\u0442\u0438\u0432\u043e\u0437\u0440\u0430\u0441\u0442\u043d\u043e\u0435 \u0434\u0435\u0439\u0441\u0442\u0432\u0438\u0435, \u0443\u043c\u0435\u043d\u044c\u0448\u0430\u0435\u0442 \u0432\u0438\u0434\u0438\u043c\u043e\u0441\u0442\u044c \u043c\u043e\u0440\u0449\u0438\u043d \u0438 \u043f\u0440\u0435\u0434\u043e\u0442\u0432\u0440\u0430\u0449\u0430\u0435\u0442 \u043e\u0431\u0440\u0430\u0437\u043e\u0432\u0430\u043d\u0438\u0435 \u043d\u043e\u0432\u044b\u0445.<\/li>\n<li>\u0413\u0438\u0430\u043b\u0443\u0440\u043e\u043d\u043e\u0432\u0430\u044f \u043a\u0438\u0441\u043b\u043e\u0442\u0430 \u043f\u0440\u043e\u043d\u0438\u043a\u0430\u0435\u0442 \u0432 \u0433\u043b\u0443\u0431\u043e\u043a\u0438\u0435 \u0441\u043b\u043e\u0438 \u043a\u043e\u0436\u0438, \u0430\u043a\u0442\u0438\u0432\u043d\u043e \u0443\u0432\u043b\u0430\u0436\u043d\u044f\u0435\u0442 \u043a\u043b\u0435\u0442\u043a\u0438, \u0441\u043f\u043e\u0441\u043e\u0431\u0441\u0442\u0432\u0443\u0435\u0442 \u0443\u0434\u0435\u0440\u0436\u0430\u043d\u0438\u044e \u0432\u043b\u0430\u0433\u0438.<\/li>\n<li>\u041a\u043e\u043b\u043b\u0430\u0433\u0435\u043d \u04225 (\u043e\u0441\u043d\u043e\u0432\u043d\u043e\u0439 \u043a\u043e\u043b\u043b\u0430\u0433\u0435\u043d) \u0438 \u043a\u043e\u043b\u043b\u0430\u0433\u0435\u043d \u042217, \u0430\u043d\u0430\u043b\u043e\u0433\u0438\u0447\u043d\u044b\u0439 \u043a\u043e\u043b\u043b\u0430\u0433\u0435\u043d\u0443 \u0432 \u043e\u0440\u0433\u0430\u043d\u0438\u0437\u043c\u0435 \u0447\u0435\u043b\u043e\u0432\u0435\u043a\u0430, \u0432\u043e\u0441\u0441\u0442\u0430\u043d\u0430\u0432\u043b\u0438\u0432\u0430\u0435\u0442 \u0441\u0442\u0440\u0443\u043a\u0442\u0443\u0440\u0443 \u043a\u043e\u0436\u0438 \u0438\u0437\u043d\u0443\u0442\u0440\u0438, \u0443\u043a\u0440\u0435\u043f\u043b\u044f\u0435\u0442 \u0441\u0442\u0435\u043d\u043a\u0438 \u043a\u043b\u0435\u0442\u043e\u043a, \u0443\u043b\u0443\u0447\u0448\u0430\u0435\u0442 \u0431\u0435\u043b\u043a\u043e\u0432\u044b\u0439 \u043e\u0431\u043c\u0435\u043d, \u0440\u0430\u0437\u0433\u043b\u0430\u0436\u0438\u0432\u0430\u0435\u0442 \u043c\u043e\u0440\u0449\u0438\u043d\u044b \u0438 \u043c\u0435\u043b\u043a\u0438\u0435 \u043c\u043e\u0440\u0449\u0438\u043d\u043a\u0438.<\/li>\n<\/ul>\n<p><strong>\u0421\u043f\u043e\u0441\u043e\u0431 \u043f\u0440\u0438\u043c\u0435\u043d\u0435\u043d\u0438\u044f:\u00a0<\/strong>\u041d\u0430\u043d\u0435\u0441\u0438\u0442\u0435 \u043d\u0435\u043e\u0431\u0445\u043e\u0434\u0438\u043c\u043e\u0435 \u043a\u043e\u043b\u0438\u0447\u0435\u0441\u0442\u0432\u043e \u043a\u0440\u0435\u043c\u0430 \u043d\u0430 \u0432\u0435\u043a\u0438 \u0438 \u043b\u0438\u0446\u043e \u0438 \u043c\u044f\u0433\u043a\u043e \u0440\u0430\u0441\u043f\u0440\u0435\u0434\u0435\u043b\u0438\u0442\u0435 \u043f\u043e \u043a\u043e\u0436\u0435 \u0434\u043e \u043f\u043e\u043b\u043d\u043e\u0433\u043e \u0432\u043f\u0438\u0442\u044b\u0432\u0430\u043d\u0438\u044f. \u0418\u0441\u043f\u043e\u043b\u044c\u0437\u0443\u0439\u0442\u0435 \u043f\u043e\u0441\u043b\u0435 \u043e\u0447\u0438\u0449\u0435\u043d\u0438\u044f \u0438 \u0442\u043e\u043d\u0438\u0437\u0438\u0440\u043e\u0432\u0430\u043d\u0438\u044f \u0443\u0442\u0440\u043e\u043c \u0438 \u0432\u0435\u0447\u0435\u0440\u043e\u043c.<\/p>","protected":false},"excerpt":{"rendered":"<p>\u0410\u043d\u0442\u0438\u0432\u043e\u0437\u0440\u0430\u0441\u0442\u043d\u043e\u0439 \u043a\u0440\u0435\u043c \u0434\u043b\u044f \u043e\u0431\u043b\u0430\u0441\u0442\u0438 \u0432\u043e\u043a\u0440\u0443\u0433 \u0433\u043b\u0430\u0437 \u0438 \u043b\u0438\u0446\u0430, \u0441\u043e\u0434\u0435\u0440\u0436\u0438\u0442 6 \u0432\u0438\u0434\u043e\u0432 \u043a\u043e\u043b\u043b\u0430\u0433\u0435\u043d\u0430, \u0430\u043d\u0442\u0438\u0432\u043e\u0437\u0440\u0430\u0441\u0442\u043d\u043e\u0439, \u0432\u043e\u0437\u0434\u0435\u0439\u0441\u0442\u0432\u0443\u0435\u0442 \u043d\u0430 \u043f\u0435\u0440\u0432\u044b\u0435 \u043f\u0440\u0438\u0437\u043d\u0430\u043a\u0438 \u0441\u0442\u0430\u0440\u0435\u043d\u0438\u044f, \u043e\u0431\u043b\u0430\u0434\u0430\u0435\u0442 \u0430\u043d\u0442\u0438\u043e\u043a\u0441\u0438\u0434\u0430\u043d\u0442\u043d\u044b\u043c\u0438 \u0441\u0432\u043e\u0439\u0441\u0442\u0432\u0430\u043c\u0438, \u0443\u0432\u043b\u0430\u0436\u043d\u044f\u0435\u0442, \u043f\u043e\u0432\u044b\u0448\u0430\u0435\u0442 \u044d\u043b\u0430\u0441\u0442\u0438\u0447\u043d\u043e\u0441\u0442\u044c \u043a\u043e\u0436\u0438, \u0443\u0441\u0442\u0440\u0430\u043d\u044f\u0435\u0442 \u0442\u0435\u043c\u043d\u044b\u0435 \u043a\u0440\u0443\u0433\u0438. \u041f\u0435\u043f\u0442\u0438\u0434\u043d\u044b\u0439 \u043a\u043e\u043c\u043f\u043b\u0435\u043a\u0441 \u0434\u0435\u043b\u0430\u0435\u0442 \u043a\u043e\u0436\u0443 \u0443\u043f\u0440\u0443\u0433\u043e\u0439 \u0438 \u044d\u043b\u0430\u0441\u0442\u0438\u0447\u043d\u043e\u0439, \u043e\u0442\u0432\u0435\u0447\u0430\u0435\u0442 \u0437\u0430 \u043d\u0435\u043f\u0440\u0435\u0440\u044b\u0432\u043d\u0443\u044e \u0440\u0435\u0433\u0435\u043d\u0435\u0440\u0430\u0446\u0438\u044e \u0438 \u043e\u0431\u043d\u043e\u0432\u043b\u0435\u043d\u0438\u0435 \u043a\u043b\u0435\u0442\u043e\u043a, \u043e\u043a\u0430\u0437\u044b\u0432\u0430\u0435\u0442 \u0433\u043b\u0443\u0431\u043e\u043a\u043e\u0435 \u0430\u043d\u0442\u0438\u0432\u043e\u0437\u0440\u0430\u0441\u0442\u043d\u043e\u0435 \u0434\u0435\u0439\u0441\u0442\u0432\u0438\u0435, \u0443\u043c\u0435\u043d\u044c\u0448\u0430\u0435\u0442 \u0432\u0438\u0434\u0438\u043c\u043e\u0441\u0442\u044c \u043c\u043e\u0440\u0449\u0438\u043d \u0438 \u043f\u0440\u0435\u0434\u043e\u0442\u0432\u0440\u0430\u0449\u0430\u0435\u0442 \u043e\u0431\u0440\u0430\u0437\u043e\u0432\u0430\u043d\u0438\u0435 \u043d\u043e\u0432\u044b\u0445. \u0413\u0438\u0430\u043b\u0443\u0440\u043e\u043d\u043e\u0432\u0430\u044f \u043a\u0438\u0441\u043b\u043e\u0442\u0430 \u043f\u0440\u043e\u043d\u0438\u043a\u0430\u0435\u0442 \u0432 \u0433\u043b\u0443\u0431\u043e\u043a\u0438\u0435 \u0441\u043b\u043e\u0438 \u043a\u043e\u0436\u0438,...<\/p>","protected":false},"featured_media":1996,"comment_status":"open","ping_status":"closed","template":"","meta":{"_uf_show_specific_survey":0,"_uf_disable_surveys":false,"_bst_post_transparent":"default","_bst_post_title":"","_bst_post_layout":"default","_bst_post_sidebar_id":"","_bst_post_content_style":"default","_bst_post_vertical_padding":"default","_bst_post_feature":"","_bst_post_feature_position":"","_bst_post_header":false,"_bst_post_footer":false},"pwb-brand":[236],"product_brand":[],"product_cat":[92,99,201],"product_tag":[233,202],"class_list":{"0":"post-1993","1":"product","2":"type-product","3":"status-publish","4":"has-post-thumbnail","6":"pwb-brand-ahc","7":"product_cat-nagu","8":"product_cat-silmad-ja-huuled-2","9":"product_cat-silmakreem","10":"product_tag-internet-pood-eesti","11":"product_tag-korea-kosmeetika","13":"first","14":"instock","15":"sale","16":"shipping-taxable","17":"purchasable","18":"product-type-variable","19":"has-default-attributes","20":"entry","21":"content-bg","22":"loop-entry"},"supplier_id":null,"supplier_sku":"","barcode":null,"atum_controlled":true,"out_stock_date":null,"out_stock_threshold":null,"inheritable":true,"inbound_stock":0,"stock_on_hold":0,"sold_today":0,"sales_last_days":1,"out_stock_days":0,"lost_sales":0,"has_location":false,"update_date":"2026-04-14T09:21:51","atum_locations":[],"atum_stock_status":"instock","restock_status":false,"low_stock_amount":"","sales_update_date":"2026-04-14T00:05:14","calc_backorders":null,"yoast_head":"<!-- This site is optimized with the Yoast SEO plugin v27.2 - https:\/\/yoast.com\/product\/yoast-seo-wordpress\/ -->\n<title>AHC Premier Ampoule In Eye Cream 6 Collagen - IDA.KOREA<\/title>\n<meta name=\"description\" content=\"Vananemisvastane kreem silmade ja n\u00e4o piirkonnale, omab antioks\u00fcdantseid omadusi, niisutab, suurendab naha elastsust, k\u00f5rvaldab tumedad ringid.\" \/>\n<meta name=\"robots\" content=\"index, follow, max-snippet:-1, max-image-preview:large, max-video-preview:-1\" \/>\n<link rel=\"canonical\" href=\"https:\/\/idakorea.ee\/ru\/product\/ahc-premier-ampoule-in-eye-cream-6-collagen\/\" \/>\n<meta property=\"og:locale\" content=\"ru_RU\" \/>\n<meta property=\"og:type\" content=\"article\" \/>\n<meta property=\"og:title\" content=\"AHC Premier Ampoule In Eye Cream 6 Collagen - IDA.KOREA\" \/>\n<meta property=\"og:description\" content=\"Vananemisvastane kreem silmade ja n\u00e4o piirkonnale, omab antioks\u00fcdantseid omadusi, niisutab, suurendab naha elastsust, k\u00f5rvaldab tumedad ringid.\" \/>\n<meta property=\"og:url\" content=\"https:\/\/idakorea.ee\/ru\/product\/ahc-premier-ampoule-in-eye-cream-6-collagen\/\" \/>\n<meta property=\"og:site_name\" content=\"IDA.KOREA\" \/>\n<meta property=\"article:modified_time\" content=\"2026-04-13T18:27:26+00:00\" \/>\n<meta property=\"og:image\" content=\"https:\/\/idakorea.ee\/wp-content\/uploads\/2024\/06\/AHC-Premier-Ampoule-In-Eye-Cream-6-Collagen.jpg\" \/>\n\t<meta property=\"og:image:width\" content=\"1000\" \/>\n\t<meta property=\"og:image:height\" content=\"1000\" \/>\n\t<meta property=\"og:image:type\" content=\"image\/jpeg\" \/>\n<meta name=\"twitter:card\" content=\"summary_large_image\" \/>\n<meta name=\"twitter:label1\" content=\"\u041f\u0440\u0438\u043c\u0435\u0440\u043d\u043e\u0435 \u0432\u0440\u0435\u043c\u044f \u0434\u043b\u044f \u0447\u0442\u0435\u043d\u0438\u044f\" \/>\n\t<meta name=\"twitter:data1\" content=\"1 \u043c\u0438\u043d\u0443\u0442\u0430\" \/>\n<script type=\"application\/ld+json\" class=\"yoast-schema-graph\">{\"@context\":\"https:\/\/schema.org\",\"@graph\":[{\"@type\":\"WebPage\",\"@id\":\"https:\/\/idakorea.ee\/product\/ahc-premier-ampoule-in-eye-cream-6-collagen\/\",\"url\":\"https:\/\/idakorea.ee\/product\/ahc-premier-ampoule-in-eye-cream-6-collagen\/\",\"name\":\"AHC Premier Ampoule In Eye Cream 6 Collagen - IDA.KOREA\",\"isPartOf\":{\"@id\":\"https:\/\/idakorea.ee\/#website\"},\"primaryImageOfPage\":{\"@id\":\"https:\/\/idakorea.ee\/product\/ahc-premier-ampoule-in-eye-cream-6-collagen\/#primaryimage\"},\"image\":{\"@id\":\"https:\/\/idakorea.ee\/product\/ahc-premier-ampoule-in-eye-cream-6-collagen\/#primaryimage\"},\"thumbnailUrl\":\"https:\/\/idakorea.ee\/wp-content\/uploads\/2024\/06\/AHC-Premier-Ampoule-In-Eye-Cream-6-Collagen.jpg\",\"datePublished\":\"2024-06-05T11:23:28+00:00\",\"dateModified\":\"2026-04-13T18:27:26+00:00\",\"description\":\"Vananemisvastane kreem silmade ja n\u00e4o piirkonnale, omab antioks\u00fcdantseid omadusi, niisutab, suurendab naha elastsust, k\u00f5rvaldab tumedad ringid.\",\"breadcrumb\":{\"@id\":\"https:\/\/idakorea.ee\/product\/ahc-premier-ampoule-in-eye-cream-6-collagen\/#breadcrumb\"},\"inLanguage\":\"ru-RU\",\"potentialAction\":[{\"@type\":\"ReadAction\",\"target\":[\"https:\/\/idakorea.ee\/product\/ahc-premier-ampoule-in-eye-cream-6-collagen\/\"]}]},{\"@type\":\"ImageObject\",\"inLanguage\":\"ru-RU\",\"@id\":\"https:\/\/idakorea.ee\/product\/ahc-premier-ampoule-in-eye-cream-6-collagen\/#primaryimage\",\"url\":\"https:\/\/idakorea.ee\/wp-content\/uploads\/2024\/06\/AHC-Premier-Ampoule-In-Eye-Cream-6-Collagen.jpg\",\"contentUrl\":\"https:\/\/idakorea.ee\/wp-content\/uploads\/2024\/06\/AHC-Premier-Ampoule-In-Eye-Cream-6-Collagen.jpg\",\"width\":1000,\"height\":1000},{\"@type\":\"BreadcrumbList\",\"@id\":\"https:\/\/idakorea.ee\/product\/ahc-premier-ampoule-in-eye-cream-6-collagen\/#breadcrumb\",\"itemListElement\":[{\"@type\":\"ListItem\",\"position\":1,\"name\":\"\u0413\u043b\u0430\u0432\u043d\u0430\u044f \u0441\u0442\u0440\u0430\u043d\u0438\u0446\u0430\",\"item\":\"https:\/\/idakorea.ee\/\"},{\"@type\":\"ListItem\",\"position\":2,\"name\":\"Shop\",\"item\":\"https:\/\/idakorea.ee\/shop-2\/\"},{\"@type\":\"ListItem\",\"position\":3,\"name\":\"Silmakreem AHC Premier Ampoule In Eye Cream 6 Collagen\"}]},{\"@type\":\"WebSite\",\"@id\":\"https:\/\/idakorea.ee\/#website\",\"url\":\"https:\/\/idakorea.ee\/\",\"name\":\"IDA.KOREA\",\"description\":\"Korea kosmeetika e-pood\",\"publisher\":{\"@id\":\"https:\/\/idakorea.ee\/#organization\"},\"alternateName\":\"Beauty Shop\",\"potentialAction\":[{\"@type\":\"SearchAction\",\"target\":{\"@type\":\"EntryPoint\",\"urlTemplate\":\"https:\/\/idakorea.ee\/?s={search_term_string}\"},\"query-input\":{\"@type\":\"PropertyValueSpecification\",\"valueRequired\":true,\"valueName\":\"search_term_string\"}}],\"inLanguage\":\"ru-RU\"},{\"@type\":\"Organization\",\"@id\":\"https:\/\/idakorea.ee\/#organization\",\"name\":\"IDA.KOREA\",\"url\":\"https:\/\/idakorea.ee\/\",\"logo\":{\"@type\":\"ImageObject\",\"inLanguage\":\"ru-RU\",\"@id\":\"https:\/\/idakorea.ee\/#\/schema\/logo\/image\/\",\"url\":\"https:\/\/idakorea.ee\/wp-content\/uploads\/2024\/05\/cropped-korea3.png\",\"contentUrl\":\"https:\/\/idakorea.ee\/wp-content\/uploads\/2024\/05\/cropped-korea3.png\",\"width\":688,\"height\":126,\"caption\":\"IDA.KOREA\"},\"image\":{\"@id\":\"https:\/\/idakorea.ee\/#\/schema\/logo\/image\/\"},\"sameAs\":[\"https:\/\/www.instagram.com\/ida.korea\/\"]}]}<\/script>\n<!-- \/ Yoast SEO plugin. -->","yoast_head_json":{"title":"AHC Premier Ampoule In Eye Cream 6 Collagen - IDA.KOREA","description":"\u0410\u043d\u0442\u0438\u0432\u043e\u0437\u0440\u0430\u0441\u0442\u043d\u043e\u0439 \u043a\u0440\u0435\u043c \u0434\u043b\u044f \u043a\u043e\u0436\u0438 \u0432\u043e\u043a\u0440\u0443\u0433 \u0433\u043b\u0430\u0437 \u0438 \u043b\u0438\u0446\u0430, \u043e\u0431\u043b\u0430\u0434\u0430\u0435\u0442 \u0430\u043d\u0442\u0438\u043e\u043a\u0441\u0438\u0434\u0430\u043d\u0442\u043d\u044b\u043c\u0438 \u0441\u0432\u043e\u0439\u0441\u0442\u0432\u0430\u043c\u0438, \u0443\u0432\u043b\u0430\u0436\u043d\u044f\u0435\u0442, \u043f\u043e\u0432\u044b\u0448\u0430\u0435\u0442 \u044d\u043b\u0430\u0441\u0442\u0438\u0447\u043d\u043e\u0441\u0442\u044c \u043a\u043e\u0436\u0438, \u0443\u0441\u0442\u0440\u0430\u043d\u044f\u0435\u0442 \u0442\u0435\u043c\u043d\u044b\u0435 \u043a\u0440\u0443\u0433\u0438.","robots":{"index":"index","follow":"follow","max-snippet":"max-snippet:-1","max-image-preview":"max-image-preview:large","max-video-preview":"max-video-preview:-1"},"canonical":"https:\/\/idakorea.ee\/ru\/product\/ahc-premier-ampoule-in-eye-cream-6-collagen\/","og_locale":"ru_RU","og_type":"article","og_title":"AHC Premier Ampoule In Eye Cream 6 Collagen - IDA.KOREA","og_description":"Vananemisvastane kreem silmade ja n\u00e4o piirkonnale, omab antioks\u00fcdantseid omadusi, niisutab, suurendab naha elastsust, k\u00f5rvaldab tumedad ringid.","og_url":"https:\/\/idakorea.ee\/ru\/product\/ahc-premier-ampoule-in-eye-cream-6-collagen\/","og_site_name":"IDA.KOREA","article_modified_time":"2026-04-13T18:27:26+00:00","og_image":[{"width":1000,"height":1000,"url":"https:\/\/idakorea.ee\/wp-content\/uploads\/2024\/06\/AHC-Premier-Ampoule-In-Eye-Cream-6-Collagen.jpg","type":"image\/jpeg"}],"twitter_card":"summary_large_image","twitter_misc":{"\u041f\u0440\u0438\u043c\u0435\u0440\u043d\u043e\u0435 \u0432\u0440\u0435\u043c\u044f \u0434\u043b\u044f \u0447\u0442\u0435\u043d\u0438\u044f":"1 \u043c\u0438\u043d\u0443\u0442\u0430"},"schema":{"@context":"https:\/\/schema.org","@graph":[{"@type":"WebPage","@id":"https:\/\/idakorea.ee\/product\/ahc-premier-ampoule-in-eye-cream-6-collagen\/","url":"https:\/\/idakorea.ee\/product\/ahc-premier-ampoule-in-eye-cream-6-collagen\/","name":"AHC Premier Ampoule In Eye Cream 6 Collagen - IDA.KOREA","isPartOf":{"@id":"https:\/\/idakorea.ee\/#website"},"primaryImageOfPage":{"@id":"https:\/\/idakorea.ee\/product\/ahc-premier-ampoule-in-eye-cream-6-collagen\/#primaryimage"},"image":{"@id":"https:\/\/idakorea.ee\/product\/ahc-premier-ampoule-in-eye-cream-6-collagen\/#primaryimage"},"thumbnailUrl":"https:\/\/idakorea.ee\/wp-content\/uploads\/2024\/06\/AHC-Premier-Ampoule-In-Eye-Cream-6-Collagen.jpg","datePublished":"2024-06-05T11:23:28+00:00","dateModified":"2026-04-13T18:27:26+00:00","description":"\u0410\u043d\u0442\u0438\u0432\u043e\u0437\u0440\u0430\u0441\u0442\u043d\u043e\u0439 \u043a\u0440\u0435\u043c \u0434\u043b\u044f \u043a\u043e\u0436\u0438 \u0432\u043e\u043a\u0440\u0443\u0433 \u0433\u043b\u0430\u0437 \u0438 \u043b\u0438\u0446\u0430, \u043e\u0431\u043b\u0430\u0434\u0430\u0435\u0442 \u0430\u043d\u0442\u0438\u043e\u043a\u0441\u0438\u0434\u0430\u043d\u0442\u043d\u044b\u043c\u0438 \u0441\u0432\u043e\u0439\u0441\u0442\u0432\u0430\u043c\u0438, \u0443\u0432\u043b\u0430\u0436\u043d\u044f\u0435\u0442, \u043f\u043e\u0432\u044b\u0448\u0430\u0435\u0442 \u044d\u043b\u0430\u0441\u0442\u0438\u0447\u043d\u043e\u0441\u0442\u044c \u043a\u043e\u0436\u0438, \u0443\u0441\u0442\u0440\u0430\u043d\u044f\u0435\u0442 \u0442\u0435\u043c\u043d\u044b\u0435 \u043a\u0440\u0443\u0433\u0438.","breadcrumb":{"@id":"https:\/\/idakorea.ee\/product\/ahc-premier-ampoule-in-eye-cream-6-collagen\/#breadcrumb"},"inLanguage":"ru-RU","potentialAction":[{"@type":"ReadAction","target":["https:\/\/idakorea.ee\/product\/ahc-premier-ampoule-in-eye-cream-6-collagen\/"]}]},{"@type":"ImageObject","inLanguage":"ru-RU","@id":"https:\/\/idakorea.ee\/product\/ahc-premier-ampoule-in-eye-cream-6-collagen\/#primaryimage","url":"https:\/\/idakorea.ee\/wp-content\/uploads\/2024\/06\/AHC-Premier-Ampoule-In-Eye-Cream-6-Collagen.jpg","contentUrl":"https:\/\/idakorea.ee\/wp-content\/uploads\/2024\/06\/AHC-Premier-Ampoule-In-Eye-Cream-6-Collagen.jpg","width":1000,"height":1000},{"@type":"BreadcrumbList","@id":"https:\/\/idakorea.ee\/product\/ahc-premier-ampoule-in-eye-cream-6-collagen\/#breadcrumb","itemListElement":[{"@type":"ListItem","position":1,"name":"\u0413\u043b\u0430\u0432\u043d\u0430\u044f \u0441\u0442\u0440\u0430\u043d\u0438\u0446\u0430","item":"https:\/\/idakorea.ee\/"},{"@type":"ListItem","position":2,"name":"Shop","item":"https:\/\/idakorea.ee\/shop-2\/"},{"@type":"ListItem","position":3,"name":"Silmakreem AHC Premier Ampoule In Eye Cream 6 Collagen"}]},{"@type":"WebSite","@id":"https:\/\/idakorea.ee\/#website","url":"https:\/\/idakorea.ee\/","name":"\u0418\u0414\u0410.\u041a\u041e\u0420\u0415\u042f","description":"\u0418\u043d\u0442\u0435\u0440\u043d\u0435\u0442-\u043c\u0430\u0433\u0430\u0437\u0438\u043d \u043a\u043e\u0440\u0435\u0439\u0441\u043a\u043e\u0439 \u043a\u043e\u0441\u043c\u0435\u0442\u0438\u043a\u0438","publisher":{"@id":"https:\/\/idakorea.ee\/#organization"},"alternateName":"Beauty Shop","potentialAction":[{"@type":"SearchAction","target":{"@type":"EntryPoint","urlTemplate":"https:\/\/idakorea.ee\/?s={search_term_string}"},"query-input":{"@type":"PropertyValueSpecification","valueRequired":true,"valueName":"search_term_string"}}],"inLanguage":"ru-RU"},{"@type":"Organization","@id":"https:\/\/idakorea.ee\/#organization","name":"\u0418\u0414\u0410.\u041a\u041e\u0420\u0415\u042f","url":"https:\/\/idakorea.ee\/","logo":{"@type":"ImageObject","inLanguage":"ru-RU","@id":"https:\/\/idakorea.ee\/#\/schema\/logo\/image\/","url":"https:\/\/idakorea.ee\/wp-content\/uploads\/2024\/05\/cropped-korea3.png","contentUrl":"https:\/\/idakorea.ee\/wp-content\/uploads\/2024\/05\/cropped-korea3.png","width":688,"height":126,"caption":"IDA.KOREA"},"image":{"@id":"https:\/\/idakorea.ee\/#\/schema\/logo\/image\/"},"sameAs":["https:\/\/www.instagram.com\/ida.korea\/"]}]}},"jetpack_sharing_enabled":true,"brands":[{"id":236,"name":"AHC","slug":"ahc"}],"_links":{"self":[{"href":"https:\/\/idakorea.ee\/ru\/wp-json\/wp\/v2\/product\/1993","targetHints":{"allow":["GET"]}}],"collection":[{"href":"https:\/\/idakorea.ee\/ru\/wp-json\/wp\/v2\/product"}],"about":[{"href":"https:\/\/idakorea.ee\/ru\/wp-json\/wp\/v2\/types\/product"}],"replies":[{"embeddable":true,"href":"https:\/\/idakorea.ee\/ru\/wp-json\/wp\/v2\/comments?post=1993"}],"version-history":[{"count":1,"href":"https:\/\/idakorea.ee\/ru\/wp-json\/wp\/v2\/product\/1993\/revisions"}],"predecessor-version":[{"id":9446,"href":"https:\/\/idakorea.ee\/ru\/wp-json\/wp\/v2\/product\/1993\/revisions\/9446"}],"wp:featuredmedia":[{"embeddable":true,"href":"https:\/\/idakorea.ee\/ru\/wp-json\/wp\/v2\/media\/1996"}],"wp:attachment":[{"href":"https:\/\/idakorea.ee\/ru\/wp-json\/wp\/v2\/media?parent=1993"}],"wp:term":[{"taxonomy":"pwb-brand","embeddable":true,"href":"https:\/\/idakorea.ee\/ru\/wp-json\/wp\/v2\/pwb-brand?post=1993"},{"taxonomy":"product_brand","embeddable":true,"href":"https:\/\/idakorea.ee\/ru\/wp-json\/wp\/v2\/product_brand?post=1993"},{"taxonomy":"product_cat","embeddable":true,"href":"https:\/\/idakorea.ee\/ru\/wp-json\/wp\/v2\/product_cat?post=1993"},{"taxonomy":"product_tag","embeddable":true,"href":"https:\/\/idakorea.ee\/ru\/wp-json\/wp\/v2\/product_tag?post=1993"}],"curies":[{"name":"WP","href":"https:\/\/api.w.org\/{rel}","templated":true}]}}