{"id":8873,"date":"2024-06-28T11:19:57","date_gmt":"2024-06-28T09:19:57","guid":{"rendered":"https:\/\/idakorea.ee\/?post_type=product&#038;p=8873"},"modified":"2026-01-30T17:09:10","modified_gmt":"2026-01-30T15:09:10","slug":"komplekt-anua-heartleaf-soothing-trial-kit","status":"publish","type":"product","link":"https:\/\/idakorea.ee\/ru\/product\/komplekt-anua-heartleaf-soothing-trial-kit\/","title":{"rendered":"\u041d\u0430\u0431\u043e\u0440 \u0431\u0435\u0441\u0442\u0441\u0435\u043b\u043b\u0435\u0440\u043e\u0432 \u0434\u043b\u044f \u0431\u0430\u0437\u043e\u0432\u043e\u0433\u043e \u0443\u0445\u043e\u0434\u0430 \u0437\u0430 \u043a\u043e\u0436\u0435\u0439  Anua Heartleaf Soothing Trial Kit"},"content":{"rendered":"<div class=\"flex flex-grow flex-col max-w-full\">\n<div class=\"min-h-[20px] text-message flex flex-col items-start whitespace-pre-wrap break-words [.text-message+&amp;]:mt-5 juice:w-full juice:items-end overflow-x-auto gap-2\" dir=\"auto\" data-message-author-role=\"assistant\" data-message-id=\"ce43940a-9b8a-490a-a375-ef45d55df817\">\n<div class=\"flex w-full flex-col gap-1 juice:empty:hidden juice:first:pt-[3px]\">\n<div class=\"markdown prose w-full break-words dark:prose-invert light\">\n<p><strong>Anua Heartleaf Soothing Trial Kit <\/strong>universaalne komplekt baashoolduseks ja sobib igale nahat\u00fc\u00fcbile. See sari niisutab suurep\u00e4raselt, k\u00f5rvaldab kuivuse ja ketenduse. Rahustab \u00e4rritunud nahka, leevendab s\u00fcgelust ja punetust, soodustab v\u00e4ikeste p\u00f5letike paranemist. M\u00f5jub soodsalt kuperoossele nahale, v\u00e4hendades kapillaarilaiendite v\u00e4ljenduvust ja tugevdades kapillaare.<\/p>\n<p><strong>Komplekti kuulub:<\/strong><\/p>\n<ul>\n<li><strong>Heartleaf 77% Clear Pad, 2 tk<\/strong> \u2014 eemaldab \u00f5rnalt epidermise pinnalt surnud rakud, poleerib ja silub reljeefi. Omab v\u00e4ljendunud rahustavat toimet, soodustab p\u00f5letike paranemist ja hoiab \u00e4ra akne teket.<\/li>\n<li><strong>Heartleaf 77% Soothing Toner, 40 ml<\/strong> \u2014 t\u00e4idab pesemise j\u00e4rel niiskusepuuduj\u00e4\u00e4gi, pakkudes nahale rikkalikku niisutust ja v\u00e4ljendunud rahustavat toimet. Neutraliseerib kraanivee agressiivse m\u00f5ju, taastab normaalse pH tasakaalu ja hoiab \u00e4ra pesemisj\u00e4rgse kiskuvuse.<\/li>\n<li><strong>Heartleaf 80% Moisture Soothing Ampoule, 10 ml<\/strong> \u2014 omab v\u00e4ljendunud niisutavat toimet, t\u00e4idab epidermise rakkudes niiskusepuuduj\u00e4\u00e4gi ja aitab toime tulla veetustumisega.<\/li>\n<li><strong>Heartleaf 70 Daily Relief Lotion, 20 ml<\/strong> \u2014 niisutab intensiivselt ja hoiab rakudes optimaalset niiskustaset, taastab h\u00fcdrolipiidide tasakaalu, rahustab ja pehmendab nahka. Omab kerget ja kaalutut konsistentsi, imendub kiiresti ega j\u00e4ta kleepuvust.<\/li>\n<\/ul>\n<p><strong>Peamised toimeained:<\/strong><\/p>\n<ul>\n<li><strong>S\u00fcdamerohu ekstrakt<\/strong> omab v\u00e4ljendunud haavade paranemise ja p\u00f5letikuvastaseid omadusi. Normaliseerib naha seisundit, leevendab \u00e4rritust, v\u00e4hendab p\u00f5letikukoldeid. Tugevdab immuunsust, muudab epidermise pinna v\u00e4hem tundlikuks ja reaktiivseks.<\/li>\n<li><strong>Gl\u00fckonolaktoon<\/strong> omab \u00f5rna puhastavat toimet, mis ei p\u00f5hjusta isegi tundlikul nahal \u00e4rritust. \u00dchtlustab tooni ja mikrokontuuri, omab fotoprotektiivset toimet, omab p\u00f5letikuvastast m\u00f5ju.<\/li>\n<li><strong>Pantenool<\/strong> kiirendab paranemisprotsessi, rahustab ja pehmendab, suurendab epidermise barj\u00e4\u00e4rifunktsioone ja tugevdab looduslikku kaitsekihti.<\/li>\n<li><strong>Sanghwang-seene ekstrakt<\/strong> toimib tugeva antioks\u00fcdandina, omab nahka noorendavat toimet, p\u00e4rssides vabade radikaalide toimet, omab p\u00f5letikuvastast, antibakteriaalset ja allergiavastast toimet, kiirendab rakkude regenereerimisprotsessi.<\/li>\n<li><strong>H\u00fcaluroonhape<\/strong> vastutab s\u00fcgava niisutamise ja loodusliku pH tasakaalu optimaalsel tasemel hoidmise eest. H\u00fcaluroonhape moodustab nahale n\u00e4htamatu kaitsekihi, mis hoiab \u00e4ra niiskuse aurustumise ja annab mugava v\u00e4rskuse ja niisutuse tunde.<\/li>\n<\/ul>\n<p>Sobib k\u00f5igile nahat\u00fc\u00fcpidele.<\/p>\n<p><strong>Kasutusjuhend<\/strong>: puhtale nahale kandke toonik vatipadja v\u00f5i k\u00e4te abil, seej\u00e4rel jaotage n\u00e4ole ampull ja l\u00f5petage hooldus losjooniga. \u00d5rna eksfoliatsiooni jaoks kasutage 1-2 korda n\u00e4dalas patju.<\/p>\n<\/div>\n<\/div>\n<\/div>\n<\/div>\n","protected":false},"excerpt":{"rendered":"<p>\u041f\u0440\u043e\u0431\u043d\u044b\u0439 \u043d\u0430\u0431\u043e\u0440 Anua Heartleaf Soothing Trial Kit - \u044d\u0442\u043e \u0443\u043d\u0438\u0432\u0435\u0440\u0441\u0430\u043b\u044c\u043d\u044b\u0439 \u043d\u0430\u0431\u043e\u0440 \u0434\u043b\u044f \u0431\u0430\u0437\u043e\u0432\u043e\u0433\u043e \u0443\u0445\u043e\u0434\u0430 \u0437\u0430 \u043a\u043e\u0436\u0435\u0439, \u043a\u043e\u0442\u043e\u0440\u044b\u0439 \u043f\u043e\u0434\u0445\u043e\u0434\u0438\u0442 \u0434\u043b\u044f \u0432\u0441\u0435\u0445 \u0442\u0438\u043f\u043e\u0432 \u043a\u043e\u0436\u0438. \u0421\u0440\u0435\u0434\u0441\u0442\u0432\u043e \u043f\u0440\u0435\u043a\u0440\u0430\u0441\u043d\u043e \u0443\u0432\u043b\u0430\u0436\u043d\u044f\u0435\u0442 \u043a\u043e\u0436\u0443, \u0443\u0441\u0442\u0440\u0430\u043d\u044f\u0435\u0442 \u0441\u0443\u0445\u043e\u0441\u0442\u044c \u0438 \u0448\u0435\u043b\u0443\u0448\u0435\u043d\u0438\u0435. \u0423\u0441\u043f\u043e\u043a\u0430\u0438\u0432\u0430\u0435\u0442 \u0440\u0430\u0437\u0434\u0440\u0430\u0436\u0435\u043d\u043d\u0443\u044e \u043a\u043e\u0436\u0443, \u0441\u043d\u0438\u043c\u0430\u0435\u0442 \u0437\u0443\u0434 \u0438 \u043f\u043e\u043a\u0440\u0430\u0441\u043d\u0435\u043d\u0438\u044f, \u0441\u043f\u043e\u0441\u043e\u0431\u0441\u0442\u0432\u0443\u0435\u0442 \u0437\u0430\u0436\u0438\u0432\u043b\u0435\u043d\u0438\u044e \u043c\u0435\u043b\u043a\u0438\u0445 \u0432\u043e\u0441\u043f\u0430\u043b\u0435\u043d\u0438\u0439. \u0411\u043b\u0430\u0433\u043e\u043f\u0440\u0438\u044f\u0442\u043d\u043e \u0432\u043e\u0437\u0434\u0435\u0439\u0441\u0442\u0432\u0443\u0435\u0442 \u043d\u0430 \u0443\u0432\u044f\u0434\u0430\u044e\u0449\u0443\u044e \u043a\u043e\u0436\u0443, \u0443\u043c\u0435\u043d\u044c\u0448\u0430\u044f \u0432\u0438\u0434\u0438\u043c\u043e\u0441\u0442\u044c \u043a\u0430\u043f\u0438\u043b\u043b\u044f\u0440\u043e\u0432 \u0438 \u0443\u043a\u0440\u0435\u043f\u043b\u044f\u044f \u0438\u0445. \u0412 \u043d\u0430\u0431\u043e\u0440 \u0432\u0445\u043e\u0434\u044f\u0442: Heartleaf 77% Clear Pad, 2 \u0448\u0442 - \u043c\u044f\u0433\u043a\u043e \u0443\u0434\u0430\u043b\u044f\u0435\u0442 \u043e\u043c\u0435\u0440\u0442\u0432\u0435\u0432\u0448\u0438\u0435 \u043a\u043b\u0435\u0442\u043a\u0438 \u043a\u043e\u0436\u0438 \u0441 \u043f\u043e\u0432\u0435\u0440\u0445\u043d\u043e\u0441\u0442\u0438 \u044d\u043f\u0438\u0434\u0435\u0440\u043c\u0438\u0441\u0430....<\/p>","protected":false},"featured_media":8874,"comment_status":"open","ping_status":"closed","template":"","meta":{"_uf_show_specific_survey":0,"_uf_disable_surveys":false,"_bst_post_transparent":"default","_bst_post_title":"","_bst_post_layout":"default","_bst_post_sidebar_id":"","_bst_post_content_style":"default","_bst_post_vertical_padding":"default","_bst_post_feature":"","_bst_post_feature_position":"","_bst_post_header":false,"_bst_post_footer":false},"pwb-brand":[104],"product_brand":[],"product_cat":[95],"product_tag":[102,233,202],"class_list":{"0":"post-8873","1":"product","2":"type-product","3":"status-publish","4":"has-post-thumbnail","6":"pwb-brand-anua","7":"product_cat-komplektid","8":"product_tag-anua","9":"product_tag-internet-pood-eesti","10":"product_tag-korea-kosmeetika","12":"first","13":"outofstock","14":"sale","15":"shipping-taxable","16":"purchasable","17":"product-type-simple","18":"entry","19":"content-bg","20":"loop-entry"},"supplier_id":null,"supplier_sku":"","barcode":null,"atum_controlled":true,"out_stock_date":"2025-11-17 13:59:03","out_stock_threshold":null,"inheritable":false,"inbound_stock":0,"stock_on_hold":0,"sold_today":0,"sales_last_days":0,"out_stock_days":147,"lost_sales":0,"has_location":false,"update_date":"2026-04-14T00:05:04","atum_locations":[],"atum_stock_status":"outofstock","restock_status":false,"low_stock_amount":"","sales_update_date":"2026-04-14T00:05:04","calc_backorders":null,"yoast_head":"<!-- This site is optimized with the Yoast SEO plugin v27.2 - https:\/\/yoast.com\/product\/yoast-seo-wordpress\/ -->\n<title>Komplekt Anua Heartleaf Soothing Trial Kit - IDA.KOREA<\/title>\n<meta name=\"description\" content=\"Anua Heartleaf Soothing Trial Kit universaalne komplekt baashoolduseks ja sobib igale nahat\u00fc\u00fcbile. See sari niisutab suurep\u00e4raselt, k\u00f5rvaldab kuivuse ja ketenduse. Rahustab \u00e4rritunud nahka, leevendab s\u00fcgelust ja punetust, soodustab v\u00e4ikeste p\u00f5letike paranemist. M\u00f5jub soodsalt kuperoossele nahale, v\u00e4hendades kapillaarilaiendite v\u00e4ljenduvust ja tugevdades kapillaare.\" \/>\n<meta name=\"robots\" content=\"index, follow, max-snippet:-1, max-image-preview:large, max-video-preview:-1\" \/>\n<link rel=\"canonical\" href=\"https:\/\/idakorea.ee\/ru\/product\/komplekt-anua-heartleaf-soothing-trial-kit\/\" \/>\n<meta property=\"og:locale\" content=\"ru_RU\" \/>\n<meta property=\"og:type\" content=\"article\" \/>\n<meta property=\"og:title\" content=\"Komplekt Anua Heartleaf Soothing Trial Kit - IDA.KOREA\" \/>\n<meta property=\"og:description\" content=\"Anua Heartleaf Soothing Trial Kit universaalne komplekt baashoolduseks ja sobib igale nahat\u00fc\u00fcbile. See sari niisutab suurep\u00e4raselt, k\u00f5rvaldab kuivuse ja ketenduse. Rahustab \u00e4rritunud nahka, leevendab s\u00fcgelust ja punetust, soodustab v\u00e4ikeste p\u00f5letike paranemist. M\u00f5jub soodsalt kuperoossele nahale, v\u00e4hendades kapillaarilaiendite v\u00e4ljenduvust ja tugevdades kapillaare.\" \/>\n<meta property=\"og:url\" content=\"https:\/\/idakorea.ee\/ru\/product\/komplekt-anua-heartleaf-soothing-trial-kit\/\" \/>\n<meta property=\"og:site_name\" content=\"IDA.KOREA\" \/>\n<meta property=\"article:modified_time\" content=\"2026-01-30T15:09:10+00:00\" \/>\n<meta property=\"og:image\" content=\"https:\/\/idakorea.ee\/wp-content\/uploads\/2024\/06\/hollyshop-_93_-_1_.jpg\" \/>\n\t<meta property=\"og:image:width\" content=\"1000\" \/>\n\t<meta property=\"og:image:height\" content=\"1000\" \/>\n\t<meta property=\"og:image:type\" content=\"image\/jpeg\" \/>\n<meta name=\"twitter:card\" content=\"summary_large_image\" \/>\n<meta name=\"twitter:label1\" content=\"\u041f\u0440\u0438\u043c\u0435\u0440\u043d\u043e\u0435 \u0432\u0440\u0435\u043c\u044f \u0434\u043b\u044f \u0447\u0442\u0435\u043d\u0438\u044f\" \/>\n\t<meta name=\"twitter:data1\" content=\"2 \u043c\u0438\u043d\u0443\u0442\u044b\" \/>\n<script type=\"application\/ld+json\" class=\"yoast-schema-graph\">{\"@context\":\"https:\/\/schema.org\",\"@graph\":[{\"@type\":\"WebPage\",\"@id\":\"https:\/\/idakorea.ee\/product\/komplekt-anua-heartleaf-soothing-trial-kit\/\",\"url\":\"https:\/\/idakorea.ee\/product\/komplekt-anua-heartleaf-soothing-trial-kit\/\",\"name\":\"Komplekt Anua Heartleaf Soothing Trial Kit - IDA.KOREA\",\"isPartOf\":{\"@id\":\"https:\/\/idakorea.ee\/#website\"},\"primaryImageOfPage\":{\"@id\":\"https:\/\/idakorea.ee\/product\/komplekt-anua-heartleaf-soothing-trial-kit\/#primaryimage\"},\"image\":{\"@id\":\"https:\/\/idakorea.ee\/product\/komplekt-anua-heartleaf-soothing-trial-kit\/#primaryimage\"},\"thumbnailUrl\":\"https:\/\/idakorea.ee\/wp-content\/uploads\/2024\/06\/hollyshop-_93_-_1_.jpg\",\"datePublished\":\"2024-06-28T09:19:57+00:00\",\"dateModified\":\"2026-01-30T15:09:10+00:00\",\"description\":\"Anua Heartleaf Soothing Trial Kit universaalne komplekt baashoolduseks ja sobib igale nahat\u00fc\u00fcbile. See sari niisutab suurep\u00e4raselt, k\u00f5rvaldab kuivuse ja ketenduse. Rahustab \u00e4rritunud nahka, leevendab s\u00fcgelust ja punetust, soodustab v\u00e4ikeste p\u00f5letike paranemist. M\u00f5jub soodsalt kuperoossele nahale, v\u00e4hendades kapillaarilaiendite v\u00e4ljenduvust ja tugevdades kapillaare.\",\"breadcrumb\":{\"@id\":\"https:\/\/idakorea.ee\/product\/komplekt-anua-heartleaf-soothing-trial-kit\/#breadcrumb\"},\"inLanguage\":\"ru-RU\",\"potentialAction\":[{\"@type\":\"ReadAction\",\"target\":[\"https:\/\/idakorea.ee\/product\/komplekt-anua-heartleaf-soothing-trial-kit\/\"]}]},{\"@type\":\"ImageObject\",\"inLanguage\":\"ru-RU\",\"@id\":\"https:\/\/idakorea.ee\/product\/komplekt-anua-heartleaf-soothing-trial-kit\/#primaryimage\",\"url\":\"https:\/\/idakorea.ee\/wp-content\/uploads\/2024\/06\/hollyshop-_93_-_1_.jpg\",\"contentUrl\":\"https:\/\/idakorea.ee\/wp-content\/uploads\/2024\/06\/hollyshop-_93_-_1_.jpg\",\"width\":1000,\"height\":1000,\"caption\":\"anua heartlif travel set\"},{\"@type\":\"BreadcrumbList\",\"@id\":\"https:\/\/idakorea.ee\/product\/komplekt-anua-heartleaf-soothing-trial-kit\/#breadcrumb\",\"itemListElement\":[{\"@type\":\"ListItem\",\"position\":1,\"name\":\"\u0413\u043b\u0430\u0432\u043d\u0430\u044f \u0441\u0442\u0440\u0430\u043d\u0438\u0446\u0430\",\"item\":\"https:\/\/idakorea.ee\/\"},{\"@type\":\"ListItem\",\"position\":2,\"name\":\"Shop\",\"item\":\"https:\/\/idakorea.ee\/shop-2\/\"},{\"@type\":\"ListItem\",\"position\":3,\"name\":\"Komplekt Anua Heartleaf Soothing Trial Kit\"}]},{\"@type\":\"WebSite\",\"@id\":\"https:\/\/idakorea.ee\/#website\",\"url\":\"https:\/\/idakorea.ee\/\",\"name\":\"IDA.KOREA\",\"description\":\"Korea kosmeetika e-pood\",\"publisher\":{\"@id\":\"https:\/\/idakorea.ee\/#organization\"},\"alternateName\":\"Beauty Shop\",\"potentialAction\":[{\"@type\":\"SearchAction\",\"target\":{\"@type\":\"EntryPoint\",\"urlTemplate\":\"https:\/\/idakorea.ee\/?s={search_term_string}\"},\"query-input\":{\"@type\":\"PropertyValueSpecification\",\"valueRequired\":true,\"valueName\":\"search_term_string\"}}],\"inLanguage\":\"ru-RU\"},{\"@type\":\"Organization\",\"@id\":\"https:\/\/idakorea.ee\/#organization\",\"name\":\"IDA.KOREA\",\"url\":\"https:\/\/idakorea.ee\/\",\"logo\":{\"@type\":\"ImageObject\",\"inLanguage\":\"ru-RU\",\"@id\":\"https:\/\/idakorea.ee\/#\/schema\/logo\/image\/\",\"url\":\"https:\/\/idakorea.ee\/wp-content\/uploads\/2024\/05\/cropped-korea3.png\",\"contentUrl\":\"https:\/\/idakorea.ee\/wp-content\/uploads\/2024\/05\/cropped-korea3.png\",\"width\":688,\"height\":126,\"caption\":\"IDA.KOREA\"},\"image\":{\"@id\":\"https:\/\/idakorea.ee\/#\/schema\/logo\/image\/\"},\"sameAs\":[\"https:\/\/www.instagram.com\/ida.korea\/\"]}]}<\/script>\n<!-- \/ Yoast SEO plugin. -->","yoast_head_json":{"title":"Anua Heartleaf Soothing Trial Kit - IDA.KOREA","description":"\u041f\u0440\u043e\u0431\u043d\u044b\u0439 \u043d\u0430\u0431\u043e\u0440 Anua Heartleaf Soothing Trial Kit - \u044d\u0442\u043e \u0443\u043d\u0438\u0432\u0435\u0440\u0441\u0430\u043b\u044c\u043d\u044b\u0439 \u043d\u0430\u0431\u043e\u0440 \u0434\u043b\u044f \u0431\u0430\u0437\u043e\u0432\u043e\u0433\u043e \u0443\u0445\u043e\u0434\u0430 \u0437\u0430 \u043a\u043e\u0436\u0435\u0439, \u043a\u043e\u0442\u043e\u0440\u044b\u0439 \u043f\u043e\u0434\u0445\u043e\u0434\u0438\u0442 \u0434\u043b\u044f \u0432\u0441\u0435\u0445 \u0442\u0438\u043f\u043e\u0432 \u043a\u043e\u0436\u0438. \u0421\u0440\u0435\u0434\u0441\u0442\u0432\u043e \u043f\u0440\u0435\u043a\u0440\u0430\u0441\u043d\u043e \u0443\u0432\u043b\u0430\u0436\u043d\u044f\u0435\u0442 \u043a\u043e\u0436\u0443, \u0443\u0441\u0442\u0440\u0430\u043d\u044f\u0435\u0442 \u0441\u0443\u0445\u043e\u0441\u0442\u044c \u0438 \u0448\u0435\u043b\u0443\u0448\u0435\u043d\u0438\u0435. \u0423\u0441\u043f\u043e\u043a\u0430\u0438\u0432\u0430\u0435\u0442 \u0440\u0430\u0437\u0434\u0440\u0430\u0436\u0435\u043d\u043d\u0443\u044e \u043a\u043e\u0436\u0443, \u0441\u043d\u0438\u043c\u0430\u0435\u0442 \u0437\u0443\u0434 \u0438 \u043f\u043e\u043a\u0440\u0430\u0441\u043d\u0435\u043d\u0438\u044f, \u0441\u043f\u043e\u0441\u043e\u0431\u0441\u0442\u0432\u0443\u0435\u0442 \u0437\u0430\u0436\u0438\u0432\u043b\u0435\u043d\u0438\u044e \u043c\u0435\u043b\u043a\u0438\u0445 \u0432\u043e\u0441\u043f\u0430\u043b\u0435\u043d\u0438\u0439. \u0411\u043b\u0430\u0433\u043e\u043f\u0440\u0438\u044f\u0442\u043d\u043e \u0432\u043e\u0437\u0434\u0435\u0439\u0441\u0442\u0432\u0443\u0435\u0442 \u043d\u0430 \u043a\u043e\u0436\u0443, \u043f\u043e\u0440\u0430\u0436\u0435\u043d\u043d\u0443\u044e \u0437\u0430\u0441\u0442\u043e\u0439\u043d\u044b\u043c\u0438 \u044f\u0432\u043b\u0435\u043d\u0438\u044f\u043c\u0438, \u0443\u043c\u0435\u043d\u044c\u0448\u0430\u044f \u0432\u0438\u0434\u0438\u043c\u043e\u0441\u0442\u044c \u043a\u0430\u043f\u0438\u043b\u043b\u044f\u0440\u043e\u0432 \u0438 \u0443\u043a\u0440\u0435\u043f\u043b\u044f\u044f \u0438\u0445.","robots":{"index":"index","follow":"follow","max-snippet":"max-snippet:-1","max-image-preview":"max-image-preview:large","max-video-preview":"max-video-preview:-1"},"canonical":"https:\/\/idakorea.ee\/ru\/product\/komplekt-anua-heartleaf-soothing-trial-kit\/","og_locale":"ru_RU","og_type":"article","og_title":"Komplekt Anua Heartleaf Soothing Trial Kit - IDA.KOREA","og_description":"Anua Heartleaf Soothing Trial Kit universaalne komplekt baashoolduseks ja sobib igale nahat\u00fc\u00fcbile. See sari niisutab suurep\u00e4raselt, k\u00f5rvaldab kuivuse ja ketenduse. Rahustab \u00e4rritunud nahka, leevendab s\u00fcgelust ja punetust, soodustab v\u00e4ikeste p\u00f5letike paranemist. M\u00f5jub soodsalt kuperoossele nahale, v\u00e4hendades kapillaarilaiendite v\u00e4ljenduvust ja tugevdades kapillaare.","og_url":"https:\/\/idakorea.ee\/ru\/product\/komplekt-anua-heartleaf-soothing-trial-kit\/","og_site_name":"IDA.KOREA","article_modified_time":"2026-01-30T15:09:10+00:00","og_image":[{"width":1000,"height":1000,"url":"https:\/\/idakorea.ee\/wp-content\/uploads\/2024\/06\/hollyshop-_93_-_1_.jpg","type":"image\/jpeg"}],"twitter_card":"summary_large_image","twitter_misc":{"\u041f\u0440\u0438\u043c\u0435\u0440\u043d\u043e\u0435 \u0432\u0440\u0435\u043c\u044f \u0434\u043b\u044f \u0447\u0442\u0435\u043d\u0438\u044f":"2 \u043c\u0438\u043d\u0443\u0442\u044b"},"schema":{"@context":"https:\/\/schema.org","@graph":[{"@type":"WebPage","@id":"https:\/\/idakorea.ee\/product\/komplekt-anua-heartleaf-soothing-trial-kit\/","url":"https:\/\/idakorea.ee\/product\/komplekt-anua-heartleaf-soothing-trial-kit\/","name":"Anua Heartleaf Soothing Trial Kit - IDA.KOREA","isPartOf":{"@id":"https:\/\/idakorea.ee\/#website"},"primaryImageOfPage":{"@id":"https:\/\/idakorea.ee\/product\/komplekt-anua-heartleaf-soothing-trial-kit\/#primaryimage"},"image":{"@id":"https:\/\/idakorea.ee\/product\/komplekt-anua-heartleaf-soothing-trial-kit\/#primaryimage"},"thumbnailUrl":"https:\/\/idakorea.ee\/wp-content\/uploads\/2024\/06\/hollyshop-_93_-_1_.jpg","datePublished":"2024-06-28T09:19:57+00:00","dateModified":"2026-01-30T15:09:10+00:00","description":"\u041f\u0440\u043e\u0431\u043d\u044b\u0439 \u043d\u0430\u0431\u043e\u0440 Anua Heartleaf Soothing Trial Kit - \u044d\u0442\u043e \u0443\u043d\u0438\u0432\u0435\u0440\u0441\u0430\u043b\u044c\u043d\u044b\u0439 \u043d\u0430\u0431\u043e\u0440 \u0434\u043b\u044f \u0431\u0430\u0437\u043e\u0432\u043e\u0433\u043e \u0443\u0445\u043e\u0434\u0430 \u0437\u0430 \u043a\u043e\u0436\u0435\u0439, \u043a\u043e\u0442\u043e\u0440\u044b\u0439 \u043f\u043e\u0434\u0445\u043e\u0434\u0438\u0442 \u0434\u043b\u044f \u0432\u0441\u0435\u0445 \u0442\u0438\u043f\u043e\u0432 \u043a\u043e\u0436\u0438. \u0421\u0440\u0435\u0434\u0441\u0442\u0432\u043e \u043f\u0440\u0435\u043a\u0440\u0430\u0441\u043d\u043e \u0443\u0432\u043b\u0430\u0436\u043d\u044f\u0435\u0442 \u043a\u043e\u0436\u0443, \u0443\u0441\u0442\u0440\u0430\u043d\u044f\u0435\u0442 \u0441\u0443\u0445\u043e\u0441\u0442\u044c \u0438 \u0448\u0435\u043b\u0443\u0448\u0435\u043d\u0438\u0435. \u0423\u0441\u043f\u043e\u043a\u0430\u0438\u0432\u0430\u0435\u0442 \u0440\u0430\u0437\u0434\u0440\u0430\u0436\u0435\u043d\u043d\u0443\u044e \u043a\u043e\u0436\u0443, \u0441\u043d\u0438\u043c\u0430\u0435\u0442 \u0437\u0443\u0434 \u0438 \u043f\u043e\u043a\u0440\u0430\u0441\u043d\u0435\u043d\u0438\u044f, \u0441\u043f\u043e\u0441\u043e\u0431\u0441\u0442\u0432\u0443\u0435\u0442 \u0437\u0430\u0436\u0438\u0432\u043b\u0435\u043d\u0438\u044e \u043c\u0435\u043b\u043a\u0438\u0445 \u0432\u043e\u0441\u043f\u0430\u043b\u0435\u043d\u0438\u0439. \u0411\u043b\u0430\u0433\u043e\u043f\u0440\u0438\u044f\u0442\u043d\u043e \u0432\u043e\u0437\u0434\u0435\u0439\u0441\u0442\u0432\u0443\u0435\u0442 \u043d\u0430 \u043a\u043e\u0436\u0443, \u043f\u043e\u0440\u0430\u0436\u0435\u043d\u043d\u0443\u044e \u0437\u0430\u0441\u0442\u043e\u0439\u043d\u044b\u043c\u0438 \u044f\u0432\u043b\u0435\u043d\u0438\u044f\u043c\u0438, \u0443\u043c\u0435\u043d\u044c\u0448\u0430\u044f \u0432\u0438\u0434\u0438\u043c\u043e\u0441\u0442\u044c \u043a\u0430\u043f\u0438\u043b\u043b\u044f\u0440\u043e\u0432 \u0438 \u0443\u043a\u0440\u0435\u043f\u043b\u044f\u044f \u0438\u0445.","breadcrumb":{"@id":"https:\/\/idakorea.ee\/product\/komplekt-anua-heartleaf-soothing-trial-kit\/#breadcrumb"},"inLanguage":"ru-RU","potentialAction":[{"@type":"ReadAction","target":["https:\/\/idakorea.ee\/product\/komplekt-anua-heartleaf-soothing-trial-kit\/"]}]},{"@type":"ImageObject","inLanguage":"ru-RU","@id":"https:\/\/idakorea.ee\/product\/komplekt-anua-heartleaf-soothing-trial-kit\/#primaryimage","url":"https:\/\/idakorea.ee\/wp-content\/uploads\/2024\/06\/hollyshop-_93_-_1_.jpg","contentUrl":"https:\/\/idakorea.ee\/wp-content\/uploads\/2024\/06\/hollyshop-_93_-_1_.jpg","width":1000,"height":1000,"caption":"anua heartlif travel set"},{"@type":"BreadcrumbList","@id":"https:\/\/idakorea.ee\/product\/komplekt-anua-heartleaf-soothing-trial-kit\/#breadcrumb","itemListElement":[{"@type":"ListItem","position":1,"name":"\u0413\u043b\u0430\u0432\u043d\u0430\u044f \u0441\u0442\u0440\u0430\u043d\u0438\u0446\u0430","item":"https:\/\/idakorea.ee\/"},{"@type":"ListItem","position":2,"name":"Shop","item":"https:\/\/idakorea.ee\/shop-2\/"},{"@type":"ListItem","position":3,"name":"Komplekt Anua Heartleaf Soothing Trial Kit"}]},{"@type":"WebSite","@id":"https:\/\/idakorea.ee\/#website","url":"https:\/\/idakorea.ee\/","name":"\u0418\u0414\u0410.\u041a\u041e\u0420\u0415\u042f","description":"\u0418\u043d\u0442\u0435\u0440\u043d\u0435\u0442-\u043c\u0430\u0433\u0430\u0437\u0438\u043d \u043a\u043e\u0440\u0435\u0439\u0441\u043a\u043e\u0439 \u043a\u043e\u0441\u043c\u0435\u0442\u0438\u043a\u0438","publisher":{"@id":"https:\/\/idakorea.ee\/#organization"},"alternateName":"Beauty Shop","potentialAction":[{"@type":"SearchAction","target":{"@type":"EntryPoint","urlTemplate":"https:\/\/idakorea.ee\/?s={search_term_string}"},"query-input":{"@type":"PropertyValueSpecification","valueRequired":true,"valueName":"search_term_string"}}],"inLanguage":"ru-RU"},{"@type":"Organization","@id":"https:\/\/idakorea.ee\/#organization","name":"\u0418\u0414\u0410.\u041a\u041e\u0420\u0415\u042f","url":"https:\/\/idakorea.ee\/","logo":{"@type":"ImageObject","inLanguage":"ru-RU","@id":"https:\/\/idakorea.ee\/#\/schema\/logo\/image\/","url":"https:\/\/idakorea.ee\/wp-content\/uploads\/2024\/05\/cropped-korea3.png","contentUrl":"https:\/\/idakorea.ee\/wp-content\/uploads\/2024\/05\/cropped-korea3.png","width":688,"height":126,"caption":"IDA.KOREA"},"image":{"@id":"https:\/\/idakorea.ee\/#\/schema\/logo\/image\/"},"sameAs":["https:\/\/www.instagram.com\/ida.korea\/"]}]}},"jetpack_sharing_enabled":true,"brands":[{"id":104,"name":"ANUA","slug":"anua"}],"_links":{"self":[{"href":"https:\/\/idakorea.ee\/ru\/wp-json\/wp\/v2\/product\/8873","targetHints":{"allow":["GET"]}}],"collection":[{"href":"https:\/\/idakorea.ee\/ru\/wp-json\/wp\/v2\/product"}],"about":[{"href":"https:\/\/idakorea.ee\/ru\/wp-json\/wp\/v2\/types\/product"}],"replies":[{"embeddable":true,"href":"https:\/\/idakorea.ee\/ru\/wp-json\/wp\/v2\/comments?post=8873"}],"version-history":[{"count":1,"href":"https:\/\/idakorea.ee\/ru\/wp-json\/wp\/v2\/product\/8873\/revisions"}],"predecessor-version":[{"id":9585,"href":"https:\/\/idakorea.ee\/ru\/wp-json\/wp\/v2\/product\/8873\/revisions\/9585"}],"wp:featuredmedia":[{"embeddable":true,"href":"https:\/\/idakorea.ee\/ru\/wp-json\/wp\/v2\/media\/8874"}],"wp:attachment":[{"href":"https:\/\/idakorea.ee\/ru\/wp-json\/wp\/v2\/media?parent=8873"}],"wp:term":[{"taxonomy":"pwb-brand","embeddable":true,"href":"https:\/\/idakorea.ee\/ru\/wp-json\/wp\/v2\/pwb-brand?post=8873"},{"taxonomy":"product_brand","embeddable":true,"href":"https:\/\/idakorea.ee\/ru\/wp-json\/wp\/v2\/product_brand?post=8873"},{"taxonomy":"product_cat","embeddable":true,"href":"https:\/\/idakorea.ee\/ru\/wp-json\/wp\/v2\/product_cat?post=8873"},{"taxonomy":"product_tag","embeddable":true,"href":"https:\/\/idakorea.ee\/ru\/wp-json\/wp\/v2\/product_tag?post=8873"}],"curies":[{"name":"WP","href":"https:\/\/api.w.org\/{rel}","templated":true}]}}