{"id":8885,"date":"2024-06-28T09:41:36","date_gmt":"2024-06-28T09:41:36","guid":{"rendered":"https:\/\/idakorea.ee\/?post_type=product&#038;p=8885"},"modified":"2026-03-30T11:28:43","modified_gmt":"2026-03-30T09:28:43","slug":"kooriv-geel-lha-happega-anua-heartleaf-lha-moisture-peeling-gel-100-ml","status":"publish","type":"product","link":"https:\/\/idakorea.ee\/ru\/product\/kooriv-geel-lha-happega-anua-heartleaf-lha-moisture-peeling-gel-100-ml\/","title":{"rendered":"\u041e\u0442\u0448\u0435\u043b\u0443\u0448\u0438\u0432\u0430\u044e\u0449\u0438\u0439 \u0433\u0435\u043b\u044c \u0441 LHA-\u043a\u0438\u0441\u043b\u043e\u0442\u0430\u043c\u0438 Anua Heartleaf LHA Moisture Peeling Gel, 120 \u043c\u043b"},"content":{"rendered":"<div class=\"flex flex-grow flex-col max-w-full\">\n<div class=\"min-h-[20px] text-message flex flex-col items-start whitespace-pre-wrap break-words [.text-message+&amp;]:mt-5 juice:w-full juice:items-end overflow-x-auto gap-2\" dir=\"auto\" data-message-author-role=\"assistant\" data-message-id=\"2843c6b1-0f1c-4e26-97aa-b9f9bd7c2632\">\n<div class=\"flex w-full flex-col gap-1 juice:empty:hidden juice:first:pt-[3px]\">\n<div class=\"markdown prose w-full break-words dark:prose-invert light\">\n<p><strong>Anua Heartleaf LHA Moisture Peeling Gel <\/strong>kooriv geel LHA-happega eemaldab t\u00f5husalt epidermise pinnalt surnud rakud, absorbeerib liigse rasu ja muud mustuse. Toimib nahale \u00f5rnalt, ei p\u00f5hjusta kuivust ega kahjusta kaitsebarj\u00e4\u00e4ri.<\/p>\n<p>Stimuliseerib rakuvahetuse, regenereerimise ja naha paranemise protsesse, taastab barj\u00e4\u00e4rifunktsioonid. Pehmendab karedaid nahapiirkondi, silub mikrokontuuri ja k\u00f5rvaldab ketenduse. \u00dchtlustab n\u00e4o \u00fcldist tooni, helendab rasun\u00e4\u00e4rmeid ja aitab v\u00f5idelda mustpeadega. Omab v\u00e4ljendunud rahustavat toimet, leevendab \u00e4rritust ja ravib aknet.<\/p>\n<p><strong>Peamised toimeained:<\/strong><\/p>\n<ul>\n<li><strong>LHA-hape<\/strong> \u2014 salits\u00fc\u00fclhappe derivaat. Suuremate molekulide t\u00f5ttu t\u00f6\u00f6tab aeglasemalt ja palju pehmemalt. Ei p\u00f5hjusta \u00e4rritust. Aeglustab rakkude keratiniseerumisprotsessi poorikanalites, omab antibakteriaalset toimet.<\/li>\n<li><strong>S\u00fcdamerohu ekstrakt<\/strong> omab v\u00e4ljendunud haavade paranemise ja p\u00f5letikuvastaseid omadusi. Normaliseerib naha seisundit, leevendab \u00e4rritust, v\u00e4hendab p\u00f5letikukoldeid. Tugevdab immuunsust, muudab epidermise pinna v\u00e4hem tundlikuks ja reaktiivseks.<\/li>\n<li><strong>Patenteeritud BioDtox kompleks<\/strong> sisaldab vitamiini P, brokoli, aaloe ja bioflavonoidide ekstrakti. Taastab naha toonuse ja v\u00e4rvikirevuse, k\u00f5rvaldab tuhmuse ja tumedad ringid. Tervendab ja tugevdab immuunsust. Omab tugevat antioks\u00fcdantset aktiivsust.<\/li>\n<li><strong>Safloori ekstrakt<\/strong> toidab t\u00f5husalt epidermise rakke ja pehmendab nahka, omab antioks\u00fcdantset toimet, aitab v\u00f5idelda esimeste vananemism\u00e4rkide ja kuperoosiga.<\/li>\n<li><strong>Gardeenia ekstrakt<\/strong> v\u00e4rskendab ja parandab jume, tagades ilusa \u00fchtlase tooni. Omab kaitsvat, taastavat ja antiseptilist omadust.<\/li>\n<li><strong>Kakaoubade ekstrakt<\/strong> toniseerib, v\u00e4hendab turset, omab antioks\u00fcdantset toimet, stimuleerib paranemist.<\/li>\n<li><strong>Arginiin<\/strong> \u2014 aminohape, mis parandab vere mikrotsirkulatsiooni, suurendab kaitsefunktsioone, annab elastsust, aktiveerib kollageeni ja elastiini tootmist, ravib.<\/li>\n<\/ul>\n<p>Sobib normaalsele ja kombineeritud nahale.<\/p>\n<p><strong>Kasutusjuhend:<\/strong> kandke vajalik kogus geeli kuivale puhtale nahale, v\u00e4ltides silmade ja huulte piirkonda. Masseerige nahka minuti jooksul, seej\u00e4rel loputage toote j\u00e4\u00e4gid.<\/p>\n<\/div>\n<\/div>\n<\/div>\n<\/div>\n","protected":false},"excerpt":{"rendered":"<p>\u041e\u0442\u0448\u0435\u043b\u0443\u0448\u0438\u0432\u0430\u044e\u0449\u0438\u0439 \u0433\u0435\u043b\u044c Anua Heartleaf LHA Moisture Peeling Gel \u0441 LHA-\u043a\u0438\u0441\u043b\u043e\u0442\u043e\u0439 \u044d\u0444\u0444\u0435\u043a\u0442\u0438\u0432\u043d\u043e \u0443\u0434\u0430\u043b\u044f\u0435\u0442 \u043e\u043c\u0435\u0440\u0442\u0432\u0435\u0432\u0448\u0438\u0435 \u043a\u043b\u0435\u0442\u043a\u0438 \u044d\u043f\u0438\u0434\u0435\u0440\u043c\u0438\u0441\u0430, \u0430\u0431\u0441\u043e\u0440\u0431\u0438\u0440\u0443\u0435\u0442 \u0438\u0437\u043b\u0438\u0448\u043a\u0438 \u043c\u0430\u0441\u043b\u0430 \u0438 \u0434\u0440\u0443\u0433\u0438\u0445 \u0437\u0430\u0433\u0440\u044f\u0437\u043d\u0435\u043d\u0438\u0439. \u041c\u044f\u0433\u043a\u043e \u043e\u0442\u0448\u0435\u043b\u0443\u0448\u0438\u0432\u0430\u0435\u0442 \u043a\u043e\u0436\u0443, \u043d\u0435 \u0432\u044b\u0437\u044b\u0432\u0430\u044f \u0441\u0443\u0445\u043e\u0441\u0442\u0438 \u0438 \u043d\u0435 \u043f\u043e\u0432\u0440\u0435\u0436\u0434\u0430\u044f \u0437\u0430\u0449\u0438\u0442\u043d\u044b\u0439 \u0431\u0430\u0440\u044c\u0435\u0440. \u0421\u0442\u0438\u043c\u0443\u043b\u0438\u0440\u0443\u0435\u0442 \u043f\u0440\u043e\u0446\u0435\u0441\u0441\u044b \u043a\u043b\u0435\u0442\u043e\u0447\u043d\u043e\u0433\u043e \u043e\u0431\u043c\u0435\u043d\u0430, \u0440\u0435\u0433\u0435\u043d\u0435\u0440\u0430\u0446\u0438\u0438 \u0438 \u0437\u0430\u0436\u0438\u0432\u043b\u0435\u043d\u0438\u044f \u043a\u043e\u0436\u0438, \u0432\u043e\u0441\u0441\u0442\u0430\u043d\u0430\u0432\u043b\u0438\u0432\u0430\u0435\u0442 \u0431\u0430\u0440\u044c\u0435\u0440\u043d\u044b\u0435 \u0444\u0443\u043d\u043a\u0446\u0438\u0438. \u0421\u043c\u044f\u0433\u0447\u0430\u0435\u0442 \u043e\u0433\u0440\u0443\u0431\u0435\u0432\u0448\u0438\u0435 \u0443\u0447\u0430\u0441\u0442\u043a\u0438, \u0432\u044b\u0440\u0430\u0432\u043d\u0438\u0432\u0430\u0435\u0442 \u043c\u0438\u043a\u0440\u043e\u043a\u043e\u043d\u0442\u0443\u0440\u044b \u0438 \u0443\u0441\u0442\u0440\u0430\u043d\u044f\u0435\u0442 \u0448\u0435\u043b\u0443\u0448\u0435\u043d\u0438\u0435. \u0423\u043b\u0443\u0447\u0448\u0430\u0435\u0442 \u043e\u0431\u0449\u0438\u0439 \u0442\u043e\u043d \u043b\u0438\u0446\u0430, \u043e\u0441\u0432\u0435\u0442\u043b\u044f\u0435\u0442 \u0441\u0430\u043b\u044c\u043d\u044b\u0435 \u0436\u0435\u043b\u0435\u0437\u044b \u0438...<\/p>","protected":false},"featured_media":8886,"comment_status":"open","ping_status":"closed","template":"","meta":{"_uf_show_specific_survey":0,"_uf_disable_surveys":false,"_bst_post_transparent":"default","_bst_post_title":"","_bst_post_layout":"default","_bst_post_sidebar_id":"","_bst_post_content_style":"default","_bst_post_vertical_padding":"default","_bst_post_feature":"","_bst_post_feature_position":"","_bst_post_header":false,"_bst_post_footer":false},"pwb-brand":[104],"product_brand":[],"product_cat":[100],"product_tag":[102,233,377,202,230],"class_list":{"0":"post-8885","1":"product","2":"type-product","3":"status-publish","4":"has-post-thumbnail","6":"pwb-brand-anua","7":"product_cat-puhastusvahendid","8":"product_tag-anua","9":"product_tag-internet-pood-eesti","10":"product_tag-k-beauty-2","11":"product_tag-korea-kosmeetika","12":"product_tag-pigment","14":"first","15":"instock","16":"sale","17":"shipping-taxable","18":"purchasable","19":"product-type-simple","20":"entry","21":"content-bg","22":"loop-entry"},"supplier_id":null,"supplier_sku":"","barcode":null,"atum_controlled":true,"out_stock_date":null,"out_stock_threshold":null,"inheritable":false,"inbound_stock":0,"stock_on_hold":0,"sold_today":0,"sales_last_days":0,"out_stock_days":0,"lost_sales":0,"has_location":false,"update_date":"2026-04-14T00:05:10","atum_locations":[],"atum_stock_status":"instock","restock_status":false,"low_stock_amount":"","sales_update_date":"2026-04-14T00:05:10","calc_backorders":null,"yoast_head":"<!-- This site is optimized with the Yoast SEO plugin v27.2 - https:\/\/yoast.com\/product\/yoast-seo-wordpress\/ -->\n<title>Kooriv geel LHA-happega Anua Heartleaf LHA Moisture Peeling Gel, 120 ml - IDA.KOREA<\/title>\n<meta name=\"description\" content=\"Anua Heartleaf LHA Moisture Peeling Gel kooriv geel LHA-happega eemaldab t\u00f5husalt epidermise pinnalt surnud rakud, absorbeerib liigse rasu ja muud mustuse. Toimib nahale \u00f5rnalt, ei p\u00f5hjusta kuivust ega kahjusta kaitsebarj\u00e4\u00e4ri.\" \/>\n<meta name=\"robots\" content=\"index, follow, max-snippet:-1, max-image-preview:large, max-video-preview:-1\" \/>\n<link rel=\"canonical\" href=\"https:\/\/idakorea.ee\/ru\/product\/kooriv-geel-lha-happega-anua-heartleaf-lha-moisture-peeling-gel-100-ml\/\" \/>\n<meta property=\"og:locale\" content=\"ru_RU\" \/>\n<meta property=\"og:type\" content=\"article\" \/>\n<meta property=\"og:title\" content=\"Kooriv geel LHA-happega Anua Heartleaf LHA Moisture Peeling Gel, 120 ml - IDA.KOREA\" \/>\n<meta property=\"og:description\" content=\"Anua Heartleaf LHA Moisture Peeling Gel kooriv geel LHA-happega eemaldab t\u00f5husalt epidermise pinnalt surnud rakud, absorbeerib liigse rasu ja muud mustuse. Toimib nahale \u00f5rnalt, ei p\u00f5hjusta kuivust ega kahjusta kaitsebarj\u00e4\u00e4ri.\" \/>\n<meta property=\"og:url\" content=\"https:\/\/idakorea.ee\/ru\/product\/kooriv-geel-lha-happega-anua-heartleaf-lha-moisture-peeling-gel-100-ml\/\" \/>\n<meta property=\"og:site_name\" content=\"IDA.KOREA\" \/>\n<meta property=\"article:modified_time\" content=\"2026-03-30T09:28:43+00:00\" \/>\n<meta property=\"og:image\" content=\"https:\/\/idakorea.ee\/wp-content\/uploads\/2024\/06\/hollyshop-_-2023_11_25t173453.198-_1_.png\" \/>\n\t<meta property=\"og:image:width\" content=\"1000\" \/>\n\t<meta property=\"og:image:height\" content=\"1000\" \/>\n\t<meta property=\"og:image:type\" content=\"image\/png\" \/>\n<meta name=\"twitter:card\" content=\"summary_large_image\" \/>\n<meta name=\"twitter:label1\" content=\"\u041f\u0440\u0438\u043c\u0435\u0440\u043d\u043e\u0435 \u0432\u0440\u0435\u043c\u044f \u0434\u043b\u044f \u0447\u0442\u0435\u043d\u0438\u044f\" \/>\n\t<meta name=\"twitter:data1\" content=\"2 \u043c\u0438\u043d\u0443\u0442\u044b\" \/>\n<script type=\"application\/ld+json\" class=\"yoast-schema-graph\">{\"@context\":\"https:\/\/schema.org\",\"@graph\":[{\"@type\":\"WebPage\",\"@id\":\"https:\/\/idakorea.ee\/product\/kooriv-geel-lha-happega-anua-heartleaf-lha-moisture-peeling-gel-100-ml\/\",\"url\":\"https:\/\/idakorea.ee\/product\/kooriv-geel-lha-happega-anua-heartleaf-lha-moisture-peeling-gel-100-ml\/\",\"name\":\"Kooriv geel LHA-happega Anua Heartleaf LHA Moisture Peeling Gel, 120 ml - IDA.KOREA\",\"isPartOf\":{\"@id\":\"https:\/\/idakorea.ee\/#website\"},\"primaryImageOfPage\":{\"@id\":\"https:\/\/idakorea.ee\/product\/kooriv-geel-lha-happega-anua-heartleaf-lha-moisture-peeling-gel-100-ml\/#primaryimage\"},\"image\":{\"@id\":\"https:\/\/idakorea.ee\/product\/kooriv-geel-lha-happega-anua-heartleaf-lha-moisture-peeling-gel-100-ml\/#primaryimage\"},\"thumbnailUrl\":\"https:\/\/idakorea.ee\/wp-content\/uploads\/2024\/06\/hollyshop-_-2023_11_25t173453.198-_1_.png\",\"datePublished\":\"2024-06-28T09:41:36+00:00\",\"dateModified\":\"2026-03-30T09:28:43+00:00\",\"description\":\"Anua Heartleaf LHA Moisture Peeling Gel kooriv geel LHA-happega eemaldab t\u00f5husalt epidermise pinnalt surnud rakud, absorbeerib liigse rasu ja muud mustuse. Toimib nahale \u00f5rnalt, ei p\u00f5hjusta kuivust ega kahjusta kaitsebarj\u00e4\u00e4ri.\",\"breadcrumb\":{\"@id\":\"https:\/\/idakorea.ee\/product\/kooriv-geel-lha-happega-anua-heartleaf-lha-moisture-peeling-gel-100-ml\/#breadcrumb\"},\"inLanguage\":\"ru-RU\",\"potentialAction\":[{\"@type\":\"ReadAction\",\"target\":[\"https:\/\/idakorea.ee\/product\/kooriv-geel-lha-happega-anua-heartleaf-lha-moisture-peeling-gel-100-ml\/\"]}]},{\"@type\":\"ImageObject\",\"inLanguage\":\"ru-RU\",\"@id\":\"https:\/\/idakorea.ee\/product\/kooriv-geel-lha-happega-anua-heartleaf-lha-moisture-peeling-gel-100-ml\/#primaryimage\",\"url\":\"https:\/\/idakorea.ee\/wp-content\/uploads\/2024\/06\/hollyshop-_-2023_11_25t173453.198-_1_.png\",\"contentUrl\":\"https:\/\/idakorea.ee\/wp-content\/uploads\/2024\/06\/hollyshop-_-2023_11_25t173453.198-_1_.png\",\"width\":1000,\"height\":1000},{\"@type\":\"BreadcrumbList\",\"@id\":\"https:\/\/idakorea.ee\/product\/kooriv-geel-lha-happega-anua-heartleaf-lha-moisture-peeling-gel-100-ml\/#breadcrumb\",\"itemListElement\":[{\"@type\":\"ListItem\",\"position\":1,\"name\":\"\u0413\u043b\u0430\u0432\u043d\u0430\u044f \u0441\u0442\u0440\u0430\u043d\u0438\u0446\u0430\",\"item\":\"https:\/\/idakorea.ee\/\"},{\"@type\":\"ListItem\",\"position\":2,\"name\":\"Shop\",\"item\":\"https:\/\/idakorea.ee\/shop-2\/\"},{\"@type\":\"ListItem\",\"position\":3,\"name\":\"Kooriv geel LHA-happega Anua Heartleaf LHA Moisture Peeling Gel, 120 ml\"}]},{\"@type\":\"WebSite\",\"@id\":\"https:\/\/idakorea.ee\/#website\",\"url\":\"https:\/\/idakorea.ee\/\",\"name\":\"IDA.KOREA\",\"description\":\"Korea kosmeetika e-pood\",\"publisher\":{\"@id\":\"https:\/\/idakorea.ee\/#organization\"},\"alternateName\":\"Beauty Shop\",\"potentialAction\":[{\"@type\":\"SearchAction\",\"target\":{\"@type\":\"EntryPoint\",\"urlTemplate\":\"https:\/\/idakorea.ee\/?s={search_term_string}\"},\"query-input\":{\"@type\":\"PropertyValueSpecification\",\"valueRequired\":true,\"valueName\":\"search_term_string\"}}],\"inLanguage\":\"ru-RU\"},{\"@type\":\"Organization\",\"@id\":\"https:\/\/idakorea.ee\/#organization\",\"name\":\"IDA.KOREA\",\"url\":\"https:\/\/idakorea.ee\/\",\"logo\":{\"@type\":\"ImageObject\",\"inLanguage\":\"ru-RU\",\"@id\":\"https:\/\/idakorea.ee\/#\/schema\/logo\/image\/\",\"url\":\"https:\/\/idakorea.ee\/wp-content\/uploads\/2024\/05\/cropped-korea3.png\",\"contentUrl\":\"https:\/\/idakorea.ee\/wp-content\/uploads\/2024\/05\/cropped-korea3.png\",\"width\":688,\"height\":126,\"caption\":\"IDA.KOREA\"},\"image\":{\"@id\":\"https:\/\/idakorea.ee\/#\/schema\/logo\/image\/\"},\"sameAs\":[\"https:\/\/www.instagram.com\/ida.korea\/\"]}]}<\/script>\n<!-- \/ Yoast SEO plugin. -->","yoast_head_json":{"title":"\u041e\u0442\u0448\u0435\u043b\u0443\u0448\u0438\u0432\u0430\u044e\u0449\u0438\u0439 \u0433\u0435\u043b\u044c \u0441 LHA-\u043a\u0438\u0441\u043b\u043e\u0442\u0430\u043c\u0438 Anua Heartleaf LHA Moisture Peeling Gel, 120 \u043c\u043b - IDA.KOREA","description":"\u041e\u0442\u0448\u0435\u043b\u0443\u0448\u0438\u0432\u0430\u044e\u0449\u0438\u0439 \u0433\u0435\u043b\u044c Anua Heartleaf LHA Moisture Peeling Gel \u0441 LHA-\u043a\u0438\u0441\u043b\u043e\u0442\u043e\u0439 \u044d\u0444\u0444\u0435\u043a\u0442\u0438\u0432\u043d\u043e \u0443\u0434\u0430\u043b\u044f\u0435\u0442 \u043e\u043c\u0435\u0440\u0442\u0432\u0435\u0432\u0448\u0438\u0435 \u043a\u043b\u0435\u0442\u043a\u0438 \u044d\u043f\u0438\u0434\u0435\u0440\u043c\u0438\u0441\u0430, \u0430\u0431\u0441\u043e\u0440\u0431\u0438\u0440\u0443\u0435\u0442 \u0438\u0437\u043b\u0438\u0448\u043a\u0438 \u043c\u0430\u0441\u043b\u0430 \u0438 \u0434\u0440\u0443\u0433\u0438\u0445 \u0437\u0430\u0433\u0440\u044f\u0437\u043d\u0435\u043d\u0438\u0439. \u041c\u044f\u0433\u043a\u043e \u043e\u0442\u0448\u0435\u043b\u0443\u0448\u0438\u0432\u0430\u0435\u0442 \u043a\u043e\u0436\u0443, \u043d\u0435 \u0432\u044b\u0437\u044b\u0432\u0430\u044f \u0441\u0443\u0445\u043e\u0441\u0442\u0438 \u0438 \u043d\u0435 \u043f\u043e\u0432\u0440\u0435\u0436\u0434\u0430\u044f \u0437\u0430\u0449\u0438\u0442\u043d\u044b\u0439 \u0431\u0430\u0440\u044c\u0435\u0440.","robots":{"index":"index","follow":"follow","max-snippet":"max-snippet:-1","max-image-preview":"max-image-preview:large","max-video-preview":"max-video-preview:-1"},"canonical":"https:\/\/idakorea.ee\/ru\/product\/kooriv-geel-lha-happega-anua-heartleaf-lha-moisture-peeling-gel-100-ml\/","og_locale":"ru_RU","og_type":"article","og_title":"Kooriv geel LHA-happega Anua Heartleaf LHA Moisture Peeling Gel, 120 ml - IDA.KOREA","og_description":"Anua Heartleaf LHA Moisture Peeling Gel kooriv geel LHA-happega eemaldab t\u00f5husalt epidermise pinnalt surnud rakud, absorbeerib liigse rasu ja muud mustuse. Toimib nahale \u00f5rnalt, ei p\u00f5hjusta kuivust ega kahjusta kaitsebarj\u00e4\u00e4ri.","og_url":"https:\/\/idakorea.ee\/ru\/product\/kooriv-geel-lha-happega-anua-heartleaf-lha-moisture-peeling-gel-100-ml\/","og_site_name":"IDA.KOREA","article_modified_time":"2026-03-30T09:28:43+00:00","og_image":[{"width":1000,"height":1000,"url":"https:\/\/idakorea.ee\/wp-content\/uploads\/2024\/06\/hollyshop-_-2023_11_25t173453.198-_1_.png","type":"image\/png"}],"twitter_card":"summary_large_image","twitter_misc":{"\u041f\u0440\u0438\u043c\u0435\u0440\u043d\u043e\u0435 \u0432\u0440\u0435\u043c\u044f \u0434\u043b\u044f \u0447\u0442\u0435\u043d\u0438\u044f":"2 \u043c\u0438\u043d\u0443\u0442\u044b"},"schema":{"@context":"https:\/\/schema.org","@graph":[{"@type":"WebPage","@id":"https:\/\/idakorea.ee\/product\/kooriv-geel-lha-happega-anua-heartleaf-lha-moisture-peeling-gel-100-ml\/","url":"https:\/\/idakorea.ee\/product\/kooriv-geel-lha-happega-anua-heartleaf-lha-moisture-peeling-gel-100-ml\/","name":"\u041e\u0442\u0448\u0435\u043b\u0443\u0448\u0438\u0432\u0430\u044e\u0449\u0438\u0439 \u0433\u0435\u043b\u044c \u0441 LHA-\u043a\u0438\u0441\u043b\u043e\u0442\u0430\u043c\u0438 Anua Heartleaf LHA Moisture Peeling Gel, 120 \u043c\u043b - IDA.KOREA","isPartOf":{"@id":"https:\/\/idakorea.ee\/#website"},"primaryImageOfPage":{"@id":"https:\/\/idakorea.ee\/product\/kooriv-geel-lha-happega-anua-heartleaf-lha-moisture-peeling-gel-100-ml\/#primaryimage"},"image":{"@id":"https:\/\/idakorea.ee\/product\/kooriv-geel-lha-happega-anua-heartleaf-lha-moisture-peeling-gel-100-ml\/#primaryimage"},"thumbnailUrl":"https:\/\/idakorea.ee\/wp-content\/uploads\/2024\/06\/hollyshop-_-2023_11_25t173453.198-_1_.png","datePublished":"2024-06-28T09:41:36+00:00","dateModified":"2026-03-30T09:28:43+00:00","description":"\u041e\u0442\u0448\u0435\u043b\u0443\u0448\u0438\u0432\u0430\u044e\u0449\u0438\u0439 \u0433\u0435\u043b\u044c Anua Heartleaf LHA Moisture Peeling Gel \u0441 LHA-\u043a\u0438\u0441\u043b\u043e\u0442\u043e\u0439 \u044d\u0444\u0444\u0435\u043a\u0442\u0438\u0432\u043d\u043e \u0443\u0434\u0430\u043b\u044f\u0435\u0442 \u043e\u043c\u0435\u0440\u0442\u0432\u0435\u0432\u0448\u0438\u0435 \u043a\u043b\u0435\u0442\u043a\u0438 \u044d\u043f\u0438\u0434\u0435\u0440\u043c\u0438\u0441\u0430, \u0430\u0431\u0441\u043e\u0440\u0431\u0438\u0440\u0443\u0435\u0442 \u0438\u0437\u043b\u0438\u0448\u043a\u0438 \u043c\u0430\u0441\u043b\u0430 \u0438 \u0434\u0440\u0443\u0433\u0438\u0445 \u0437\u0430\u0433\u0440\u044f\u0437\u043d\u0435\u043d\u0438\u0439. \u041c\u044f\u0433\u043a\u043e \u043e\u0442\u0448\u0435\u043b\u0443\u0448\u0438\u0432\u0430\u0435\u0442 \u043a\u043e\u0436\u0443, \u043d\u0435 \u0432\u044b\u0437\u044b\u0432\u0430\u044f \u0441\u0443\u0445\u043e\u0441\u0442\u0438 \u0438 \u043d\u0435 \u043f\u043e\u0432\u0440\u0435\u0436\u0434\u0430\u044f \u0437\u0430\u0449\u0438\u0442\u043d\u044b\u0439 \u0431\u0430\u0440\u044c\u0435\u0440.","breadcrumb":{"@id":"https:\/\/idakorea.ee\/product\/kooriv-geel-lha-happega-anua-heartleaf-lha-moisture-peeling-gel-100-ml\/#breadcrumb"},"inLanguage":"ru-RU","potentialAction":[{"@type":"ReadAction","target":["https:\/\/idakorea.ee\/product\/kooriv-geel-lha-happega-anua-heartleaf-lha-moisture-peeling-gel-100-ml\/"]}]},{"@type":"ImageObject","inLanguage":"ru-RU","@id":"https:\/\/idakorea.ee\/product\/kooriv-geel-lha-happega-anua-heartleaf-lha-moisture-peeling-gel-100-ml\/#primaryimage","url":"https:\/\/idakorea.ee\/wp-content\/uploads\/2024\/06\/hollyshop-_-2023_11_25t173453.198-_1_.png","contentUrl":"https:\/\/idakorea.ee\/wp-content\/uploads\/2024\/06\/hollyshop-_-2023_11_25t173453.198-_1_.png","width":1000,"height":1000},{"@type":"BreadcrumbList","@id":"https:\/\/idakorea.ee\/product\/kooriv-geel-lha-happega-anua-heartleaf-lha-moisture-peeling-gel-100-ml\/#breadcrumb","itemListElement":[{"@type":"ListItem","position":1,"name":"\u0413\u043b\u0430\u0432\u043d\u0430\u044f \u0441\u0442\u0440\u0430\u043d\u0438\u0446\u0430","item":"https:\/\/idakorea.ee\/"},{"@type":"ListItem","position":2,"name":"Shop","item":"https:\/\/idakorea.ee\/shop-2\/"},{"@type":"ListItem","position":3,"name":"Kooriv geel LHA-happega Anua Heartleaf LHA Moisture Peeling Gel, 120 ml"}]},{"@type":"WebSite","@id":"https:\/\/idakorea.ee\/#website","url":"https:\/\/idakorea.ee\/","name":"\u0418\u0414\u0410.\u041a\u041e\u0420\u0415\u042f","description":"\u0418\u043d\u0442\u0435\u0440\u043d\u0435\u0442-\u043c\u0430\u0433\u0430\u0437\u0438\u043d \u043a\u043e\u0440\u0435\u0439\u0441\u043a\u043e\u0439 \u043a\u043e\u0441\u043c\u0435\u0442\u0438\u043a\u0438","publisher":{"@id":"https:\/\/idakorea.ee\/#organization"},"alternateName":"Beauty Shop","potentialAction":[{"@type":"SearchAction","target":{"@type":"EntryPoint","urlTemplate":"https:\/\/idakorea.ee\/?s={search_term_string}"},"query-input":{"@type":"PropertyValueSpecification","valueRequired":true,"valueName":"search_term_string"}}],"inLanguage":"ru-RU"},{"@type":"Organization","@id":"https:\/\/idakorea.ee\/#organization","name":"\u0418\u0414\u0410.\u041a\u041e\u0420\u0415\u042f","url":"https:\/\/idakorea.ee\/","logo":{"@type":"ImageObject","inLanguage":"ru-RU","@id":"https:\/\/idakorea.ee\/#\/schema\/logo\/image\/","url":"https:\/\/idakorea.ee\/wp-content\/uploads\/2024\/05\/cropped-korea3.png","contentUrl":"https:\/\/idakorea.ee\/wp-content\/uploads\/2024\/05\/cropped-korea3.png","width":688,"height":126,"caption":"IDA.KOREA"},"image":{"@id":"https:\/\/idakorea.ee\/#\/schema\/logo\/image\/"},"sameAs":["https:\/\/www.instagram.com\/ida.korea\/"]}]}},"jetpack_sharing_enabled":true,"brands":[{"id":104,"name":"ANUA","slug":"anua"}],"_links":{"self":[{"href":"https:\/\/idakorea.ee\/ru\/wp-json\/wp\/v2\/product\/8885","targetHints":{"allow":["GET"]}}],"collection":[{"href":"https:\/\/idakorea.ee\/ru\/wp-json\/wp\/v2\/product"}],"about":[{"href":"https:\/\/idakorea.ee\/ru\/wp-json\/wp\/v2\/types\/product"}],"replies":[{"embeddable":true,"href":"https:\/\/idakorea.ee\/ru\/wp-json\/wp\/v2\/comments?post=8885"}],"version-history":[{"count":1,"href":"https:\/\/idakorea.ee\/ru\/wp-json\/wp\/v2\/product\/8885\/revisions"}],"predecessor-version":[{"id":9478,"href":"https:\/\/idakorea.ee\/ru\/wp-json\/wp\/v2\/product\/8885\/revisions\/9478"}],"wp:featuredmedia":[{"embeddable":true,"href":"https:\/\/idakorea.ee\/ru\/wp-json\/wp\/v2\/media\/8886"}],"wp:attachment":[{"href":"https:\/\/idakorea.ee\/ru\/wp-json\/wp\/v2\/media?parent=8885"}],"wp:term":[{"taxonomy":"pwb-brand","embeddable":true,"href":"https:\/\/idakorea.ee\/ru\/wp-json\/wp\/v2\/pwb-brand?post=8885"},{"taxonomy":"product_brand","embeddable":true,"href":"https:\/\/idakorea.ee\/ru\/wp-json\/wp\/v2\/product_brand?post=8885"},{"taxonomy":"product_cat","embeddable":true,"href":"https:\/\/idakorea.ee\/ru\/wp-json\/wp\/v2\/product_cat?post=8885"},{"taxonomy":"product_tag","embeddable":true,"href":"https:\/\/idakorea.ee\/ru\/wp-json\/wp\/v2\/product_tag?post=8885"}],"curies":[{"name":"WP","href":"https:\/\/api.w.org\/{rel}","templated":true}]}}