{"id":9135,"date":"2024-07-04T10:58:15","date_gmt":"2024-07-04T10:58:15","guid":{"rendered":"https:\/\/idakorea.ee\/?post_type=product&#038;p=9135"},"modified":"2026-01-30T17:05:36","modified_gmt":"2026-01-30T15:05:36","slug":"silikoonhari-medi-peel-air-touch-silicon-pack-brush","status":"publish","type":"product","link":"https:\/\/idakorea.ee\/ru\/product\/silikoonhari-medi-peel-air-touch-silicon-pack-brush\/","title":{"rendered":"\u0421\u0438\u043b\u0438\u043a\u043e\u043d\u043e\u0432\u0430\u044f \u043a\u0438\u0441\u0442\u044c Medi-Peel Air Touch Silicone Pack Brush"},"content":{"rendered":"<div class=\"flex-shrink-0 flex flex-col relative items-end\">\n<div>\n<div class=\"pt-0.5 juice:pt-0\">\n<div class=\"gizmo-bot-avatar flex h-6 w-6 items-center justify-center overflow-hidden rounded-full juice:h-8 juice:w-8\">\n<div class=\"relative p-1 rounded-sm flex items-center justify-center bg-token-main-surface-primary text-token-text-primary h-8 w-8\"><span style=\"font-family: var(--global-body-font-family);\">Silikoonist pintsel, mis aitab kanda igasuguseid pakke \u00fchtlaselt ja sujuvalt nahale. Silikoonhari, mis ei deformeeru ja suudab alati levitada ilutoodet \u00fchtlaselt nagu esimesel kasutuskorral. Lihtne puhastada vee v\u00f5i salvr\u00e4tikuga p\u00e4rast kasutamist, kuivab kiiresti ja seda saab h\u00fcgieeniliselt kasutada ka niiskes vannitoas.<\/span><\/div>\n<\/div>\n<\/div>\n<\/div>\n<\/div>\n<div class=\"group\/conversation-turn relative flex w-full min-w-0 flex-col agent-turn\">\n<div class=\"flex-col gap-1 md:gap-3\">\n<div class=\"flex flex-grow flex-col max-w-full\">\n<div class=\"min-h-[20px] text-message flex flex-col items-start whitespace-pre-wrap break-words [.text-message+&amp;]:mt-5 juice:w-full juice:items-end overflow-x-auto gap-2\" dir=\"auto\" data-message-author-role=\"assistant\" data-message-id=\"6789aff1-9f96-4a9f-9480-77ff9cd9c106\">\n<div class=\"flex w-full flex-col gap-1 juice:empty:hidden juice:first:pt-[3px]\">\n<div class=\"markdown prose w-full break-words dark:prose-invert light\">\n<p>&nbsp;<\/p>\n<\/div>\n<\/div>\n<\/div>\n<\/div>\n<\/div>\n<\/div>\n","protected":false},"excerpt":{"rendered":"<p>\u0421\u0438\u043b\u0438\u043a\u043e\u043d\u043e\u0432\u0430\u044f \u043a\u0438\u0441\u0442\u044c, \u043a\u043e\u0442\u043e\u0440\u0430\u044f \u043f\u043e\u043c\u043e\u0433\u0430\u0435\u0442 \u0440\u0430\u0432\u043d\u043e\u043c\u0435\u0440\u043d\u043e \u0438 \u0433\u043b\u0430\u0434\u043a\u043e \u043d\u0430\u043d\u043e\u0441\u0438\u0442\u044c \u043d\u0430 \u043a\u043e\u0436\u0443 \u043b\u044e\u0431\u044b\u0435 \u0441\u0440\u0435\u0434\u0441\u0442\u0432\u0430. \u0421\u0438\u043b\u0438\u043a\u043e\u043d\u043e\u0432\u0430\u044f \u043a\u0438\u0441\u0442\u044c,  \u043d\u0435 \u0434\u0435\u0444\u043e\u0440\u043c\u0438\u0440\u0443\u0435\u0442\u0441\u044f \u0438 \u0432\u0441\u0435\u0433\u0434\u0430 \u043d\u0430\u043d\u043e\u0441\u0438\u0442 \u043a\u043e\u0441\u043c\u0435\u0442\u0438\u0447\u0435\u0441\u043a\u043e\u0435 \u0441\u0440\u0435\u0434\u0441\u0442\u0432\u043e \u0440\u0430\u0432\u043d\u043e\u043c\u0435\u0440\u043d\u043e, \u043a\u0430\u043a \u0432 \u043f\u0435\u0440\u0432\u044b\u0439 \u0440\u0430\u0437. \u041b\u0435\u0433\u043a\u043e \u043e\u0447\u0438\u0449\u0430\u0435\u0442\u0441\u044f \u0432\u043e\u0434\u043e\u0439 \u0438\u043b\u0438 \u0441\u0430\u043b\u0444\u0435\u0442\u043a\u043e\u0439 \u043f\u043e\u0441\u043b\u0435 \u0438\u0441\u043f\u043e\u043b\u044c\u0437\u043e\u0432\u0430\u043d\u0438\u044f, \u0431\u044b\u0441\u0442\u0440\u043e \u0441\u043e\u0445\u043d\u0435\u0442 \u0438 \u043c\u043e\u0436\u0435\u0442 \u0433\u0438\u0433\u0438\u0435\u043d\u0438\u0447\u043d\u043e \u0438\u0441\u043f\u043e\u043b\u044c\u0437\u043e\u0432\u0430\u0442\u044c\u0441\u044f \u0432\u043e \u0432\u043b\u0430\u0436\u043d\u043e\u0439 \u0432\u0430\u043d\u043d\u043e\u0439 \u043a\u043e\u043c\u043d\u0430\u0442\u0435. &nbsp;<\/p>","protected":false},"featured_media":9136,"comment_status":"open","ping_status":"closed","template":"","meta":{"_uf_show_specific_survey":0,"_uf_disable_surveys":false,"_bst_post_transparent":"default","_bst_post_title":"","_bst_post_layout":"default","_bst_post_sidebar_id":"","_bst_post_content_style":"default","_bst_post_vertical_padding":"default","_bst_post_feature":"","_bst_post_feature_position":"","_bst_post_header":false,"_bst_post_footer":false},"pwb-brand":[107],"product_brand":[],"product_cat":[463],"product_tag":[],"class_list":{"0":"post-9135","1":"product","2":"type-product","3":"status-publish","4":"has-post-thumbnail","6":"pwb-brand-medipeel","7":"product_cat-tarvikud","9":"first","10":"outofstock","11":"sale","12":"shipping-taxable","13":"purchasable","14":"product-type-simple","15":"entry","16":"content-bg","17":"loop-entry"},"supplier_id":null,"supplier_sku":"","barcode":null,"atum_controlled":true,"out_stock_date":"2025-11-21 07:21:20","out_stock_threshold":null,"inheritable":false,"inbound_stock":0,"stock_on_hold":0,"sold_today":0,"sales_last_days":0,"out_stock_days":143,"lost_sales":100,"has_location":false,"update_date":"2026-04-14T00:05:06","atum_locations":[],"atum_stock_status":"outofstock","restock_status":false,"low_stock_amount":"","sales_update_date":"2026-04-14T00:05:06","calc_backorders":null,"yoast_head":"<!-- This site is optimized with the Yoast SEO plugin v27.2 - https:\/\/yoast.com\/product\/yoast-seo-wordpress\/ -->\n<title>Silikoonhari Medi-Peel Air Touch Silicon Pack Brush - IDA.KOREA<\/title>\n<meta name=\"robots\" content=\"index, follow, max-snippet:-1, max-image-preview:large, max-video-preview:-1\" \/>\n<link rel=\"canonical\" href=\"https:\/\/idakorea.ee\/ru\/product\/silikoonhari-medi-peel-air-touch-silicon-pack-brush\/\" \/>\n<meta property=\"og:locale\" content=\"ru_RU\" \/>\n<meta property=\"og:type\" content=\"article\" \/>\n<meta property=\"og:title\" content=\"Silikoonhari Medi-Peel Air Touch Silicon Pack Brush - IDA.KOREA\" \/>\n<meta property=\"og:description\" content=\"Silikoonist pintsel, mis aitab kanda igasuguseid pakke \u00fchtlaselt ja sujuvalt nahale. Silikoonhari, mis ei deformeeru ja suudab alati levitada ilutoodet \u00fchtlaselt nagu esimesel kasutuskorral. Lihtne puhastada vee v\u00f5i salvr\u00e4tikuga p\u00e4rast kasutamist, kuivab kiiresti ja seda saab h\u00fcgieeniliselt kasutada ka niiskes vannitoas. &nbsp;\" \/>\n<meta property=\"og:url\" content=\"https:\/\/idakorea.ee\/ru\/product\/silikoonhari-medi-peel-air-touch-silicon-pack-brush\/\" \/>\n<meta property=\"og:site_name\" content=\"IDA.KOREA\" \/>\n<meta property=\"article:modified_time\" content=\"2026-01-30T15:05:36+00:00\" \/>\n<meta property=\"og:image\" content=\"https:\/\/idakorea.ee\/wp-content\/uploads\/2024\/07\/loi.jpg\" \/>\n\t<meta property=\"og:image:width\" content=\"900\" \/>\n\t<meta property=\"og:image:height\" content=\"900\" \/>\n\t<meta property=\"og:image:type\" content=\"image\/jpeg\" \/>\n<meta name=\"twitter:card\" content=\"summary_large_image\" \/>\n<meta name=\"twitter:label1\" content=\"\u041f\u0440\u0438\u043c\u0435\u0440\u043d\u043e\u0435 \u0432\u0440\u0435\u043c\u044f \u0434\u043b\u044f \u0447\u0442\u0435\u043d\u0438\u044f\" \/>\n\t<meta name=\"twitter:data1\" content=\"1 \u043c\u0438\u043d\u0443\u0442\u0430\" \/>\n<script type=\"application\/ld+json\" class=\"yoast-schema-graph\">{\"@context\":\"https:\/\/schema.org\",\"@graph\":[{\"@type\":\"WebPage\",\"@id\":\"https:\/\/idakorea.ee\/product\/silikoonhari-medi-peel-air-touch-silicon-pack-brush\/\",\"url\":\"https:\/\/idakorea.ee\/product\/silikoonhari-medi-peel-air-touch-silicon-pack-brush\/\",\"name\":\"Silikoonhari Medi-Peel Air Touch Silicon Pack Brush - IDA.KOREA\",\"isPartOf\":{\"@id\":\"https:\/\/idakorea.ee\/#website\"},\"primaryImageOfPage\":{\"@id\":\"https:\/\/idakorea.ee\/product\/silikoonhari-medi-peel-air-touch-silicon-pack-brush\/#primaryimage\"},\"image\":{\"@id\":\"https:\/\/idakorea.ee\/product\/silikoonhari-medi-peel-air-touch-silicon-pack-brush\/#primaryimage\"},\"thumbnailUrl\":\"https:\/\/idakorea.ee\/wp-content\/uploads\/2024\/07\/loi.jpg\",\"datePublished\":\"2024-07-04T10:58:15+00:00\",\"dateModified\":\"2026-01-30T15:05:36+00:00\",\"breadcrumb\":{\"@id\":\"https:\/\/idakorea.ee\/product\/silikoonhari-medi-peel-air-touch-silicon-pack-brush\/#breadcrumb\"},\"inLanguage\":\"ru-RU\",\"potentialAction\":[{\"@type\":\"ReadAction\",\"target\":[\"https:\/\/idakorea.ee\/product\/silikoonhari-medi-peel-air-touch-silicon-pack-brush\/\"]}]},{\"@type\":\"ImageObject\",\"inLanguage\":\"ru-RU\",\"@id\":\"https:\/\/idakorea.ee\/product\/silikoonhari-medi-peel-air-touch-silicon-pack-brush\/#primaryimage\",\"url\":\"https:\/\/idakorea.ee\/wp-content\/uploads\/2024\/07\/loi.jpg\",\"contentUrl\":\"https:\/\/idakorea.ee\/wp-content\/uploads\/2024\/07\/loi.jpg\",\"width\":900,\"height\":900},{\"@type\":\"BreadcrumbList\",\"@id\":\"https:\/\/idakorea.ee\/product\/silikoonhari-medi-peel-air-touch-silicon-pack-brush\/#breadcrumb\",\"itemListElement\":[{\"@type\":\"ListItem\",\"position\":1,\"name\":\"\u0413\u043b\u0430\u0432\u043d\u0430\u044f \u0441\u0442\u0440\u0430\u043d\u0438\u0446\u0430\",\"item\":\"https:\/\/idakorea.ee\/\"},{\"@type\":\"ListItem\",\"position\":2,\"name\":\"Shop\",\"item\":\"https:\/\/idakorea.ee\/shop-2\/\"},{\"@type\":\"ListItem\",\"position\":3,\"name\":\"Silikoonhari Medi-Peel Air Touch Silicon Pack Brush\"}]},{\"@type\":\"WebSite\",\"@id\":\"https:\/\/idakorea.ee\/#website\",\"url\":\"https:\/\/idakorea.ee\/\",\"name\":\"IDA.KOREA\",\"description\":\"Korea kosmeetika e-pood\",\"publisher\":{\"@id\":\"https:\/\/idakorea.ee\/#organization\"},\"alternateName\":\"Beauty Shop\",\"potentialAction\":[{\"@type\":\"SearchAction\",\"target\":{\"@type\":\"EntryPoint\",\"urlTemplate\":\"https:\/\/idakorea.ee\/?s={search_term_string}\"},\"query-input\":{\"@type\":\"PropertyValueSpecification\",\"valueRequired\":true,\"valueName\":\"search_term_string\"}}],\"inLanguage\":\"ru-RU\"},{\"@type\":\"Organization\",\"@id\":\"https:\/\/idakorea.ee\/#organization\",\"name\":\"IDA.KOREA\",\"url\":\"https:\/\/idakorea.ee\/\",\"logo\":{\"@type\":\"ImageObject\",\"inLanguage\":\"ru-RU\",\"@id\":\"https:\/\/idakorea.ee\/#\/schema\/logo\/image\/\",\"url\":\"https:\/\/idakorea.ee\/wp-content\/uploads\/2024\/05\/cropped-korea3.png\",\"contentUrl\":\"https:\/\/idakorea.ee\/wp-content\/uploads\/2024\/05\/cropped-korea3.png\",\"width\":688,\"height\":126,\"caption\":\"IDA.KOREA\"},\"image\":{\"@id\":\"https:\/\/idakorea.ee\/#\/schema\/logo\/image\/\"},\"sameAs\":[\"https:\/\/www.instagram.com\/ida.korea\/\"]}]}<\/script>\n<!-- \/ Yoast SEO plugin. -->","yoast_head_json":{"title":"\u0421\u0438\u043b\u0438\u043a\u043e\u043d\u043e\u0432\u0430\u044f \u0449\u0435\u0442\u043a\u0430 Medi-Peel Air Touch Silicone Pack Brush - IDA.KOREA","robots":{"index":"index","follow":"follow","max-snippet":"max-snippet:-1","max-image-preview":"max-image-preview:large","max-video-preview":"max-video-preview:-1"},"canonical":"https:\/\/idakorea.ee\/ru\/product\/silikoonhari-medi-peel-air-touch-silicon-pack-brush\/","og_locale":"ru_RU","og_type":"article","og_title":"Silikoonhari Medi-Peel Air Touch Silicon Pack Brush - IDA.KOREA","og_description":"Silikoonist pintsel, mis aitab kanda igasuguseid pakke \u00fchtlaselt ja sujuvalt nahale. Silikoonhari, mis ei deformeeru ja suudab alati levitada ilutoodet \u00fchtlaselt nagu esimesel kasutuskorral. Lihtne puhastada vee v\u00f5i salvr\u00e4tikuga p\u00e4rast kasutamist, kuivab kiiresti ja seda saab h\u00fcgieeniliselt kasutada ka niiskes vannitoas. &nbsp;","og_url":"https:\/\/idakorea.ee\/ru\/product\/silikoonhari-medi-peel-air-touch-silicon-pack-brush\/","og_site_name":"IDA.KOREA","article_modified_time":"2026-01-30T15:05:36+00:00","og_image":[{"width":900,"height":900,"url":"https:\/\/idakorea.ee\/wp-content\/uploads\/2024\/07\/loi.jpg","type":"image\/jpeg"}],"twitter_card":"summary_large_image","twitter_misc":{"\u041f\u0440\u0438\u043c\u0435\u0440\u043d\u043e\u0435 \u0432\u0440\u0435\u043c\u044f \u0434\u043b\u044f \u0447\u0442\u0435\u043d\u0438\u044f":"1 \u043c\u0438\u043d\u0443\u0442\u0430"},"schema":{"@context":"https:\/\/schema.org","@graph":[{"@type":"WebPage","@id":"https:\/\/idakorea.ee\/product\/silikoonhari-medi-peel-air-touch-silicon-pack-brush\/","url":"https:\/\/idakorea.ee\/product\/silikoonhari-medi-peel-air-touch-silicon-pack-brush\/","name":"\u0421\u0438\u043b\u0438\u043a\u043e\u043d\u043e\u0432\u0430\u044f \u0449\u0435\u0442\u043a\u0430 Medi-Peel Air Touch Silicone Pack Brush - IDA.KOREA","isPartOf":{"@id":"https:\/\/idakorea.ee\/#website"},"primaryImageOfPage":{"@id":"https:\/\/idakorea.ee\/product\/silikoonhari-medi-peel-air-touch-silicon-pack-brush\/#primaryimage"},"image":{"@id":"https:\/\/idakorea.ee\/product\/silikoonhari-medi-peel-air-touch-silicon-pack-brush\/#primaryimage"},"thumbnailUrl":"https:\/\/idakorea.ee\/wp-content\/uploads\/2024\/07\/loi.jpg","datePublished":"2024-07-04T10:58:15+00:00","dateModified":"2026-01-30T15:05:36+00:00","breadcrumb":{"@id":"https:\/\/idakorea.ee\/product\/silikoonhari-medi-peel-air-touch-silicon-pack-brush\/#breadcrumb"},"inLanguage":"ru-RU","potentialAction":[{"@type":"ReadAction","target":["https:\/\/idakorea.ee\/product\/silikoonhari-medi-peel-air-touch-silicon-pack-brush\/"]}]},{"@type":"ImageObject","inLanguage":"ru-RU","@id":"https:\/\/idakorea.ee\/product\/silikoonhari-medi-peel-air-touch-silicon-pack-brush\/#primaryimage","url":"https:\/\/idakorea.ee\/wp-content\/uploads\/2024\/07\/loi.jpg","contentUrl":"https:\/\/idakorea.ee\/wp-content\/uploads\/2024\/07\/loi.jpg","width":900,"height":900},{"@type":"BreadcrumbList","@id":"https:\/\/idakorea.ee\/product\/silikoonhari-medi-peel-air-touch-silicon-pack-brush\/#breadcrumb","itemListElement":[{"@type":"ListItem","position":1,"name":"\u0413\u043b\u0430\u0432\u043d\u0430\u044f \u0441\u0442\u0440\u0430\u043d\u0438\u0446\u0430","item":"https:\/\/idakorea.ee\/"},{"@type":"ListItem","position":2,"name":"Shop","item":"https:\/\/idakorea.ee\/shop-2\/"},{"@type":"ListItem","position":3,"name":"Silikoonhari Medi-Peel Air Touch Silicon Pack Brush"}]},{"@type":"WebSite","@id":"https:\/\/idakorea.ee\/#website","url":"https:\/\/idakorea.ee\/","name":"\u0418\u0414\u0410.\u041a\u041e\u0420\u0415\u042f","description":"\u0418\u043d\u0442\u0435\u0440\u043d\u0435\u0442-\u043c\u0430\u0433\u0430\u0437\u0438\u043d \u043a\u043e\u0440\u0435\u0439\u0441\u043a\u043e\u0439 \u043a\u043e\u0441\u043c\u0435\u0442\u0438\u043a\u0438","publisher":{"@id":"https:\/\/idakorea.ee\/#organization"},"alternateName":"Beauty Shop","potentialAction":[{"@type":"SearchAction","target":{"@type":"EntryPoint","urlTemplate":"https:\/\/idakorea.ee\/?s={search_term_string}"},"query-input":{"@type":"PropertyValueSpecification","valueRequired":true,"valueName":"search_term_string"}}],"inLanguage":"ru-RU"},{"@type":"Organization","@id":"https:\/\/idakorea.ee\/#organization","name":"\u0418\u0414\u0410.\u041a\u041e\u0420\u0415\u042f","url":"https:\/\/idakorea.ee\/","logo":{"@type":"ImageObject","inLanguage":"ru-RU","@id":"https:\/\/idakorea.ee\/#\/schema\/logo\/image\/","url":"https:\/\/idakorea.ee\/wp-content\/uploads\/2024\/05\/cropped-korea3.png","contentUrl":"https:\/\/idakorea.ee\/wp-content\/uploads\/2024\/05\/cropped-korea3.png","width":688,"height":126,"caption":"IDA.KOREA"},"image":{"@id":"https:\/\/idakorea.ee\/#\/schema\/logo\/image\/"},"sameAs":["https:\/\/www.instagram.com\/ida.korea\/"]}]}},"jetpack_sharing_enabled":true,"brands":[{"id":107,"name":"MEDIPEEL+","slug":"medipeel"}],"_links":{"self":[{"href":"https:\/\/idakorea.ee\/ru\/wp-json\/wp\/v2\/product\/9135","targetHints":{"allow":["GET"]}}],"collection":[{"href":"https:\/\/idakorea.ee\/ru\/wp-json\/wp\/v2\/product"}],"about":[{"href":"https:\/\/idakorea.ee\/ru\/wp-json\/wp\/v2\/types\/product"}],"replies":[{"embeddable":true,"href":"https:\/\/idakorea.ee\/ru\/wp-json\/wp\/v2\/comments?post=9135"}],"version-history":[{"count":1,"href":"https:\/\/idakorea.ee\/ru\/wp-json\/wp\/v2\/product\/9135\/revisions"}],"predecessor-version":[{"id":13973,"href":"https:\/\/idakorea.ee\/ru\/wp-json\/wp\/v2\/product\/9135\/revisions\/13973"}],"wp:featuredmedia":[{"embeddable":true,"href":"https:\/\/idakorea.ee\/ru\/wp-json\/wp\/v2\/media\/9136"}],"wp:attachment":[{"href":"https:\/\/idakorea.ee\/ru\/wp-json\/wp\/v2\/media?parent=9135"}],"wp:term":[{"taxonomy":"pwb-brand","embeddable":true,"href":"https:\/\/idakorea.ee\/ru\/wp-json\/wp\/v2\/pwb-brand?post=9135"},{"taxonomy":"product_brand","embeddable":true,"href":"https:\/\/idakorea.ee\/ru\/wp-json\/wp\/v2\/product_brand?post=9135"},{"taxonomy":"product_cat","embeddable":true,"href":"https:\/\/idakorea.ee\/ru\/wp-json\/wp\/v2\/product_cat?post=9135"},{"taxonomy":"product_tag","embeddable":true,"href":"https:\/\/idakorea.ee\/ru\/wp-json\/wp\/v2\/product_tag?post=9135"}],"curies":[{"name":"WP","href":"https:\/\/api.w.org\/{rel}","templated":true}]}}