{"id":9163,"date":"2024-07-04T12:30:01","date_gmt":"2024-07-04T12:30:01","guid":{"rendered":"https:\/\/idakorea.ee\/?post_type=product&#038;p=9163"},"modified":"2025-07-05T12:03:51","modified_gmt":"2025-07-05T09:03:51","slug":"naokomlekt-o-hui-the-first-geniture-5pcs-special-gift-set","status":"publish","type":"product","link":"https:\/\/idakorea.ee\/ru\/product\/naokomlekt-o-hui-the-first-geniture-5pcs-special-gift-set\/","title":{"rendered":"\u0410\u043d\u0442\u0438\u0432\u043e\u0437\u0440\u0430\u0441\u0442\u043d\u043e\u0439 \u043d\u0430\u0431\u043e\u0440 \u043c\u0438\u043d\u0438\u0430\u0442\u044e\u0440 \u0441\u043e \u0441\u0442\u0432\u043e\u043b\u043e\u0432\u044b\u043c\u0438 \u043a\u043b\u0435\u0442\u043a\u0430\u043c\u0438 O Hui The First Geniture 5pcs Special Gift Set"},"content":{"rendered":"<div class=\"flex-shrink-0 flex flex-col relative items-end\">\n<div>\n<div class=\"pt-0.5 juice:pt-0\">\n<div class=\"gizmo-bot-avatar flex h-6 w-6 items-center justify-center overflow-hidden rounded-full juice:h-8 juice:w-8\">\n<div class=\"relative p-1 rounded-sm flex items-center justify-center bg-token-main-surface-primary text-token-text-primary h-8 w-8\"><\/div>\n<\/div>\n<\/div>\n<\/div>\n<\/div>\n<div class=\"group\/conversation-turn relative flex w-full min-w-0 flex-col agent-turn\">\n<div class=\"flex-col gap-1 md:gap-3\">\n<div class=\"flex flex-grow flex-col max-w-full\">\n<div class=\"min-h-[20px] text-message flex flex-col items-start whitespace-pre-wrap break-words [.text-message+&amp;]:mt-5 juice:w-full juice:items-end overflow-x-auto gap-2\" dir=\"auto\" data-message-author-role=\"assistant\" data-message-id=\"7c0329d2-e738-4e1d-af26-f7036ebdf3e1\">\n<div class=\"flex w-full flex-col gap-1 juice:empty:hidden juice:first:pt-[3px]\">\n<div class=\"markdown prose w-full break-words dark:prose-invert light\">\n<p><strong>O Hui The First Geniture 5-osaline n\u00e4okomplekt varrakkude ja vananemisvastase toimega <\/strong>\u00a0tagab tervikliku hoolduse k\u00fcpsele nahale. Tooted on suunatud s\u00fcgavuti niisutamisele ja toitmisele, teevad naha elastsemaks ja pringimaks, v\u00e4hendavad kortsude n\u00e4htavust ja takistavad uute tekkimist.<\/p>\n<p>Komplekt taastab t\u00f5husalt vananeva naha, aktiveerib uuendamis- ja regenereerimisprotsesse, aeglustades vananemisprotsessi. Suurendab naha niiskustaset, aitab s\u00e4ilitada niiskust pikka aega, takistab kuivuse ja veetustamise tekkimist.<\/p>\n<p><strong>Komplekti kuuluvad 5 toodet:<\/strong><\/p>\n<p><strong>Tooner<\/strong> <strong>20ml<\/strong> \u2014 taastab niiskusepuuduse ja vee-lipiidide tasakaalu p\u00e4rast pesemist k\u00f5va veega. Parandab rakkude v\u00f5imet niiskust s\u00e4ilitada, toetab mikrotsirkulatsiooni ja ainevahetust, \u00fchtlustab nahatooni.<\/p>\n<\/div>\n<div class=\"markdown prose w-full break-words dark:prose-invert light\"><strong>Emulsioon<\/strong> <strong>20ml<\/strong> \u2014 k\u00fcllastab rakke niiskuse ja toitainetega, suurendab naha elastsust, silub reljeefi. Stimuleerib kollageeni ja elastiini s\u00fcnteesi, parandab epidermise kahjustunud kiude.<\/div>\n<div class=\"markdown prose w-full break-words dark:prose-invert light\"><strong>Essents<\/strong> <strong>5ml<\/strong> \u2014 k\u00f5rvaldab tuhmuse, \u00fchtlustab nahatooni, taastab terve s\u00e4ra ja parandab jumet. Suurendab naha toonust, takistab l\u00f5tvuse ja turse teket.<\/div>\n<div class=\"markdown prose w-full break-words dark:prose-invert light\"><strong>N\u00e4okreem<\/strong> <strong>7ml<\/strong> \u2014 v\u00f5itleb t\u00f5husalt vananemism\u00e4rkidega, muudab naha tihedamaks, v\u00e4hendab kortsude ja nahavoltide s\u00fcgavust, avaldab lifting-efekti. Aeglustab oks\u00fcdatiivseid protsesse, s\u00e4ilitab naha terviklikkuse.<\/div>\n<div class=\"markdown prose w-full break-words dark:prose-invert light\">\n<p><strong>Silmakreem<\/strong> <strong>5ml<\/strong> \u2014 silub miimikakortse ja &#8220;kanavarbaid&#8221;, takistab \u00fclalaugude l\u00f5tvumist, tugevdab \u00f5hukest nahka silmade \u00fcmbruses.<\/p>\n<p>&nbsp;<\/p>\n<p><strong>Peamised toimeained:<\/strong><\/p>\n<p><strong>Peptiidikompleks<\/strong> \u2014 vastutab rakkude pideva uuenemise ja regeneratsiooni eest, avaldab s\u00fcgavat vananemisvastast toimet, v\u00e4hendab kortsude n\u00e4htavust ja takistab uute teket, stimuleerib uuendus- ja regenereerimisprotsesse, aeglustab rakkude vananemist. Normaliseerib kollageeni ja elastiini tootmist, silub nahka ja \u00fchtlustab reljeefi.<\/p>\n<\/div>\n<div class=\"markdown prose w-full break-words dark:prose-invert light\"><strong>EGF (epidermaalne kasvufaktor)<\/strong> \u2014 m\u00f5jub molekulaarsel ja rakutasandil ning suudab reaalselt aeglustada naha vananemisprotsessi, soodustab epidermise rakkude uuenemist, s\u00e4ilitades naha nooruse, taastab naha elastsuse, parandab kapillaaride seisundit n\u00e4ol ja parandab jumet, suurendab naha kaitseomadusi.<\/div>\n<div class=\"markdown prose w-full break-words dark:prose-invert light\"><strong>Pantenool<\/strong> \u2014 stimuleerib naha terviklikkuse taastamist, v\u00e4hendab punetust ja \u00e4rritust, omab haavade paranemise omadusi.<\/div>\n<div class=\"markdown prose w-full break-words dark:prose-invert light\"><strong>Skvalaan<\/strong> \u2014 rahustab kahjustunud ja \u00e4rritunud nahka, avaldab antioks\u00fcdantseid omadusi, niisutab ja kaitseb nahka keskkonna kahjuliku m\u00f5ju eest.<\/div>\n<div class=\"markdown prose w-full break-words dark:prose-invert light\"><strong>Naatriumh\u00fcaluronaat<\/strong> \u2014 madala molekulmassiga h\u00fcaluroonhappe vorm. Tungib s\u00fcgavale epidermisesse, niisutab aktiivselt rakke ja aitab s\u00e4ilitada niiskust nahas. Moodustab kaitsekihi, mis takistab niiskuse aurustumist.<\/div>\n<div class=\"markdown prose w-full break-words dark:prose-invert light\">\n<p><strong>Ceramide NP<\/strong> \u2014 tugevdab naharakke ja kaitseb neid kahjustuste eest, takistab niiskuse kadu ja soodustab pikaajalist niisutamist, s\u00e4ilitab optimaalse h\u00fcdrolipiidide tasakaalu.Sobib k\u00f5ikidele nahat\u00fc\u00fcpidele.<\/p>\n<p><strong>Kasutamine: <\/strong>p\u00e4rast n\u00e4opesu kandke tooner nahale patsutavate liigutustega, seej\u00e4rel kandke emulsioon ja oodake, kuni see imendub. Kandke essents pehmete masseerivate liigutustega. Viimase hooldustapina kandke n\u00e4okreem n\u00e4ole ja silmakreem \u00f5rnalt silma\u00fcmbruse nahale.<\/p>\n<\/div>\n<\/div>\n<\/div>\n<\/div>\n<\/div>\n<\/div>\n","protected":false},"excerpt":{"rendered":"<p>\u041d\u0430\u0431\u043e\u0440 \u0434\u043b\u044f \u043b\u0438\u0446\u0430 O Hui The First Geniture \u0438\u0437 5 \u043f\u0440\u0435\u0434\u043c\u0435\u0442\u043e\u0432 \u0441 \u0440\u0443\u043a\u0430\u0432\u0430\u043c\u0438 \u0438 \u0430\u043d\u0442\u0438\u0432\u043e\u0437\u0440\u0430\u0441\u0442\u043d\u044b\u043c \u0434\u0435\u0439\u0441\u0442\u0432\u0438\u0435\u043c \u043e\u0431\u0435\u0441\u043f\u0435\u0447\u0438\u0432\u0430\u0435\u0442 \u043a\u043e\u043c\u043f\u043b\u0435\u043a\u0441\u043d\u044b\u0439 \u0443\u0445\u043e\u0434 \u0437\u0430 \u0437\u0440\u0435\u043b\u043e\u0439 \u043a\u043e\u0436\u0435\u0439. \u0421\u0440\u0435\u0434\u0441\u0442\u0432\u0430 \u043d\u0430\u043f\u0440\u0430\u0432\u043b\u0435\u043d\u044b \u043d\u0430 \u0433\u043b\u0443\u0431\u043e\u043a\u043e\u0435 \u0443\u0432\u043b\u0430\u0436\u043d\u0435\u043d\u0438\u0435 \u0438 \u043f\u0438\u0442\u0430\u043d\u0438\u0435, \u0434\u0435\u043b\u0430\u044e\u0442 \u043a\u043e\u0436\u0443 \u0431\u043e\u043b\u0435\u0435 \u044d\u043b\u0430\u0441\u0442\u0438\u0447\u043d\u043e\u0439 \u0438 \u0443\u043f\u0440\u0443\u0433\u043e\u0439, \u0443\u043c\u0435\u043d\u044c\u0448\u0430\u044e\u0442 \u0432\u0438\u0434\u0438\u043c\u043e\u0441\u0442\u044c \u043c\u043e\u0440\u0449\u0438\u043d \u0438 \u043f\u0440\u0435\u0434\u043e\u0442\u0432\u0440\u0430\u0449\u0430\u044e\u0442 \u043f\u043e\u044f\u0432\u043b\u0435\u043d\u0438\u0435 \u043d\u043e\u0432\u044b\u0445. \u041d\u0430\u0431\u043e\u0440 \u044d\u0444\u0444\u0435\u043a\u0442\u0438\u0432\u043d\u043e \u0432\u043e\u0441\u0441\u0442\u0430\u043d\u0430\u0432\u043b\u0438\u0432\u0430\u0435\u0442 \u0443\u0432\u044f\u0434\u0430\u044e\u0449\u0443\u044e \u043a\u043e\u0436\u0443, \u0430\u043a\u0442\u0438\u0432\u0438\u0437\u0438\u0440\u0443\u044f \u043f\u0440\u043e\u0446\u0435\u0441\u0441\u044b \u043e\u0431\u043d\u043e\u0432\u043b\u0435\u043d\u0438\u044f \u0438 \u0440\u0435\u0433\u0435\u043d\u0435\u0440\u0430\u0446\u0438\u0438, \u0437\u0430\u043c\u0435\u0434\u043b\u044f\u044f \u0441\u0442\u0430\u0440\u0435\u043d\u0438\u0435. \u041f\u043e\u0432\u044b\u0448\u0430\u0435\u0442 \u0443\u0440\u043e\u0432\u0435\u043d\u044c \u0443\u0432\u043b\u0430\u0436\u043d\u0435\u043d\u043d\u043e\u0441\u0442\u0438 \u043a\u043e\u0436\u0438, \u043f\u043e\u043c\u043e\u0433\u0430\u0435\u0442 \u0443\u0434\u0435\u0440\u0436\u0438\u0432\u0430\u0442\u044c \u0432\u043b\u0430\u0433\u0443 \u0432 \u0442\u0435\u0447\u0435\u043d\u0438\u0435 \u0434\u043b\u0438\u0442\u0435\u043b\u044c\u043d\u043e\u0433\u043e \u0432\u0440\u0435\u043c\u0435\u043d\u0438, \u043f\u0440\u0435\u0434\u043e\u0442\u0432\u0440\u0430\u0449\u0430\u0435\u0442...<\/p>","protected":false},"featured_media":10838,"comment_status":"open","ping_status":"closed","template":"","meta":{"_uf_show_specific_survey":0,"_uf_disable_surveys":false,"_bst_post_transparent":"default","_bst_post_title":"","_bst_post_layout":"default","_bst_post_sidebar_id":"","_bst_post_content_style":"default","_bst_post_vertical_padding":"default","_bst_post_feature":"","_bst_post_feature_position":"","_bst_post_header":false,"_bst_post_footer":false},"pwb-brand":[110],"product_brand":[],"product_cat":[95],"product_tag":[233,377,202,465,473,247],"class_list":{"0":"post-9163","1":"product","2":"type-product","3":"status-publish","4":"has-post-thumbnail","6":"pwb-brand-o-hui","7":"product_cat-komplektid","8":"product_tag-internet-pood-eesti","9":"product_tag-k-beauty-2","10":"product_tag-korea-kosmeetika","11":"product_tag-korea-lux","12":"product_tag-korea-premium","13":"product_tag-korea-silmakreem","15":"first","16":"outofstock","17":"sale","18":"shipping-taxable","19":"purchasable","20":"product-type-simple","21":"entry","22":"content-bg","23":"loop-entry"},"supplier_id":null,"supplier_sku":"","barcode":null,"atum_controlled":true,"out_stock_date":null,"out_stock_threshold":null,"inheritable":false,"inbound_stock":0,"stock_on_hold":0,"sold_today":0,"sales_last_days":0,"out_stock_days":0,"lost_sales":0,"has_location":false,"update_date":"2026-04-14T00:05:06","atum_locations":[],"atum_stock_status":"outofstock","restock_status":false,"low_stock_amount":"","sales_update_date":"2026-04-14T00:05:06","calc_backorders":null,"yoast_head":"<!-- This site is optimized with the Yoast SEO plugin v27.2 - https:\/\/yoast.com\/product\/yoast-seo-wordpress\/ -->\n<title>N\u00e4okomlekt O Hui The First Geniture 5pcs Special Gift Set - IDA.KOREA<\/title>\n<meta name=\"robots\" content=\"index, follow, max-snippet:-1, max-image-preview:large, max-video-preview:-1\" \/>\n<link rel=\"canonical\" href=\"https:\/\/idakorea.ee\/ru\/product\/naokomlekt-o-hui-the-first-geniture-5pcs-special-gift-set\/\" \/>\n<meta property=\"og:locale\" content=\"ru_RU\" \/>\n<meta property=\"og:type\" content=\"article\" \/>\n<meta property=\"og:title\" content=\"N\u00e4okomlekt O Hui The First Geniture 5pcs Special Gift Set - IDA.KOREA\" \/>\n<meta property=\"og:description\" content=\"O Hui The First Geniture 5-osaline n\u00e4okomplekt varrakkude ja vananemisvastase toimega \u00a0tagab tervikliku hoolduse k\u00fcpsele nahale. Tooted on suunatud s\u00fcgavuti niisutamisele ja toitmisele, teevad naha elastsemaks ja pringimaks, v\u00e4hendavad kortsude n\u00e4htavust ja takistavad uute tekkimist. Komplekt taastab t\u00f5husalt vananeva naha, aktiveerib uuendamis- ja regenereerimisprotsesse, aeglustades vananemisprotsessi. Suurendab naha niiskustaset, aitab s\u00e4ilitada niiskust pikka aega, takistab...\" \/>\n<meta property=\"og:url\" content=\"https:\/\/idakorea.ee\/ru\/product\/naokomlekt-o-hui-the-first-geniture-5pcs-special-gift-set\/\" \/>\n<meta property=\"og:site_name\" content=\"IDA.KOREA\" \/>\n<meta property=\"article:modified_time\" content=\"2025-07-05T09:03:51+00:00\" \/>\n<meta property=\"og:image\" content=\"https:\/\/idakorea.ee\/wp-content\/uploads\/2024\/07\/ohui_sp_001_light-766x1000-1.jpg\" \/>\n\t<meta property=\"og:image:width\" content=\"766\" \/>\n\t<meta property=\"og:image:height\" content=\"776\" \/>\n\t<meta property=\"og:image:type\" content=\"image\/jpeg\" \/>\n<meta name=\"twitter:card\" content=\"summary_large_image\" \/>\n<meta name=\"twitter:label1\" content=\"\u041f\u0440\u0438\u043c\u0435\u0440\u043d\u043e\u0435 \u0432\u0440\u0435\u043c\u044f \u0434\u043b\u044f \u0447\u0442\u0435\u043d\u0438\u044f\" \/>\n\t<meta name=\"twitter:data1\" content=\"2 \u043c\u0438\u043d\u0443\u0442\u044b\" \/>\n<script type=\"application\/ld+json\" class=\"yoast-schema-graph\">{\"@context\":\"https:\/\/schema.org\",\"@graph\":[{\"@type\":\"WebPage\",\"@id\":\"https:\/\/idakorea.ee\/product\/naokomlekt-o-hui-the-first-geniture-5pcs-special-gift-set\/\",\"url\":\"https:\/\/idakorea.ee\/product\/naokomlekt-o-hui-the-first-geniture-5pcs-special-gift-set\/\",\"name\":\"N\u00e4okomlekt O Hui The First Geniture 5pcs Special Gift Set - IDA.KOREA\",\"isPartOf\":{\"@id\":\"https:\/\/idakorea.ee\/#website\"},\"primaryImageOfPage\":{\"@id\":\"https:\/\/idakorea.ee\/product\/naokomlekt-o-hui-the-first-geniture-5pcs-special-gift-set\/#primaryimage\"},\"image\":{\"@id\":\"https:\/\/idakorea.ee\/product\/naokomlekt-o-hui-the-first-geniture-5pcs-special-gift-set\/#primaryimage\"},\"thumbnailUrl\":\"https:\/\/idakorea.ee\/wp-content\/uploads\/2024\/07\/ohui_sp_001_light-766x1000-1.jpg\",\"datePublished\":\"2024-07-04T12:30:01+00:00\",\"dateModified\":\"2025-07-05T09:03:51+00:00\",\"breadcrumb\":{\"@id\":\"https:\/\/idakorea.ee\/product\/naokomlekt-o-hui-the-first-geniture-5pcs-special-gift-set\/#breadcrumb\"},\"inLanguage\":\"ru-RU\",\"potentialAction\":[{\"@type\":\"ReadAction\",\"target\":[\"https:\/\/idakorea.ee\/product\/naokomlekt-o-hui-the-first-geniture-5pcs-special-gift-set\/\"]}]},{\"@type\":\"ImageObject\",\"inLanguage\":\"ru-RU\",\"@id\":\"https:\/\/idakorea.ee\/product\/naokomlekt-o-hui-the-first-geniture-5pcs-special-gift-set\/#primaryimage\",\"url\":\"https:\/\/idakorea.ee\/wp-content\/uploads\/2024\/07\/ohui_sp_001_light-766x1000-1.jpg\",\"contentUrl\":\"https:\/\/idakorea.ee\/wp-content\/uploads\/2024\/07\/ohui_sp_001_light-766x1000-1.jpg\",\"width\":766,\"height\":776},{\"@type\":\"BreadcrumbList\",\"@id\":\"https:\/\/idakorea.ee\/product\/naokomlekt-o-hui-the-first-geniture-5pcs-special-gift-set\/#breadcrumb\",\"itemListElement\":[{\"@type\":\"ListItem\",\"position\":1,\"name\":\"\u0413\u043b\u0430\u0432\u043d\u0430\u044f \u0441\u0442\u0440\u0430\u043d\u0438\u0446\u0430\",\"item\":\"https:\/\/idakorea.ee\/\"},{\"@type\":\"ListItem\",\"position\":2,\"name\":\"Shop\",\"item\":\"https:\/\/idakorea.ee\/shop-2\/\"},{\"@type\":\"ListItem\",\"position\":3,\"name\":\"N\u00e4okomlekt O Hui The First Geniture 5pcs Special Gift Set\"}]},{\"@type\":\"WebSite\",\"@id\":\"https:\/\/idakorea.ee\/#website\",\"url\":\"https:\/\/idakorea.ee\/\",\"name\":\"IDA.KOREA\",\"description\":\"Korea kosmeetika e-pood\",\"publisher\":{\"@id\":\"https:\/\/idakorea.ee\/#organization\"},\"alternateName\":\"Beauty Shop\",\"potentialAction\":[{\"@type\":\"SearchAction\",\"target\":{\"@type\":\"EntryPoint\",\"urlTemplate\":\"https:\/\/idakorea.ee\/?s={search_term_string}\"},\"query-input\":{\"@type\":\"PropertyValueSpecification\",\"valueRequired\":true,\"valueName\":\"search_term_string\"}}],\"inLanguage\":\"ru-RU\"},{\"@type\":\"Organization\",\"@id\":\"https:\/\/idakorea.ee\/#organization\",\"name\":\"IDA.KOREA\",\"url\":\"https:\/\/idakorea.ee\/\",\"logo\":{\"@type\":\"ImageObject\",\"inLanguage\":\"ru-RU\",\"@id\":\"https:\/\/idakorea.ee\/#\/schema\/logo\/image\/\",\"url\":\"https:\/\/idakorea.ee\/wp-content\/uploads\/2024\/05\/cropped-korea3.png\",\"contentUrl\":\"https:\/\/idakorea.ee\/wp-content\/uploads\/2024\/05\/cropped-korea3.png\",\"width\":688,\"height\":126,\"caption\":\"IDA.KOREA\"},\"image\":{\"@id\":\"https:\/\/idakorea.ee\/#\/schema\/logo\/image\/\"},\"sameAs\":[\"https:\/\/www.instagram.com\/ida.korea\/\"]}]}<\/script>\n<!-- \/ Yoast SEO plugin. -->","yoast_head_json":{"title":"\u0421\u043f\u0435\u0446\u0438\u0430\u043b\u044c\u043d\u044b\u0439 \u043f\u043e\u0434\u0430\u0440\u043e\u0447\u043d\u044b\u0439 \u043d\u0430\u0431\u043e\u0440 O Hui The First Geniture 5\u0448\u0442 - IDA.KOREA","robots":{"index":"index","follow":"follow","max-snippet":"max-snippet:-1","max-image-preview":"max-image-preview:large","max-video-preview":"max-video-preview:-1"},"canonical":"https:\/\/idakorea.ee\/ru\/product\/naokomlekt-o-hui-the-first-geniture-5pcs-special-gift-set\/","og_locale":"ru_RU","og_type":"article","og_title":"N\u00e4okomlekt O Hui The First Geniture 5pcs Special Gift Set - IDA.KOREA","og_description":"O Hui The First Geniture 5-osaline n\u00e4okomplekt varrakkude ja vananemisvastase toimega \u00a0tagab tervikliku hoolduse k\u00fcpsele nahale. Tooted on suunatud s\u00fcgavuti niisutamisele ja toitmisele, teevad naha elastsemaks ja pringimaks, v\u00e4hendavad kortsude n\u00e4htavust ja takistavad uute tekkimist. Komplekt taastab t\u00f5husalt vananeva naha, aktiveerib uuendamis- ja regenereerimisprotsesse, aeglustades vananemisprotsessi. Suurendab naha niiskustaset, aitab s\u00e4ilitada niiskust pikka aega, takistab...","og_url":"https:\/\/idakorea.ee\/ru\/product\/naokomlekt-o-hui-the-first-geniture-5pcs-special-gift-set\/","og_site_name":"IDA.KOREA","article_modified_time":"2025-07-05T09:03:51+00:00","og_image":[{"width":766,"height":776,"url":"https:\/\/idakorea.ee\/wp-content\/uploads\/2024\/07\/ohui_sp_001_light-766x1000-1.jpg","type":"image\/jpeg"}],"twitter_card":"summary_large_image","twitter_misc":{"\u041f\u0440\u0438\u043c\u0435\u0440\u043d\u043e\u0435 \u0432\u0440\u0435\u043c\u044f \u0434\u043b\u044f \u0447\u0442\u0435\u043d\u0438\u044f":"2 \u043c\u0438\u043d\u0443\u0442\u044b"},"schema":{"@context":"https:\/\/schema.org","@graph":[{"@type":"WebPage","@id":"https:\/\/idakorea.ee\/product\/naokomlekt-o-hui-the-first-geniture-5pcs-special-gift-set\/","url":"https:\/\/idakorea.ee\/product\/naokomlekt-o-hui-the-first-geniture-5pcs-special-gift-set\/","name":"\u0421\u043f\u0435\u0446\u0438\u0430\u043b\u044c\u043d\u044b\u0439 \u043f\u043e\u0434\u0430\u0440\u043e\u0447\u043d\u044b\u0439 \u043d\u0430\u0431\u043e\u0440 O Hui The First Geniture 5\u0448\u0442 - IDA.KOREA","isPartOf":{"@id":"https:\/\/idakorea.ee\/#website"},"primaryImageOfPage":{"@id":"https:\/\/idakorea.ee\/product\/naokomlekt-o-hui-the-first-geniture-5pcs-special-gift-set\/#primaryimage"},"image":{"@id":"https:\/\/idakorea.ee\/product\/naokomlekt-o-hui-the-first-geniture-5pcs-special-gift-set\/#primaryimage"},"thumbnailUrl":"https:\/\/idakorea.ee\/wp-content\/uploads\/2024\/07\/ohui_sp_001_light-766x1000-1.jpg","datePublished":"2024-07-04T12:30:01+00:00","dateModified":"2025-07-05T09:03:51+00:00","breadcrumb":{"@id":"https:\/\/idakorea.ee\/product\/naokomlekt-o-hui-the-first-geniture-5pcs-special-gift-set\/#breadcrumb"},"inLanguage":"ru-RU","potentialAction":[{"@type":"ReadAction","target":["https:\/\/idakorea.ee\/product\/naokomlekt-o-hui-the-first-geniture-5pcs-special-gift-set\/"]}]},{"@type":"ImageObject","inLanguage":"ru-RU","@id":"https:\/\/idakorea.ee\/product\/naokomlekt-o-hui-the-first-geniture-5pcs-special-gift-set\/#primaryimage","url":"https:\/\/idakorea.ee\/wp-content\/uploads\/2024\/07\/ohui_sp_001_light-766x1000-1.jpg","contentUrl":"https:\/\/idakorea.ee\/wp-content\/uploads\/2024\/07\/ohui_sp_001_light-766x1000-1.jpg","width":766,"height":776},{"@type":"BreadcrumbList","@id":"https:\/\/idakorea.ee\/product\/naokomlekt-o-hui-the-first-geniture-5pcs-special-gift-set\/#breadcrumb","itemListElement":[{"@type":"ListItem","position":1,"name":"\u0413\u043b\u0430\u0432\u043d\u0430\u044f \u0441\u0442\u0440\u0430\u043d\u0438\u0446\u0430","item":"https:\/\/idakorea.ee\/"},{"@type":"ListItem","position":2,"name":"Shop","item":"https:\/\/idakorea.ee\/shop-2\/"},{"@type":"ListItem","position":3,"name":"N\u00e4okomlekt O Hui The First Geniture 5pcs Special Gift Set"}]},{"@type":"WebSite","@id":"https:\/\/idakorea.ee\/#website","url":"https:\/\/idakorea.ee\/","name":"\u0418\u0414\u0410.\u041a\u041e\u0420\u0415\u042f","description":"\u0418\u043d\u0442\u0435\u0440\u043d\u0435\u0442-\u043c\u0430\u0433\u0430\u0437\u0438\u043d \u043a\u043e\u0440\u0435\u0439\u0441\u043a\u043e\u0439 \u043a\u043e\u0441\u043c\u0435\u0442\u0438\u043a\u0438","publisher":{"@id":"https:\/\/idakorea.ee\/#organization"},"alternateName":"Beauty Shop","potentialAction":[{"@type":"SearchAction","target":{"@type":"EntryPoint","urlTemplate":"https:\/\/idakorea.ee\/?s={search_term_string}"},"query-input":{"@type":"PropertyValueSpecification","valueRequired":true,"valueName":"search_term_string"}}],"inLanguage":"ru-RU"},{"@type":"Organization","@id":"https:\/\/idakorea.ee\/#organization","name":"\u0418\u0414\u0410.\u041a\u041e\u0420\u0415\u042f","url":"https:\/\/idakorea.ee\/","logo":{"@type":"ImageObject","inLanguage":"ru-RU","@id":"https:\/\/idakorea.ee\/#\/schema\/logo\/image\/","url":"https:\/\/idakorea.ee\/wp-content\/uploads\/2024\/05\/cropped-korea3.png","contentUrl":"https:\/\/idakorea.ee\/wp-content\/uploads\/2024\/05\/cropped-korea3.png","width":688,"height":126,"caption":"IDA.KOREA"},"image":{"@id":"https:\/\/idakorea.ee\/#\/schema\/logo\/image\/"},"sameAs":["https:\/\/www.instagram.com\/ida.korea\/"]}]}},"jetpack_sharing_enabled":true,"brands":[{"id":110,"name":"O HUI","slug":"o-hui"}],"_links":{"self":[{"href":"https:\/\/idakorea.ee\/ru\/wp-json\/wp\/v2\/product\/9163","targetHints":{"allow":["GET"]}}],"collection":[{"href":"https:\/\/idakorea.ee\/ru\/wp-json\/wp\/v2\/product"}],"about":[{"href":"https:\/\/idakorea.ee\/ru\/wp-json\/wp\/v2\/types\/product"}],"replies":[{"embeddable":true,"href":"https:\/\/idakorea.ee\/ru\/wp-json\/wp\/v2\/comments?post=9163"}],"version-history":[{"count":1,"href":"https:\/\/idakorea.ee\/ru\/wp-json\/wp\/v2\/product\/9163\/revisions"}],"predecessor-version":[{"id":10839,"href":"https:\/\/idakorea.ee\/ru\/wp-json\/wp\/v2\/product\/9163\/revisions\/10839"}],"wp:featuredmedia":[{"embeddable":true,"href":"https:\/\/idakorea.ee\/ru\/wp-json\/wp\/v2\/media\/10838"}],"wp:attachment":[{"href":"https:\/\/idakorea.ee\/ru\/wp-json\/wp\/v2\/media?parent=9163"}],"wp:term":[{"taxonomy":"pwb-brand","embeddable":true,"href":"https:\/\/idakorea.ee\/ru\/wp-json\/wp\/v2\/pwb-brand?post=9163"},{"taxonomy":"product_brand","embeddable":true,"href":"https:\/\/idakorea.ee\/ru\/wp-json\/wp\/v2\/product_brand?post=9163"},{"taxonomy":"product_cat","embeddable":true,"href":"https:\/\/idakorea.ee\/ru\/wp-json\/wp\/v2\/product_cat?post=9163"},{"taxonomy":"product_tag","embeddable":true,"href":"https:\/\/idakorea.ee\/ru\/wp-json\/wp\/v2\/product_tag?post=9163"}],"curies":[{"name":"WP","href":"https:\/\/api.w.org\/{rel}","templated":true}]}}