{"id":9195,"date":"2024-07-04T13:27:49","date_gmt":"2024-07-04T13:27:49","guid":{"rendered":"https:\/\/idakorea.ee\/?post_type=product&#038;p=9195"},"modified":"2026-04-14T00:24:07","modified_gmt":"2026-04-13T22:24:07","slug":"silmapadjad-pyunkang-yul-black-tea-time-reverse-eye-patch","status":"publish","type":"product","link":"https:\/\/idakorea.ee\/ru\/product\/silmapadjad-pyunkang-yul-black-tea-time-reverse-eye-patch\/","title":{"rendered":"\u041e\u043c\u043e\u043b\u0430\u0436\u0438\u0432\u0430\u044e\u0449\u0438\u0435 \u043f\u0430\u0442\u0447\u0438 \u0441 \u043a\u043e\u043c\u0431\u0443\u0447\u0435\u0439 Pyunkang Yul Black Tea Time Reverse Eye Patch"},"content":{"rendered":"<div class=\"flex-shrink-0 flex flex-col relative items-end\">\n<div>\n<div class=\"pt-0.5 juice:pt-0\">\n<div class=\"gizmo-bot-avatar flex h-6 w-6 items-center justify-center overflow-hidden rounded-full juice:h-8 juice:w-8\">\n<div class=\"relative p-1 rounded-sm flex items-center justify-center bg-token-main-surface-primary text-token-text-primary h-8 w-8\"><strong style=\"font-family: var(--global-body-font-family);\">Pyunkang Yul Black Tea Time Reverse Eye Patch<\/strong><span style=\"font-family: var(--global-body-font-family);\"> on noorendavad silmapadjad, mis heledavad tumedaid silmaaluseid, v\u00e4hendavad turset, muudavad naha pringimaks ja t\u00f5stavad seda. Plaastrid v\u00e4hendavad kortsude ja &#8220;kanavarvaste&#8221; n\u00e4htavust ning takistavad l\u00f5tvumise tekkimist.<\/span><\/div>\n<\/div>\n<\/div>\n<\/div>\n<\/div>\n<div class=\"group\/conversation-turn relative flex w-full min-w-0 flex-col agent-turn\">\n<div class=\"flex-col gap-1 md:gap-3\">\n<div class=\"flex flex-grow flex-col max-w-full\">\n<div class=\"min-h-[20px] text-message flex flex-col items-start whitespace-pre-wrap break-words [.text-message+&amp;]:mt-5 juice:w-full juice:items-end overflow-x-auto gap-2\" dir=\"auto\" data-message-author-role=\"assistant\" data-message-id=\"23592ec5-c88b-419d-90d1-79b7fb16fb63\">\n<div class=\"flex w-full flex-col gap-1 juice:empty:hidden juice:first:pt-[3px]\">\n<div class=\"markdown prose w-full break-words dark:prose-invert light\">\n<p>Plaastrid niisutavad s\u00fcgavuti, leevendavad pingulolekut ja kuivust, pehmendavad ja siluvad nahka. Nad muudavad silmalaugude \u00f5rna naha pringimaks, aeglustavad vananemisprotsesse ja pakuvad antioks\u00fcdantset kaitset vabade radikaalide eest.<\/p>\n<p>Pyunkang Yul on Korea kosmeetikabr\u00e4nd, mille asutas \u00fcks Korea parimatest idamaise meditsiini kliinikutest. Br\u00e4nd toodab ainult naturaalset kosmeetikat (ilma l\u00f5hnaainete, alkoholi, parabeenide ja silikoonideta), mis sobib k\u00f5ige n\u00f5udlikumale, tundlikumale ja probleemsemale nahale.<\/p>\n<p>&nbsp;<\/p>\n<p><strong>Peamised toimeained:<\/strong><\/p>\n<ul>\n<li><strong>Kombucha (fermenteeritud must tee)<\/strong> \u2014 toniseerib ja t\u00f5stab naha immuunsust, k\u00f5rvaldab tuhmi jume, niisutab ja toidab nahka. Sellel on tugev antioks\u00fcdantne toime, see tugevdab naha turgorit ja parandab kudede l\u00e4bilaskvust, mille tulemusena k\u00f5ik koostisosad tungivad s\u00fcgavamale nahka ja omanduvad paremini.<\/li>\n<li><strong>Niasiiniid<\/strong> \u2014 soodustab kollageeni s\u00fcnteesi ja parandab naha kaitsefunktsioone, aitab v\u00e4hendada naha transepidermaalset veekadu ja k\u00f5rvaldada pigmentatsiooni, niisutab, ahendab poore, rahustab ja heledab nahka.<\/li>\n<li><strong>6 t\u00fc\u00fcpi h\u00fcaluroonhapet<\/strong> \u2014 loovad nahale n\u00e4htamatu barj\u00e4\u00e4ri, mis takistab niiskuse aurustumist, parandavad naha struktuuri, soodustavad epidermise regeneratsiooni, v\u00e4hendavad peeneid kortse ja muudavad naha siledaks ja \u00f5rnaks.<\/li>\n<li><strong>Jaapani kuldjuure ekstrakt<\/strong> \u2014 omab suurep\u00e4rast antioks\u00fcdantset ja antiseptilist toimet, kergelt heledab, v\u00e4hendab UV-kiirguse p\u00f5hjustatud nahakahjustusi ja tugevdab naha kaitsefunktsioone. Stimuleerib rakuimmuunsust ja tagab naha s\u00fcgavate kihtide niisutamise.<\/li>\n<\/ul>\n<p>Sobib k\u00f5ikidele nahat\u00fc\u00fcpidele.<\/p>\n<p><strong>Kasutamine: <\/strong>kandke plaastrid puhastatud nahale 10-15 minutiks.<\/p>\n<\/div>\n<\/div>\n<\/div>\n<\/div>\n<\/div>\n<\/div>\n","protected":false},"excerpt":{"rendered":"<p>Pyunkang Yul Black Tea Time Reverse Eye Patch - \u044d\u0442\u043e \u043e\u043c\u043e\u043b\u0430\u0436\u0438\u0432\u0430\u044e\u0449\u0438\u0435 \u043f\u0430\u0442\u0447\u0438 \u0434\u043b\u044f \u0433\u043b\u0430\u0437, \u043a\u043e\u0442\u043e\u0440\u044b\u0435 \u043e\u0441\u0432\u0435\u0442\u043b\u044f\u044e\u0442 \u0442\u0435\u043c\u043d\u044b\u0435 \u043a\u0440\u0443\u0433\u0438 \u043f\u043e\u0434 \u0433\u043b\u0430\u0437\u0430\u043c\u0438, \u0443\u043c\u0435\u043d\u044c\u0448\u0430\u044e\u0442 \u043e\u0442\u0435\u0447\u043d\u043e\u0441\u0442\u044c, \u043f\u043e\u0434\u0442\u044f\u0433\u0438\u0432\u0430\u044e\u0442 \u043a\u043e\u0436\u0443. \u041f\u0430\u0442\u0447\u0438 \u0443\u043c\u0435\u043d\u044c\u0448\u0430\u044e\u0442 \u0432\u0438\u0434\u0438\u043c\u043e\u0441\u0442\u044c \u043c\u043e\u0440\u0449\u0438\u043d \u0438 \"\u043a\u0430\u043d\u0430\u043b\u044c\u043d\u044b\u0445 \u0432\u043e\u043b\u043e\u0441\u043a\u043e\u0432\" \u0438 \u043f\u0440\u0435\u0434\u043e\u0442\u0432\u0440\u0430\u0449\u0430\u044e\u0442 \u043f\u0440\u043e\u0432\u0438\u0441\u0430\u043d\u0438\u0435 \u043a\u043e\u0436\u0438. \u041f\u0430\u0442\u0447\u0438 \u0433\u043b\u0443\u0431\u043e\u043a\u043e \u0443\u0432\u043b\u0430\u0436\u043d\u044f\u044e\u0442, \u0441\u043d\u0438\u043c\u0430\u044e\u0442 \u0441\u0442\u044f\u043d\u0443\u0442\u043e\u0441\u0442\u044c \u0438 \u0441\u0443\u0445\u043e\u0441\u0442\u044c, \u0441\u043c\u044f\u0433\u0447\u0430\u044e\u0442 \u0438 \u0440\u0430\u0437\u0433\u043b\u0430\u0436\u0438\u0432\u0430\u044e\u0442 \u043a\u043e\u0436\u0443. \u041e\u043d\u0438 \u043f\u043e\u0434\u0442\u044f\u0433\u0438\u0432\u0430\u044e\u0442 \u043d\u0435\u0436\u043d\u0443\u044e \u043a\u043e\u0436\u0443 \u0432\u0435\u043a, \u0437\u0430\u043c\u0435\u0434\u043b\u044f\u044e\u0442 \u043f\u0440\u043e\u0446\u0435\u0441\u0441 \u0441\u0442\u0430\u0440\u0435\u043d\u0438\u044f \u0438 \u043e\u0431\u0435\u0441\u043f\u0435\u0447\u0438\u0432\u0430\u044e\u0442 \u0430\u043d\u0442\u0438\u043e\u043a\u0441\u0438\u0434\u0430\u043d\u0442\u043d\u043e\u0435...<\/p>","protected":false},"featured_media":9196,"comment_status":"open","ping_status":"closed","template":"","meta":{"_uf_show_specific_survey":0,"_uf_disable_surveys":false,"_bst_post_transparent":"default","_bst_post_title":"","_bst_post_layout":"default","_bst_post_sidebar_id":"","_bst_post_content_style":"default","_bst_post_vertical_padding":"default","_bst_post_feature":"","_bst_post_feature_position":"","_bst_post_header":false,"_bst_post_footer":false},"pwb-brand":[474],"product_brand":[],"product_cat":[92,99,385],"product_tag":[383,233,377,202,247],"class_list":{"0":"post-9195","1":"product","2":"type-product","3":"status-publish","4":"has-post-thumbnail","6":"pwb-brand-pyunkang-yul","7":"product_cat-nagu","8":"product_cat-silmad-ja-huuled-2","9":"product_cat-silmapadjad","10":"product_tag-eyepatch","11":"product_tag-internet-pood-eesti","12":"product_tag-k-beauty-2","13":"product_tag-korea-kosmeetika","14":"product_tag-korea-silmakreem","16":"first","17":"instock","18":"sale","19":"shipping-taxable","20":"purchasable","21":"product-type-simple","22":"entry","23":"content-bg","24":"loop-entry"},"supplier_id":null,"supplier_sku":"","barcode":null,"atum_controlled":true,"out_stock_date":null,"out_stock_threshold":null,"inheritable":false,"inbound_stock":0,"stock_on_hold":0,"sold_today":0,"sales_last_days":2,"out_stock_days":0,"lost_sales":0,"has_location":false,"update_date":"2026-04-13T22:24:08","atum_locations":[],"atum_stock_status":"instock","restock_status":false,"low_stock_amount":"","sales_update_date":"2026-04-09T12:32:17","calc_backorders":null,"yoast_head":"<!-- This site is optimized with the Yoast SEO plugin v27.2 - https:\/\/yoast.com\/product\/yoast-seo-wordpress\/ -->\n<title>Pyunkang Yul Black Tea Time Reverse Eye Patch - IDA.KOREA<\/title>\n<meta name=\"description\" content=\"Pyunkang Yul Black Tea Time Reverse Eye Patch on noorendavad silmapadjad, mis heledavad tumedaid silmaaluseid, v\u00e4hendavad turset, muudavad naha pringimaks.\" \/>\n<meta name=\"robots\" content=\"index, follow, max-snippet:-1, max-image-preview:large, max-video-preview:-1\" \/>\n<link rel=\"canonical\" href=\"https:\/\/idakorea.ee\/ru\/product\/silmapadjad-pyunkang-yul-black-tea-time-reverse-eye-patch\/\" \/>\n<meta property=\"og:locale\" content=\"ru_RU\" \/>\n<meta property=\"og:type\" content=\"article\" \/>\n<meta property=\"og:title\" content=\"Pyunkang Yul Black Tea Time Reverse Eye Patch - IDA.KOREA\" \/>\n<meta property=\"og:description\" content=\"Pyunkang Yul Black Tea Time Reverse Eye Patch on noorendavad silmapadjad, mis heledavad tumedaid silmaaluseid, v\u00e4hendavad turset, muudavad naha pringimaks.\" \/>\n<meta property=\"og:url\" content=\"https:\/\/idakorea.ee\/ru\/product\/silmapadjad-pyunkang-yul-black-tea-time-reverse-eye-patch\/\" \/>\n<meta property=\"og:site_name\" content=\"IDA.KOREA\" \/>\n<meta property=\"article:modified_time\" content=\"2026-04-13T22:24:07+00:00\" \/>\n<meta property=\"og:image\" content=\"https:\/\/idakorea.ee\/wp-content\/uploads\/2024\/07\/1_c37888d2_6e4c_4454_9d8a_9df766243ae3.jpg\" \/>\n\t<meta property=\"og:image:width\" content=\"1333\" \/>\n\t<meta property=\"og:image:height\" content=\"1333\" \/>\n\t<meta property=\"og:image:type\" content=\"image\/jpeg\" \/>\n<meta name=\"twitter:card\" content=\"summary_large_image\" \/>\n<meta name=\"twitter:label1\" content=\"\u041f\u0440\u0438\u043c\u0435\u0440\u043d\u043e\u0435 \u0432\u0440\u0435\u043c\u044f \u0434\u043b\u044f \u0447\u0442\u0435\u043d\u0438\u044f\" \/>\n\t<meta name=\"twitter:data1\" content=\"2 \u043c\u0438\u043d\u0443\u0442\u044b\" \/>\n<script type=\"application\/ld+json\" class=\"yoast-schema-graph\">{\"@context\":\"https:\/\/schema.org\",\"@graph\":[{\"@type\":\"WebPage\",\"@id\":\"https:\/\/idakorea.ee\/product\/silmapadjad-pyunkang-yul-black-tea-time-reverse-eye-patch\/\",\"url\":\"https:\/\/idakorea.ee\/product\/silmapadjad-pyunkang-yul-black-tea-time-reverse-eye-patch\/\",\"name\":\"Pyunkang Yul Black Tea Time Reverse Eye Patch - IDA.KOREA\",\"isPartOf\":{\"@id\":\"https:\/\/idakorea.ee\/#website\"},\"primaryImageOfPage\":{\"@id\":\"https:\/\/idakorea.ee\/product\/silmapadjad-pyunkang-yul-black-tea-time-reverse-eye-patch\/#primaryimage\"},\"image\":{\"@id\":\"https:\/\/idakorea.ee\/product\/silmapadjad-pyunkang-yul-black-tea-time-reverse-eye-patch\/#primaryimage\"},\"thumbnailUrl\":\"https:\/\/idakorea.ee\/wp-content\/uploads\/2024\/07\/1_c37888d2_6e4c_4454_9d8a_9df766243ae3.jpg\",\"datePublished\":\"2024-07-04T13:27:49+00:00\",\"dateModified\":\"2026-04-13T22:24:07+00:00\",\"description\":\"Pyunkang Yul Black Tea Time Reverse Eye Patch on noorendavad silmapadjad, mis heledavad tumedaid silmaaluseid, v\u00e4hendavad turset, muudavad naha pringimaks.\",\"breadcrumb\":{\"@id\":\"https:\/\/idakorea.ee\/product\/silmapadjad-pyunkang-yul-black-tea-time-reverse-eye-patch\/#breadcrumb\"},\"inLanguage\":\"ru-RU\",\"potentialAction\":[{\"@type\":\"ReadAction\",\"target\":[\"https:\/\/idakorea.ee\/product\/silmapadjad-pyunkang-yul-black-tea-time-reverse-eye-patch\/\"]}]},{\"@type\":\"ImageObject\",\"inLanguage\":\"ru-RU\",\"@id\":\"https:\/\/idakorea.ee\/product\/silmapadjad-pyunkang-yul-black-tea-time-reverse-eye-patch\/#primaryimage\",\"url\":\"https:\/\/idakorea.ee\/wp-content\/uploads\/2024\/07\/1_c37888d2_6e4c_4454_9d8a_9df766243ae3.jpg\",\"contentUrl\":\"https:\/\/idakorea.ee\/wp-content\/uploads\/2024\/07\/1_c37888d2_6e4c_4454_9d8a_9df766243ae3.jpg\",\"width\":1333,\"height\":1333},{\"@type\":\"BreadcrumbList\",\"@id\":\"https:\/\/idakorea.ee\/product\/silmapadjad-pyunkang-yul-black-tea-time-reverse-eye-patch\/#breadcrumb\",\"itemListElement\":[{\"@type\":\"ListItem\",\"position\":1,\"name\":\"\u0413\u043b\u0430\u0432\u043d\u0430\u044f \u0441\u0442\u0440\u0430\u043d\u0438\u0446\u0430\",\"item\":\"https:\/\/idakorea.ee\/\"},{\"@type\":\"ListItem\",\"position\":2,\"name\":\"Shop\",\"item\":\"https:\/\/idakorea.ee\/shop-2\/\"},{\"@type\":\"ListItem\",\"position\":3,\"name\":\"Silmapadjad Pyunkang Yul Black Tea Time Reverse Eye Patch\"}]},{\"@type\":\"WebSite\",\"@id\":\"https:\/\/idakorea.ee\/#website\",\"url\":\"https:\/\/idakorea.ee\/\",\"name\":\"IDA.KOREA\",\"description\":\"Korea kosmeetika e-pood\",\"publisher\":{\"@id\":\"https:\/\/idakorea.ee\/#organization\"},\"alternateName\":\"Beauty Shop\",\"potentialAction\":[{\"@type\":\"SearchAction\",\"target\":{\"@type\":\"EntryPoint\",\"urlTemplate\":\"https:\/\/idakorea.ee\/?s={search_term_string}\"},\"query-input\":{\"@type\":\"PropertyValueSpecification\",\"valueRequired\":true,\"valueName\":\"search_term_string\"}}],\"inLanguage\":\"ru-RU\"},{\"@type\":\"Organization\",\"@id\":\"https:\/\/idakorea.ee\/#organization\",\"name\":\"IDA.KOREA\",\"url\":\"https:\/\/idakorea.ee\/\",\"logo\":{\"@type\":\"ImageObject\",\"inLanguage\":\"ru-RU\",\"@id\":\"https:\/\/idakorea.ee\/#\/schema\/logo\/image\/\",\"url\":\"https:\/\/idakorea.ee\/wp-content\/uploads\/2024\/05\/cropped-korea3.png\",\"contentUrl\":\"https:\/\/idakorea.ee\/wp-content\/uploads\/2024\/05\/cropped-korea3.png\",\"width\":688,\"height\":126,\"caption\":\"IDA.KOREA\"},\"image\":{\"@id\":\"https:\/\/idakorea.ee\/#\/schema\/logo\/image\/\"},\"sameAs\":[\"https:\/\/www.instagram.com\/ida.korea\/\"]}]}<\/script>\n<!-- \/ Yoast SEO plugin. -->","yoast_head_json":{"title":"\u041f\u0430\u0442\u0447\u0438 \u0434\u043b\u044f \u0433\u043b\u0430\u0437 Pyunkang Yul Black Tea Time Reverse - \u0412\u041e\u0421\u0422\u041e\u0427\u041d\u0410\u042f \u041a\u041e\u0420\u0415\u042f","description":"\u041f\u0430\u0442\u0447\u0438 \u0434\u043b\u044f \u0433\u043b\u0430\u0437 Pyunkang Yul Black Tea Time Reverse Eye Patch \u2014 \u044d\u0442\u043e \u043e\u043c\u043e\u043b\u0430\u0436\u0438\u0432\u0430\u044e\u0449\u0438\u0435 \u043f\u0430\u0442\u0447\u0438, \u043a\u043e\u0442\u043e\u0440\u044b\u0435 \u043e\u0441\u0432\u0435\u0442\u043b\u044f\u044e\u0442 \u0442\u0435\u043c\u043d\u044b\u0435 \u043a\u0440\u0443\u0433\u0438 \u043f\u043e\u0434 \u0433\u043b\u0430\u0437\u0430\u043c\u0438, \u0443\u043c\u0435\u043d\u044c\u0448\u0430\u044e\u0442 \u043e\u0442\u0435\u043a\u0438 \u0438 \u0434\u0435\u043b\u0430\u044e\u0442 \u043a\u043e\u0436\u0443 \u0431\u043e\u043b\u0435\u0435 \u0443\u043f\u0440\u0443\u0433\u043e\u0439.","robots":{"index":"index","follow":"follow","max-snippet":"max-snippet:-1","max-image-preview":"max-image-preview:large","max-video-preview":"max-video-preview:-1"},"canonical":"https:\/\/idakorea.ee\/ru\/product\/silmapadjad-pyunkang-yul-black-tea-time-reverse-eye-patch\/","og_locale":"ru_RU","og_type":"article","og_title":"Pyunkang Yul Black Tea Time Reverse Eye Patch - IDA.KOREA","og_description":"Pyunkang Yul Black Tea Time Reverse Eye Patch on noorendavad silmapadjad, mis heledavad tumedaid silmaaluseid, v\u00e4hendavad turset, muudavad naha pringimaks.","og_url":"https:\/\/idakorea.ee\/ru\/product\/silmapadjad-pyunkang-yul-black-tea-time-reverse-eye-patch\/","og_site_name":"IDA.KOREA","article_modified_time":"2026-04-13T22:24:07+00:00","og_image":[{"width":1333,"height":1333,"url":"https:\/\/idakorea.ee\/wp-content\/uploads\/2024\/07\/1_c37888d2_6e4c_4454_9d8a_9df766243ae3.jpg","type":"image\/jpeg"}],"twitter_card":"summary_large_image","twitter_misc":{"\u041f\u0440\u0438\u043c\u0435\u0440\u043d\u043e\u0435 \u0432\u0440\u0435\u043c\u044f \u0434\u043b\u044f \u0447\u0442\u0435\u043d\u0438\u044f":"2 \u043c\u0438\u043d\u0443\u0442\u044b"},"schema":{"@context":"https:\/\/schema.org","@graph":[{"@type":"WebPage","@id":"https:\/\/idakorea.ee\/product\/silmapadjad-pyunkang-yul-black-tea-time-reverse-eye-patch\/","url":"https:\/\/idakorea.ee\/product\/silmapadjad-pyunkang-yul-black-tea-time-reverse-eye-patch\/","name":"\u041f\u0430\u0442\u0447\u0438 \u0434\u043b\u044f \u0433\u043b\u0430\u0437 Pyunkang Yul Black Tea Time Reverse - \u0412\u041e\u0421\u0422\u041e\u0427\u041d\u0410\u042f \u041a\u041e\u0420\u0415\u042f","isPartOf":{"@id":"https:\/\/idakorea.ee\/#website"},"primaryImageOfPage":{"@id":"https:\/\/idakorea.ee\/product\/silmapadjad-pyunkang-yul-black-tea-time-reverse-eye-patch\/#primaryimage"},"image":{"@id":"https:\/\/idakorea.ee\/product\/silmapadjad-pyunkang-yul-black-tea-time-reverse-eye-patch\/#primaryimage"},"thumbnailUrl":"https:\/\/idakorea.ee\/wp-content\/uploads\/2024\/07\/1_c37888d2_6e4c_4454_9d8a_9df766243ae3.jpg","datePublished":"2024-07-04T13:27:49+00:00","dateModified":"2026-04-13T22:24:07+00:00","description":"\u041f\u0430\u0442\u0447\u0438 \u0434\u043b\u044f \u0433\u043b\u0430\u0437 Pyunkang Yul Black Tea Time Reverse Eye Patch \u2014 \u044d\u0442\u043e \u043e\u043c\u043e\u043b\u0430\u0436\u0438\u0432\u0430\u044e\u0449\u0438\u0435 \u043f\u0430\u0442\u0447\u0438, \u043a\u043e\u0442\u043e\u0440\u044b\u0435 \u043e\u0441\u0432\u0435\u0442\u043b\u044f\u044e\u0442 \u0442\u0435\u043c\u043d\u044b\u0435 \u043a\u0440\u0443\u0433\u0438 \u043f\u043e\u0434 \u0433\u043b\u0430\u0437\u0430\u043c\u0438, \u0443\u043c\u0435\u043d\u044c\u0448\u0430\u044e\u0442 \u043e\u0442\u0435\u043a\u0438 \u0438 \u0434\u0435\u043b\u0430\u044e\u0442 \u043a\u043e\u0436\u0443 \u0431\u043e\u043b\u0435\u0435 \u0443\u043f\u0440\u0443\u0433\u043e\u0439.","breadcrumb":{"@id":"https:\/\/idakorea.ee\/product\/silmapadjad-pyunkang-yul-black-tea-time-reverse-eye-patch\/#breadcrumb"},"inLanguage":"ru-RU","potentialAction":[{"@type":"ReadAction","target":["https:\/\/idakorea.ee\/product\/silmapadjad-pyunkang-yul-black-tea-time-reverse-eye-patch\/"]}]},{"@type":"ImageObject","inLanguage":"ru-RU","@id":"https:\/\/idakorea.ee\/product\/silmapadjad-pyunkang-yul-black-tea-time-reverse-eye-patch\/#primaryimage","url":"https:\/\/idakorea.ee\/wp-content\/uploads\/2024\/07\/1_c37888d2_6e4c_4454_9d8a_9df766243ae3.jpg","contentUrl":"https:\/\/idakorea.ee\/wp-content\/uploads\/2024\/07\/1_c37888d2_6e4c_4454_9d8a_9df766243ae3.jpg","width":1333,"height":1333},{"@type":"BreadcrumbList","@id":"https:\/\/idakorea.ee\/product\/silmapadjad-pyunkang-yul-black-tea-time-reverse-eye-patch\/#breadcrumb","itemListElement":[{"@type":"ListItem","position":1,"name":"\u0413\u043b\u0430\u0432\u043d\u0430\u044f \u0441\u0442\u0440\u0430\u043d\u0438\u0446\u0430","item":"https:\/\/idakorea.ee\/"},{"@type":"ListItem","position":2,"name":"Shop","item":"https:\/\/idakorea.ee\/shop-2\/"},{"@type":"ListItem","position":3,"name":"Silmapadjad Pyunkang Yul Black Tea Time Reverse Eye Patch"}]},{"@type":"WebSite","@id":"https:\/\/idakorea.ee\/#website","url":"https:\/\/idakorea.ee\/","name":"\u0418\u0414\u0410.\u041a\u041e\u0420\u0415\u042f","description":"\u0418\u043d\u0442\u0435\u0440\u043d\u0435\u0442-\u043c\u0430\u0433\u0430\u0437\u0438\u043d \u043a\u043e\u0440\u0435\u0439\u0441\u043a\u043e\u0439 \u043a\u043e\u0441\u043c\u0435\u0442\u0438\u043a\u0438","publisher":{"@id":"https:\/\/idakorea.ee\/#organization"},"alternateName":"Beauty Shop","potentialAction":[{"@type":"SearchAction","target":{"@type":"EntryPoint","urlTemplate":"https:\/\/idakorea.ee\/?s={search_term_string}"},"query-input":{"@type":"PropertyValueSpecification","valueRequired":true,"valueName":"search_term_string"}}],"inLanguage":"ru-RU"},{"@type":"Organization","@id":"https:\/\/idakorea.ee\/#organization","name":"\u0418\u0414\u0410.\u041a\u041e\u0420\u0415\u042f","url":"https:\/\/idakorea.ee\/","logo":{"@type":"ImageObject","inLanguage":"ru-RU","@id":"https:\/\/idakorea.ee\/#\/schema\/logo\/image\/","url":"https:\/\/idakorea.ee\/wp-content\/uploads\/2024\/05\/cropped-korea3.png","contentUrl":"https:\/\/idakorea.ee\/wp-content\/uploads\/2024\/05\/cropped-korea3.png","width":688,"height":126,"caption":"IDA.KOREA"},"image":{"@id":"https:\/\/idakorea.ee\/#\/schema\/logo\/image\/"},"sameAs":["https:\/\/www.instagram.com\/ida.korea\/"]}]}},"jetpack_sharing_enabled":true,"brands":[{"id":474,"name":"PYUNKANG YUL","slug":"pyunkang-yul"}],"_links":{"self":[{"href":"https:\/\/idakorea.ee\/ru\/wp-json\/wp\/v2\/product\/9195","targetHints":{"allow":["GET"]}}],"collection":[{"href":"https:\/\/idakorea.ee\/ru\/wp-json\/wp\/v2\/product"}],"about":[{"href":"https:\/\/idakorea.ee\/ru\/wp-json\/wp\/v2\/types\/product"}],"replies":[{"embeddable":true,"href":"https:\/\/idakorea.ee\/ru\/wp-json\/wp\/v2\/comments?post=9195"}],"version-history":[{"count":2,"href":"https:\/\/idakorea.ee\/ru\/wp-json\/wp\/v2\/product\/9195\/revisions"}],"predecessor-version":[{"id":12179,"href":"https:\/\/idakorea.ee\/ru\/wp-json\/wp\/v2\/product\/9195\/revisions\/12179"}],"wp:featuredmedia":[{"embeddable":true,"href":"https:\/\/idakorea.ee\/ru\/wp-json\/wp\/v2\/media\/9196"}],"wp:attachment":[{"href":"https:\/\/idakorea.ee\/ru\/wp-json\/wp\/v2\/media?parent=9195"}],"wp:term":[{"taxonomy":"pwb-brand","embeddable":true,"href":"https:\/\/idakorea.ee\/ru\/wp-json\/wp\/v2\/pwb-brand?post=9195"},{"taxonomy":"product_brand","embeddable":true,"href":"https:\/\/idakorea.ee\/ru\/wp-json\/wp\/v2\/product_brand?post=9195"},{"taxonomy":"product_cat","embeddable":true,"href":"https:\/\/idakorea.ee\/ru\/wp-json\/wp\/v2\/product_cat?post=9195"},{"taxonomy":"product_tag","embeddable":true,"href":"https:\/\/idakorea.ee\/ru\/wp-json\/wp\/v2\/product_tag?post=9195"}],"curies":[{"name":"WP","href":"https:\/\/api.w.org\/{rel}","templated":true}]}}