{"id":9306,"date":"2024-07-06T11:35:13","date_gmt":"2024-07-06T08:35:13","guid":{"rendered":"https:\/\/idakorea.ee\/?post_type=product&#038;p=9306"},"modified":"2026-04-14T00:24:07","modified_gmt":"2026-04-13T22:24:07","slug":"sum37-water-full-cc-cushion-perfect-finish","status":"publish","type":"product","link":"https:\/\/idakorea.ee\/ru\/product\/sum37-water-full-cc-cushion-perfect-finish\/","title":{"rendered":"\u041a\u0443\u0448\u043e\u043d Su:m37 Water-Full CC Cushion Perfect Finish"},"content":{"rendered":"<p><strong>\u0412 \u043d\u0430\u0431\u043e\u0440 \u0432\u0445\u043e\u0434\u044f\u0442:<\/strong><\/p>\n<ul>\n<li><strong>Water-Full CC Cushion Perfect Finish 15g<\/strong> - \u043a\u0443\u0448\u043e\u043d<\/li>\n<li><strong>Water-Full CC Cushion Perfect Finish 15g<\/strong> - \u0441\u043c\u0435\u043d\u043d\u044b\u0439 \u0431\u043b\u043e\u043a<\/li>\n<\/ul>\n<p><strong>\u0423\u0432\u043b\u0430\u0436\u043d\u044f\u044e\u0449\u0438\u0439 \u0442\u043e\u043d\u0430\u043b\u044c\u043d\u044b\u0439 \u043a\u0440\u0435\u043c<\/strong>\u00a0- \u043e\u0441\u0432\u0435\u0442\u043b\u044f\u0435\u0442, \u0441\u043e\u043a\u0440\u0430\u0449\u0430\u0435\u0442 \u043c\u043e\u0440\u0449\u0438\u043d\u044b, \u0437\u0430\u0449\u0438\u0449\u0430\u0435\u0442 \u043e\u0442 \u0423\u0424-\u043b\u0443\u0447\u0435\u0439 SPF50+\/PA+++. \u041a\u0430\u043a \u0442\u043e\u043b\u044c\u043a\u043e \u043a\u0443\u0448\u043e\u043d \u0441\u043e\u043f\u0440\u0438\u043a\u0430\u0441\u0430\u0435\u0442\u0441\u044f \u0441 \u043a\u043e\u0436\u0435\u0439, \u043e\u043d \u0443\u0432\u043b\u0430\u0436\u043d\u044f\u0435\u0442 \u0435\u0435, \u043f\u0440\u0438\u0434\u0430\u0432\u0430\u044f \u0441\u0438\u044f\u043d\u0438\u0435, \u0442\u0449\u0430\u0442\u0435\u043b\u044c\u043d\u043e \u0441\u043a\u0440\u044b\u0432\u0430\u0435\u0442 \u043f\u0438\u0433\u043c\u0435\u043d\u0442\u0430\u0446\u0438\u044e \u0438 \u043d\u0435\u0434\u043e\u0441\u0442\u0430\u0442\u043a\u0438 \u043a\u043e\u0436\u0438, \u0441\u043e\u0445\u0440\u0430\u043d\u044f\u044f \u0441\u0438\u044f\u043d\u0438\u0435 \u043d\u0430\u0434\u043e\u043b\u0433\u043e, \u043d\u0435 \u0440\u0430\u0437\u0440\u0443\u0448\u0430\u044f\u0441\u044c. \u0421\u043e\u043a \u0431\u0430\u043c\u0431\u0443\u043a\u0430 \u0438 \u0444\u0435\u0440\u043c\u0435\u043d\u0442\u0438\u0440\u043e\u0432\u0430\u043d\u043d\u044b\u0439 \u044d\u043a\u0441\u0442\u0440\u0430\u043a\u0442 \u0446\u0432\u0435\u0442\u043a\u043e\u0432 \u043b\u043e\u0442\u043e\u0441\u0430 \u0443\u0432\u043b\u0430\u0436\u043d\u044f\u044e\u0442 \u043a\u043e\u0436\u0443 \u0438 \u043f\u043e\u0434\u0434\u0435\u0440\u0436\u0438\u0432\u0430\u044e\u0442 \u043c\u0430\u043a\u0438\u044f\u0436 \u0432 \u0442\u0435\u0447\u0435\u043d\u0438\u0435 \u0432\u0441\u0435\u0433\u043e \u0434\u043d\u044f. \u041a\u043e\u043c\u043f\u043b\u0435\u043a\u0441 \u0444\u0435\u0440\u043c\u0435\u043d\u0442\u0438\u0440\u043e\u0432\u0430\u043d\u043d\u044b\u0445 \u044d\u043a\u0441\u0442\u0440\u0430\u043a\u0442\u043e\u0432 \u043e\u0445\u043b\u0430\u0436\u0434\u0430\u0435\u0442, \u0443\u0432\u043b\u0430\u0436\u043d\u044f\u0435\u0442 \u0438 \u0443\u0441\u043f\u043e\u043a\u0430\u0438\u0432\u0430\u0435\u0442 \u0440\u0430\u0437\u0434\u0440\u0430\u0436\u0435\u043d\u0438\u044f.<\/p>\n<p>\u041e\u0431\u0435\u0441\u043f\u0435\u0447\u0438\u0432\u0430\u0435\u0442 \u043c\u043e\u0449\u043d\u0443\u044e \u0437\u0430\u0449\u0438\u0442\u0443 \u043e\u0442 \u0443\u043b\u044c\u0442\u0440\u0430\u0444\u0438\u043e\u043b\u0435\u0442\u043e\u0432\u044b\u0445 \u043b\u0443\u0447\u0435\u0439 SPF 50+PA+++ \u0438 \u043f\u043e\u043b\u043d\u043e\u0435 \u043f\u043e\u043a\u0440\u044b\u0442\u0438\u0435 \u0434\u043b\u044f \u0435\u0441\u0442\u0435\u0441\u0442\u0432\u0435\u043d\u043d\u043e\u0433\u043e, \u0431\u0435\u0437\u0443\u043f\u0440\u0435\u0447\u043d\u043e\u0433\u043e \u043b\u0438\u0446\u0430. \u0412\u044b\u0440\u0430\u0432\u043d\u0438\u0432\u0430\u0435\u0442 \u0442\u043e\u043d \u043a\u043e\u0436\u0438 \u0438 \u0441\u043a\u0440\u044b\u0432\u0430\u0435\u0442 \u043d\u0435\u0441\u043e\u0432\u0435\u0440\u0448\u0435\u043d\u0441\u0442\u0432\u0430. \u0417\u0430\u0449\u0438\u0449\u0430\u0435\u0442 \u043e\u0442 \u0432\u0440\u0435\u0434\u043d\u043e\u0433\u043e \u0432\u043e\u0437\u0434\u0435\u0439\u0441\u0442\u0432\u0438\u044f \u0423\u0424 \u043b\u0443\u0447\u0435\u0439. \u041f\u0440\u0438 \u0434\u043b\u0438\u0442\u0435\u043b\u044c\u043d\u043e\u043c \u0438\u0441\u043f\u043e\u043b\u044c\u0437\u043e\u0432\u0430\u043d\u0438\u0438 \u043e\u0441\u0432\u0435\u0442\u043b\u044f\u0435\u0442 \u0442\u043e\u043d \u043a\u043e\u0436\u0438 \u0438 \u0441\u043e\u043a\u0440\u0430\u0449\u0430\u0435\u0442 \u043c\u043e\u0440\u0449\u0438\u043d\u044b. \u0414\u0435\u043b\u0430\u0435\u0442 \u043a\u043e\u0436\u0443 \u0433\u043b\u0430\u0434\u043a\u043e\u0439 \u0438 \u0441\u0438\u044f\u044e\u0449\u0435\u0439.<\/p>\n<p>\u0412\u044b\u043f\u0443\u0441\u043a\u0430\u0435\u0442\u0441\u044f \u0432 \u0434\u0432\u0443\u0445 \u0446\u0432\u0435\u0442\u0430\u0445:<\/p>\n<ul>\n<li><strong>01 Light Beige<\/strong> - \u0441\u0432\u0435\u0442\u043b\u043e-\u0431\u0435\u0436\u0435\u0432\u044b\u0439<\/li>\n<li><strong>02 Natural Beige<\/strong> - \u043d\u0430\u0442\u0443\u0440\u0430\u043b\u044c\u043d\u044b\u0439 \u0431\u0435\u0436<\/li>\n<\/ul>\n<p><strong>\u0421\u043f\u043e\u0441\u043e\u0431 \u043f\u0440\u0438\u043c\u0435\u043d\u0435\u043d\u0438\u044f:<\/strong> \u0420\u0430\u0432\u043d\u043e\u043c\u0435\u0440\u043d\u043e \u043d\u0430\u043d\u0435\u0441\u0438\u0442\u0435 \u043d\u0430 \u0432\u0441\u0435 \u043b\u0438\u0446\u043e \u043b\u0435\u0433\u043a\u0438\u043c\u0438 \u043f\u043e\u0445\u043b\u043e\u043f\u044b\u0432\u0430\u044e\u0449\u0438\u043c\u0438 \u0434\u0432\u0438\u0436\u0435\u043d\u0438\u044f\u043c\u0438 \u0441 \u043f\u043e\u043c\u043e\u0449\u044c\u044e \u0441\u043f\u043e\u043d\u0436\u0430 \u0438\u0437 \u043a\u043e\u043c\u043f\u043b\u0435\u043a\u0442\u0430.<\/p>\n<p>&nbsp;<\/p>","protected":false},"excerpt":{"rendered":"<p>\u0412 \u043d\u0430\u0431\u043e\u0440 \u0432\u0445\u043e\u0434\u0438\u0442 Water-Full CC Cushion Perfect Finish 15g - \u043f\u043e\u0434\u0443\u0448\u0435\u0447\u043a\u0430 Water-Full CC Cushion Perfect Finish 15g - \u0441\u043c\u0435\u043d\u043d\u044b\u0439 \u0431\u043b\u043e\u043a \u0423\u0432\u043b\u0430\u0436\u043d\u044f\u044e\u0449\u0430\u044f \u0442\u043e\u043d\u0430\u043b\u044c\u043d\u0430\u044f \u043e\u0441\u043d\u043e\u0432\u0430 - \u043e\u0441\u0432\u0435\u0442\u043b\u044f\u0435\u0442, \u0441\u043e\u043a\u0440\u0430\u0449\u0430\u0435\u0442 \u043c\u043e\u0440\u0449\u0438\u043d\u044b, \u0437\u0430\u0449\u0438\u0449\u0430\u0435\u0442 \u043e\u0442 \u0423\u0424-\u043b\u0443\u0447\u0435\u0439 SPF50+\/PA+++. \u041a\u0430\u043a \u0442\u043e\u043b\u044c\u043a\u043e \u043f\u043e\u0434\u0443\u0448\u0435\u0447\u043a\u0430 \u0441\u043e\u043f\u0440\u0438\u043a\u0430\u0441\u0430\u0435\u0442\u0441\u044f \u0441 \u043a\u043e\u0436\u0435\u0439, \u043e\u043d\u0430 \u0443\u0432\u043b\u0430\u0436\u043d\u044f\u0435\u0442 \u0435\u0435, \u043f\u0440\u0438\u0434\u0430\u0432\u0430\u044f \u0441\u0438\u044f\u043d\u0438\u0435, \u0442\u0449\u0430\u0442\u0435\u043b\u044c\u043d\u043e \u0441\u043a\u0440\u044b\u0432\u0430\u0435\u0442 \u043f\u0438\u0433\u043c\u0435\u043d\u0442\u0430\u0446\u0438\u044e \u0438 \u043d\u0435\u0434\u043e\u0441\u0442\u0430\u0442\u043a\u0438 \u043a\u043e\u0436\u0438, \u0441\u043e\u0445\u0440\u0430\u043d\u044f\u044f \u0441\u0438\u044f\u043d\u0438\u0435 \u043d\u0430\u0434\u043e\u043b\u0433\u043e, \u043d\u0435 \u0440\u0430\u0437\u0440\u0443\u0448\u0430\u044f\u0441\u044c. \u0411\u0430\u043c\u0431\u0443\u043a...<\/p>","protected":false},"featured_media":9307,"comment_status":"open","ping_status":"closed","template":"","meta":{"_uf_show_specific_survey":0,"_uf_disable_surveys":false,"_bst_post_transparent":"default","_bst_post_title":"","_bst_post_layout":"default","_bst_post_sidebar_id":"","_bst_post_content_style":"default","_bst_post_vertical_padding":"default","_bst_post_feature":"","_bst_post_feature_position":"","_bst_post_header":false,"_bst_post_footer":false},"pwb-brand":[109],"product_brand":[],"product_cat":[500,499],"product_tag":[233,377,202,465,473],"class_list":{"0":"post-9306","1":"product","2":"type-product","3":"status-publish","4":"has-post-thumbnail","6":"pwb-brand-sum37","7":"product_cat-jumestuskreemid","8":"product_cat-meik","9":"product_tag-internet-pood-eesti","10":"product_tag-k-beauty-2","11":"product_tag-korea-kosmeetika","12":"product_tag-korea-lux","13":"product_tag-korea-premium","15":"first","16":"instock","17":"sale","18":"shipping-taxable","19":"purchasable","20":"product-type-variable","21":"has-default-attributes","22":"entry","23":"content-bg","24":"loop-entry"},"supplier_id":null,"supplier_sku":"","barcode":null,"atum_controlled":true,"out_stock_date":null,"out_stock_threshold":null,"inheritable":true,"inbound_stock":0,"stock_on_hold":0,"sold_today":0,"sales_last_days":2,"out_stock_days":0,"lost_sales":0,"has_location":false,"update_date":"2026-04-13T22:24:08","atum_locations":[],"atum_stock_status":"instock","restock_status":false,"low_stock_amount":"","sales_update_date":"2026-03-01T00:12:55","calc_backorders":null,"yoast_head":"<!-- This site is optimized with the Yoast SEO plugin v27.2 - https:\/\/yoast.com\/product\/yoast-seo-wordpress\/ -->\n<title>Su:m37 Water-Full CC Cushion Perfect Finish - IDA.KOREA<\/title>\n<meta name=\"robots\" content=\"index, follow, max-snippet:-1, max-image-preview:large, max-video-preview:-1\" \/>\n<link rel=\"canonical\" href=\"https:\/\/idakorea.ee\/ru\/product\/sum37-water-full-cc-cushion-perfect-finish\/\" \/>\n<meta property=\"og:locale\" content=\"ru_RU\" \/>\n<meta property=\"og:type\" content=\"article\" \/>\n<meta property=\"og:title\" content=\"Su:m37 Water-Full CC Cushion Perfect Finish - IDA.KOREA\" \/>\n<meta property=\"og:description\" content=\"Komplekt sisaldab: Water-Full CC Cushion Perfect Finish 15g &#8211; cushion Water-Full CC Cushion Perfect Finish 15g &#8211; vahetusplokk Niisutav jumestuskreem\u00a0&#8211; helendab, v\u00e4hendab kortse, kaitseb UV-kiirguse eest SPF50+\/PA+++. Niipea kui kushoon puutub nahka, annab see niiskustunde, et nahk s\u00e4raks puhta eluj\u00f5uga, ning katab p\u00f5hjalikult pigmendi ja naha eba\u00fchtlused, s\u00e4ilitades naha s\u00e4ra pikaks ajaks ilma lagunemata. Bambuse...\" \/>\n<meta property=\"og:url\" content=\"https:\/\/idakorea.ee\/ru\/product\/sum37-water-full-cc-cushion-perfect-finish\/\" \/>\n<meta property=\"og:site_name\" content=\"IDA.KOREA\" \/>\n<meta property=\"article:modified_time\" content=\"2026-04-13T22:24:07+00:00\" \/>\n<meta property=\"og:image\" content=\"https:\/\/idakorea.ee\/wp-content\/uploads\/2024\/07\/max_50282.jpg\" \/>\n\t<meta property=\"og:image:width\" content=\"750\" \/>\n\t<meta property=\"og:image:height\" content=\"750\" \/>\n\t<meta property=\"og:image:type\" content=\"image\/jpeg\" \/>\n<meta name=\"twitter:card\" content=\"summary_large_image\" \/>\n<meta name=\"twitter:label1\" content=\"\u041f\u0440\u0438\u043c\u0435\u0440\u043d\u043e\u0435 \u0432\u0440\u0435\u043c\u044f \u0434\u043b\u044f \u0447\u0442\u0435\u043d\u0438\u044f\" \/>\n\t<meta name=\"twitter:data1\" content=\"2 \u043c\u0438\u043d\u0443\u0442\u044b\" \/>\n<script type=\"application\/ld+json\" class=\"yoast-schema-graph\">{\"@context\":\"https:\/\/schema.org\",\"@graph\":[{\"@type\":\"WebPage\",\"@id\":\"https:\/\/idakorea.ee\/product\/sum37-water-full-cc-cushion-perfect-finish\/\",\"url\":\"https:\/\/idakorea.ee\/product\/sum37-water-full-cc-cushion-perfect-finish\/\",\"name\":\"Su:m37 Water-Full CC Cushion Perfect Finish - IDA.KOREA\",\"isPartOf\":{\"@id\":\"https:\/\/idakorea.ee\/#website\"},\"primaryImageOfPage\":{\"@id\":\"https:\/\/idakorea.ee\/product\/sum37-water-full-cc-cushion-perfect-finish\/#primaryimage\"},\"image\":{\"@id\":\"https:\/\/idakorea.ee\/product\/sum37-water-full-cc-cushion-perfect-finish\/#primaryimage\"},\"thumbnailUrl\":\"https:\/\/idakorea.ee\/wp-content\/uploads\/2024\/07\/max_50282.jpg\",\"datePublished\":\"2024-07-06T08:35:13+00:00\",\"dateModified\":\"2026-04-13T22:24:07+00:00\",\"breadcrumb\":{\"@id\":\"https:\/\/idakorea.ee\/product\/sum37-water-full-cc-cushion-perfect-finish\/#breadcrumb\"},\"inLanguage\":\"ru-RU\",\"potentialAction\":[{\"@type\":\"ReadAction\",\"target\":[\"https:\/\/idakorea.ee\/product\/sum37-water-full-cc-cushion-perfect-finish\/\"]}]},{\"@type\":\"ImageObject\",\"inLanguage\":\"ru-RU\",\"@id\":\"https:\/\/idakorea.ee\/product\/sum37-water-full-cc-cushion-perfect-finish\/#primaryimage\",\"url\":\"https:\/\/idakorea.ee\/wp-content\/uploads\/2024\/07\/max_50282.jpg\",\"contentUrl\":\"https:\/\/idakorea.ee\/wp-content\/uploads\/2024\/07\/max_50282.jpg\",\"width\":750,\"height\":750},{\"@type\":\"BreadcrumbList\",\"@id\":\"https:\/\/idakorea.ee\/product\/sum37-water-full-cc-cushion-perfect-finish\/#breadcrumb\",\"itemListElement\":[{\"@type\":\"ListItem\",\"position\":1,\"name\":\"\u0413\u043b\u0430\u0432\u043d\u0430\u044f \u0441\u0442\u0440\u0430\u043d\u0438\u0446\u0430\",\"item\":\"https:\/\/idakorea.ee\/\"},{\"@type\":\"ListItem\",\"position\":2,\"name\":\"Shop\",\"item\":\"https:\/\/idakorea.ee\/shop-2\/\"},{\"@type\":\"ListItem\",\"position\":3,\"name\":\"Su:m37 Water-Full CC Cushion Perfect Finish\"}]},{\"@type\":\"WebSite\",\"@id\":\"https:\/\/idakorea.ee\/#website\",\"url\":\"https:\/\/idakorea.ee\/\",\"name\":\"IDA.KOREA\",\"description\":\"Korea kosmeetika e-pood\",\"publisher\":{\"@id\":\"https:\/\/idakorea.ee\/#organization\"},\"alternateName\":\"Beauty Shop\",\"potentialAction\":[{\"@type\":\"SearchAction\",\"target\":{\"@type\":\"EntryPoint\",\"urlTemplate\":\"https:\/\/idakorea.ee\/?s={search_term_string}\"},\"query-input\":{\"@type\":\"PropertyValueSpecification\",\"valueRequired\":true,\"valueName\":\"search_term_string\"}}],\"inLanguage\":\"ru-RU\"},{\"@type\":\"Organization\",\"@id\":\"https:\/\/idakorea.ee\/#organization\",\"name\":\"IDA.KOREA\",\"url\":\"https:\/\/idakorea.ee\/\",\"logo\":{\"@type\":\"ImageObject\",\"inLanguage\":\"ru-RU\",\"@id\":\"https:\/\/idakorea.ee\/#\/schema\/logo\/image\/\",\"url\":\"https:\/\/idakorea.ee\/wp-content\/uploads\/2024\/05\/cropped-korea3.png\",\"contentUrl\":\"https:\/\/idakorea.ee\/wp-content\/uploads\/2024\/05\/cropped-korea3.png\",\"width\":688,\"height\":126,\"caption\":\"IDA.KOREA\"},\"image\":{\"@id\":\"https:\/\/idakorea.ee\/#\/schema\/logo\/image\/\"},\"sameAs\":[\"https:\/\/www.instagram.com\/ida.korea\/\"]}]}<\/script>\n<!-- \/ Yoast SEO plugin. -->","yoast_head_json":{"title":"Su:m37 Water-Full CC Cushion Perfect Finish - IDA.KOREA","robots":{"index":"index","follow":"follow","max-snippet":"max-snippet:-1","max-image-preview":"max-image-preview:large","max-video-preview":"max-video-preview:-1"},"canonical":"https:\/\/idakorea.ee\/ru\/product\/sum37-water-full-cc-cushion-perfect-finish\/","og_locale":"ru_RU","og_type":"article","og_title":"Su:m37 Water-Full CC Cushion Perfect Finish - IDA.KOREA","og_description":"Komplekt sisaldab: Water-Full CC Cushion Perfect Finish 15g &#8211; cushion Water-Full CC Cushion Perfect Finish 15g &#8211; vahetusplokk Niisutav jumestuskreem\u00a0&#8211; helendab, v\u00e4hendab kortse, kaitseb UV-kiirguse eest SPF50+\/PA+++. Niipea kui kushoon puutub nahka, annab see niiskustunde, et nahk s\u00e4raks puhta eluj\u00f5uga, ning katab p\u00f5hjalikult pigmendi ja naha eba\u00fchtlused, s\u00e4ilitades naha s\u00e4ra pikaks ajaks ilma lagunemata. Bambuse...","og_url":"https:\/\/idakorea.ee\/ru\/product\/sum37-water-full-cc-cushion-perfect-finish\/","og_site_name":"IDA.KOREA","article_modified_time":"2026-04-13T22:24:07+00:00","og_image":[{"width":750,"height":750,"url":"https:\/\/idakorea.ee\/wp-content\/uploads\/2024\/07\/max_50282.jpg","type":"image\/jpeg"}],"twitter_card":"summary_large_image","twitter_misc":{"\u041f\u0440\u0438\u043c\u0435\u0440\u043d\u043e\u0435 \u0432\u0440\u0435\u043c\u044f \u0434\u043b\u044f \u0447\u0442\u0435\u043d\u0438\u044f":"2 \u043c\u0438\u043d\u0443\u0442\u044b"},"schema":{"@context":"https:\/\/schema.org","@graph":[{"@type":"WebPage","@id":"https:\/\/idakorea.ee\/product\/sum37-water-full-cc-cushion-perfect-finish\/","url":"https:\/\/idakorea.ee\/product\/sum37-water-full-cc-cushion-perfect-finish\/","name":"Su:m37 Water-Full CC Cushion Perfect Finish - IDA.KOREA","isPartOf":{"@id":"https:\/\/idakorea.ee\/#website"},"primaryImageOfPage":{"@id":"https:\/\/idakorea.ee\/product\/sum37-water-full-cc-cushion-perfect-finish\/#primaryimage"},"image":{"@id":"https:\/\/idakorea.ee\/product\/sum37-water-full-cc-cushion-perfect-finish\/#primaryimage"},"thumbnailUrl":"https:\/\/idakorea.ee\/wp-content\/uploads\/2024\/07\/max_50282.jpg","datePublished":"2024-07-06T08:35:13+00:00","dateModified":"2026-04-13T22:24:07+00:00","breadcrumb":{"@id":"https:\/\/idakorea.ee\/product\/sum37-water-full-cc-cushion-perfect-finish\/#breadcrumb"},"inLanguage":"ru-RU","potentialAction":[{"@type":"ReadAction","target":["https:\/\/idakorea.ee\/product\/sum37-water-full-cc-cushion-perfect-finish\/"]}]},{"@type":"ImageObject","inLanguage":"ru-RU","@id":"https:\/\/idakorea.ee\/product\/sum37-water-full-cc-cushion-perfect-finish\/#primaryimage","url":"https:\/\/idakorea.ee\/wp-content\/uploads\/2024\/07\/max_50282.jpg","contentUrl":"https:\/\/idakorea.ee\/wp-content\/uploads\/2024\/07\/max_50282.jpg","width":750,"height":750},{"@type":"BreadcrumbList","@id":"https:\/\/idakorea.ee\/product\/sum37-water-full-cc-cushion-perfect-finish\/#breadcrumb","itemListElement":[{"@type":"ListItem","position":1,"name":"\u0413\u043b\u0430\u0432\u043d\u0430\u044f \u0441\u0442\u0440\u0430\u043d\u0438\u0446\u0430","item":"https:\/\/idakorea.ee\/"},{"@type":"ListItem","position":2,"name":"Shop","item":"https:\/\/idakorea.ee\/shop-2\/"},{"@type":"ListItem","position":3,"name":"Su:m37 Water-Full CC Cushion Perfect Finish"}]},{"@type":"WebSite","@id":"https:\/\/idakorea.ee\/#website","url":"https:\/\/idakorea.ee\/","name":"\u0418\u0414\u0410.\u041a\u041e\u0420\u0415\u042f","description":"\u0418\u043d\u0442\u0435\u0440\u043d\u0435\u0442-\u043c\u0430\u0433\u0430\u0437\u0438\u043d \u043a\u043e\u0440\u0435\u0439\u0441\u043a\u043e\u0439 \u043a\u043e\u0441\u043c\u0435\u0442\u0438\u043a\u0438","publisher":{"@id":"https:\/\/idakorea.ee\/#organization"},"alternateName":"Beauty Shop","potentialAction":[{"@type":"SearchAction","target":{"@type":"EntryPoint","urlTemplate":"https:\/\/idakorea.ee\/?s={search_term_string}"},"query-input":{"@type":"PropertyValueSpecification","valueRequired":true,"valueName":"search_term_string"}}],"inLanguage":"ru-RU"},{"@type":"Organization","@id":"https:\/\/idakorea.ee\/#organization","name":"\u0418\u0414\u0410.\u041a\u041e\u0420\u0415\u042f","url":"https:\/\/idakorea.ee\/","logo":{"@type":"ImageObject","inLanguage":"ru-RU","@id":"https:\/\/idakorea.ee\/#\/schema\/logo\/image\/","url":"https:\/\/idakorea.ee\/wp-content\/uploads\/2024\/05\/cropped-korea3.png","contentUrl":"https:\/\/idakorea.ee\/wp-content\/uploads\/2024\/05\/cropped-korea3.png","width":688,"height":126,"caption":"IDA.KOREA"},"image":{"@id":"https:\/\/idakorea.ee\/#\/schema\/logo\/image\/"},"sameAs":["https:\/\/www.instagram.com\/ida.korea\/"]}]}},"jetpack_sharing_enabled":true,"brands":[{"id":109,"name":"SUM37","slug":"sum37"}],"_links":{"self":[{"href":"https:\/\/idakorea.ee\/ru\/wp-json\/wp\/v2\/product\/9306","targetHints":{"allow":["GET"]}}],"collection":[{"href":"https:\/\/idakorea.ee\/ru\/wp-json\/wp\/v2\/product"}],"about":[{"href":"https:\/\/idakorea.ee\/ru\/wp-json\/wp\/v2\/types\/product"}],"replies":[{"embeddable":true,"href":"https:\/\/idakorea.ee\/ru\/wp-json\/wp\/v2\/comments?post=9306"}],"version-history":[{"count":2,"href":"https:\/\/idakorea.ee\/ru\/wp-json\/wp\/v2\/product\/9306\/revisions"}],"predecessor-version":[{"id":17688,"href":"https:\/\/idakorea.ee\/ru\/wp-json\/wp\/v2\/product\/9306\/revisions\/17688"}],"wp:featuredmedia":[{"embeddable":true,"href":"https:\/\/idakorea.ee\/ru\/wp-json\/wp\/v2\/media\/9307"}],"wp:attachment":[{"href":"https:\/\/idakorea.ee\/ru\/wp-json\/wp\/v2\/media?parent=9306"}],"wp:term":[{"taxonomy":"pwb-brand","embeddable":true,"href":"https:\/\/idakorea.ee\/ru\/wp-json\/wp\/v2\/pwb-brand?post=9306"},{"taxonomy":"product_brand","embeddable":true,"href":"https:\/\/idakorea.ee\/ru\/wp-json\/wp\/v2\/product_brand?post=9306"},{"taxonomy":"product_cat","embeddable":true,"href":"https:\/\/idakorea.ee\/ru\/wp-json\/wp\/v2\/product_cat?post=9306"},{"taxonomy":"product_tag","embeddable":true,"href":"https:\/\/idakorea.ee\/ru\/wp-json\/wp\/v2\/product_tag?post=9306"}],"curies":[{"name":"WP","href":"https:\/\/api.w.org\/{rel}","templated":true}]}}