{"id":9772,"date":"2024-08-14T12:56:24","date_gmt":"2024-08-14T09:56:24","guid":{"rendered":"https:\/\/idakorea.ee\/?post_type=product&#038;p=9772"},"modified":"2026-04-03T14:39:23","modified_gmt":"2026-04-03T12:39:23","slug":"seerum-medi-peel-phyto-cica-nol-b5-3000-shot-serum-50ml","status":"publish","type":"product","link":"https:\/\/idakorea.ee\/ru\/product\/seerum-medi-peel-phyto-cica-nol-b5-3000-shot-serum-50ml\/","title":{"rendered":"\u041c\u044f\u0433\u043a\u0430\u044f \u043f\u0438\u043b\u0438\u043d\u0433-\u0441\u044b\u0432\u043e\u0440\u043e\u0442\u043a\u0430 \u0441\u043e \u0441\u043f\u0438\u043a\u0443\u043b\u0430\u043c\u0438 \u0438 \u0446\u0435\u043d\u0442\u0435\u043b\u043b\u043e\u0439 Medi-Peel Phyto Cica-Nol B5 3000 Shot Serum, 50 \u043c\u043b"},"content":{"rendered":"<div class=\"flex-shrink-0 flex flex-col relative items-end\">\n<div>\n<div class=\"pt-0\">\n<div class=\"gizmo-bot-avatar flex h-8 w-8 items-center justify-center overflow-hidden rounded-full\">\n<div class=\"relative p-1 rounded-sm flex items-center justify-center bg-token-main-surface-primary text-token-text-primary h-8 w-8\"><\/div>\n<\/div>\n<\/div>\n<\/div>\n<\/div>\n<div class=\"group\/conversation-turn relative flex w-full min-w-0 flex-col agent-turn\">\n<div class=\"flex-col gap-1 md:gap-3\">\n<div class=\"flex max-w-full flex-col flex-grow\">\n<div class=\"min-h-[20px] text-message flex w-full flex-col items-end gap-2 whitespace-pre-wrap break-words [.text-message+&amp;]:mt-5 overflow-x-auto\" dir=\"auto\" data-message-author-role=\"assistant\" data-message-id=\"1aa0cb41-8ff8-4442-9759-fd91763794b2\">\n<div class=\"flex w-full flex-col gap-1 empty:hidden first:pt-[3px]\">\n<div class=\"markdown prose w-full break-words dark:prose-invert light\">\n<p><strong>Medi-Peel Phyto Cica-Nol B5 3000 Shot Serum<\/strong> on kooriv seerum, mis tagab naha \u00f5rna uuendamise, silub tekstuuri, rahustab ja niisutab nahka ning pehmendab ketendavaid ja karedaid alasid.<\/p>\n<p>Seerum ennetab pooride ummistumist, p\u00f5letike ja mustpeade teket. \u00dchtlustab nahatooni, v\u00e4hendab pigmentatsiooni ja vananemisilminguid.<\/p>\n<p>Sisaldab spetsiaalset <strong>Phyto Cica-Nol Leedle\u2122<\/strong> tehnoloogiat, mis koosneb puhastatud spikulitest ja Aasia vesinaba ekstraktist. See tehnoloogia v\u00f5imaldab spikulitel t\u00f6\u00f6tada maksimaalse efektiivsusega ja viia centella s\u00fcgavale nahka, v\u00e4hendades samal ajal \u00e4rrituse tekkimise t\u00f5en\u00e4osust.<\/p>\n<p><strong>Lisakomponendid<\/strong>:<\/p>\n<ul>\n<li><strong>Cica-Nol B5<\/strong> \u2014 patenteeritud kompleks, mis koosneb Aasia vesinaba ekstraktist, madekassosiidist, madekassohappest, asiathappest, asiathosiidist ja pantenoolist. Rahustab \u00e4rritust ja punetust, v\u00e4hendab naha tundlikkust.<\/li>\n<li><strong>Salits\u00fc\u00fclhape (BHA)<\/strong> \u2014 rasvlahustuv hape, mis puhastab poore, helendab mustpead ja rasun\u00f6\u00f6re, hoiab \u00e4ra pooride ummistumise ja p\u00f5letike tekke, v\u00e4hendab naha rasvasust.<\/li>\n<li><strong>Aquaxyl\u2122<\/strong> \u2014 gl\u00fckoosi ja ks\u00fclitooli kombinatsioon, mis niisutab ja taastab nahka, ennetab transdermaalset veekadu, v\u00e4hendab deh\u00fcdratsiooni, v\u00f5itleb ketendusega, pehmendab ja silub nahka.<\/li>\n<li><strong>Merevaikhape<\/strong> \u2014 omab antiseptilist toimet, matistab nahka, v\u00e4hendab rasul\u00e4ike, parandab rakkude hingamist, kiirendab ainevahetust, aktiveerib regeneratsiooni ja uuenemist.<\/li>\n<li><strong>SingGreen<\/strong> \u2014 kompleks, mis koosneb papaia, \u00f5una, viinamarja ja ploomi ekstraktidest, mis \u00f5rnalt koorivad, \u00fchtlustavad tooni ja siluvad nahka.<\/li>\n<li><strong>Niasiiniid (vitamiin B3)<\/strong> \u2014 aeglustab melaniini liikumist epidermisesse, ennetades sellega pigmendilaikude teket. V\u00e4hendab tundlikkust v\u00e4liste \u00e4rritajate suhtes, \u00fchtlustab nahatooni, soodustab kollageeni tootmist ja naha tiheduse suurenemist.<\/li>\n<li><strong>Viigimarja ekstrakt<\/strong> sisaldab spetsiaalset ens\u00fc\u00fcmi fitsiini, mis puhastab, koorib \u00f5rnalt sarvkihti, \u00fchtlustab tooni ja stimuleerib naha uuenemist, \u00e4rritamata nahka.<\/li>\n<li><strong>Kolm t\u00fc\u00fcpi h\u00fcaluroonhapet<\/strong> \u2014 need niisutavad intensiivselt, s\u00e4ilitavad optimaalse niiskustaseme. Moodustavad kaitsekihi, mis hoiab \u00e4ra niiskuse kadumise.<\/li>\n<li><strong>Granaat\u00f5una ekstrakt<\/strong> \u2014 kaitseb oks\u00fcdatiivse stressi eest, pehmendab ja omab vananemisvastast toimet.<\/li>\n<\/ul>\n<p>&nbsp;<\/p>\n<p>Sobib kombineeritud, probleemsele ja tundlikule nahale.<\/p>\n<p>&nbsp;<\/p>\n<p><strong>Kasutamisjuhend<\/strong>: Kandke seerum n\u00e4ole kohe p\u00e4rast pesemist v\u00f5i p\u00e4rast tooniku kasutamist. P\u00e4rast imendumist kandke nahale niisutav kreem. Sobib igap\u00e4evaseks kasutamiseks.<\/p>\n<\/div>\n<\/div>\n<\/div>\n<\/div>\n<\/div>\n<\/div>\n","protected":false},"excerpt":{"rendered":"<p>Medi-Peel Phyto Cica-Nol B5 3000 Shot Serum - \u043e\u0442\u0448\u0435\u043b\u0443\u0448\u0438\u0432\u0430\u044e\u0449\u0430\u044f \u0441\u044b\u0432\u043e\u0440\u043e\u0442\u043a\u0430, \u043a\u043e\u0442\u043e\u0440\u0430\u044f \u0434\u0435\u043b\u0438\u043a\u0430\u0442\u043d\u043e \u043e\u0431\u043d\u043e\u0432\u043b\u044f\u0435\u0442 \u043a\u043e\u0436\u0443, \u0432\u044b\u0440\u0430\u0432\u043d\u0438\u0432\u0430\u0435\u0442 \u0442\u0435\u043a\u0441\u0442\u0443\u0440\u0443, \u0443\u0441\u043f\u043e\u043a\u0430\u0438\u0432\u0430\u0435\u0442 \u0438 \u0443\u0432\u043b\u0430\u0436\u043d\u044f\u0435\u0442, \u0441\u043c\u044f\u0433\u0447\u0430\u0435\u0442 \u0448\u0435\u043b\u0443\u0448\u0430\u0449\u0438\u0435\u0441\u044f \u0438 \u043e\u0433\u0440\u0443\u0431\u0435\u0432\u0448\u0438\u0435 \u0443\u0447\u0430\u0441\u0442\u043a\u0438. \u0421\u044b\u0432\u043e\u0440\u043e\u0442\u043a\u0430 \u043f\u0440\u0435\u0434\u043e\u0442\u0432\u0440\u0430\u0449\u0430\u0435\u0442 \u0437\u0430\u043a\u0443\u043f\u043e\u0440\u043a\u0443 \u043f\u043e\u0440, \u0432\u043e\u0441\u043f\u0430\u043b\u0435\u043d\u0438\u044f \u0438 \u0441\u0438\u043d\u044f\u043a\u0438. \u041e\u043d\u0430 \u0432\u044b\u0440\u0430\u0432\u043d\u0438\u0432\u0430\u0435\u0442 \u0442\u043e\u043d \u043a\u043e\u0436\u0438, \u0443\u043c\u0435\u043d\u044c\u0448\u0430\u0435\u0442 \u043f\u0438\u0433\u043c\u0435\u043d\u0442\u0430\u0446\u0438\u044e \u0438 \u043f\u0440\u0438\u0437\u043d\u0430\u043a\u0438 \u0441\u0442\u0430\u0440\u0435\u043d\u0438\u044f. \u0421\u043e\u0434\u0435\u0440\u0436\u0438\u0442 \u0441\u043f\u0435\u0446\u0438\u0430\u043b\u044c\u043d\u0443\u044e \u0442\u0435\u0445\u043d\u043e\u043b\u043e\u0433\u0438\u044e Phyto Cica-Nol Leedle\u2122, \u0441\u043e\u0441\u0442\u043e\u044f\u0449\u0443\u044e \u0438\u0437 \u043e\u0447\u0438\u0449\u0435\u043d\u043d\u044b\u0445 \u0441\u043f\u0438\u043a\u0443\u043b \u0438 \u044d\u043a\u0441\u0442\u0440\u0430\u043a\u0442\u0430 \u0430\u0437\u0438\u0430\u0442\u0441\u043a\u043e\u0439 \u0432\u043e\u0434\u044b Naba.....<\/p>","protected":false},"featured_media":9773,"comment_status":"open","ping_status":"closed","template":"","meta":{"_uf_show_specific_survey":0,"_uf_disable_surveys":false,"_bst_post_transparent":"default","_bst_post_title":"","_bst_post_layout":"default","_bst_post_sidebar_id":"","_bst_post_content_style":"default","_bst_post_vertical_padding":"default","_bst_post_feature":"","_bst_post_feature_position":"","_bst_post_header":false,"_bst_post_footer":false},"pwb-brand":[107],"product_brand":[],"product_cat":[97],"product_tag":[545,517,233,377,202,473,249,381,230,221],"class_list":{"0":"post-9772","1":"product","2":"type-product","3":"status-publish","4":"has-post-thumbnail","6":"pwb-brand-medipeel","7":"product_cat-naoseerumid-ja-olid","8":"product_tag-cica","9":"product_tag-collagen","10":"product_tag-internet-pood-eesti","11":"product_tag-k-beauty-2","12":"product_tag-korea-kosmeetika","13":"product_tag-korea-premium","14":"product_tag-medi-peel","15":"product_tag-medipeel","16":"product_tag-pigment","17":"product_tag-tundlik-nahk","19":"first","20":"instock","21":"sale","22":"shipping-taxable","23":"purchasable","24":"product-type-simple","25":"entry","26":"content-bg","27":"loop-entry"},"supplier_id":null,"supplier_sku":"","barcode":null,"atum_controlled":true,"out_stock_date":null,"out_stock_threshold":null,"inheritable":false,"inbound_stock":0,"stock_on_hold":0,"sold_today":0,"sales_last_days":0,"out_stock_days":0,"lost_sales":0,"has_location":false,"update_date":"2026-04-14T00:05:11","atum_locations":[],"atum_stock_status":"instock","restock_status":false,"low_stock_amount":"","sales_update_date":"2026-04-14T00:05:11","calc_backorders":null,"yoast_head":"<!-- This site is optimized with the Yoast SEO plugin v27.2 - https:\/\/yoast.com\/product\/yoast-seo-wordpress\/ -->\n<title>Seerum Medi-Peel Phyto Cica-Nol B5 3000 Shot Serum, 50ml - IDA.KOREA<\/title>\n<meta name=\"description\" content=\"Seerum ennetab pooride ummistumist, p\u00f5letike ja mustpeade teket. \u00dchtlustab nahatooni, v\u00e4hendab pigmentatsiooni ja vananemisilminguid.\" \/>\n<meta name=\"robots\" content=\"index, follow, max-snippet:-1, max-image-preview:large, max-video-preview:-1\" \/>\n<link rel=\"canonical\" href=\"https:\/\/idakorea.ee\/ru\/product\/seerum-medi-peel-phyto-cica-nol-b5-3000-shot-serum-50ml\/\" \/>\n<meta property=\"og:locale\" content=\"ru_RU\" \/>\n<meta property=\"og:type\" content=\"article\" \/>\n<meta property=\"og:title\" content=\"Seerum Medi-Peel Phyto Cica-Nol B5 3000 Shot Serum, 50ml - IDA.KOREA\" \/>\n<meta property=\"og:description\" content=\"Seerum ennetab pooride ummistumist, p\u00f5letike ja mustpeade teket. \u00dchtlustab nahatooni, v\u00e4hendab pigmentatsiooni ja vananemisilminguid.\" \/>\n<meta property=\"og:url\" content=\"https:\/\/idakorea.ee\/ru\/product\/seerum-medi-peel-phyto-cica-nol-b5-3000-shot-serum-50ml\/\" \/>\n<meta property=\"og:site_name\" content=\"IDA.KOREA\" \/>\n<meta property=\"article:modified_time\" content=\"2026-04-03T12:39:23+00:00\" \/>\n<meta property=\"og:image\" content=\"https:\/\/idakorea.ee\/wp-content\/uploads\/2024\/08\/medi_peel-phyto-cica_nol-b5-3000-shot-serum.jpg\" \/>\n\t<meta property=\"og:image:width\" content=\"1000\" \/>\n\t<meta property=\"og:image:height\" content=\"1000\" \/>\n\t<meta property=\"og:image:type\" content=\"image\/jpeg\" \/>\n<meta name=\"twitter:card\" content=\"summary_large_image\" \/>\n<meta name=\"twitter:label1\" content=\"\u041f\u0440\u0438\u043c\u0435\u0440\u043d\u043e\u0435 \u0432\u0440\u0435\u043c\u044f \u0434\u043b\u044f \u0447\u0442\u0435\u043d\u0438\u044f\" \/>\n\t<meta name=\"twitter:data1\" content=\"2 \u043c\u0438\u043d\u0443\u0442\u044b\" \/>\n<script type=\"application\/ld+json\" class=\"yoast-schema-graph\">{\"@context\":\"https:\/\/schema.org\",\"@graph\":[{\"@type\":\"WebPage\",\"@id\":\"https:\/\/idakorea.ee\/product\/seerum-medi-peel-phyto-cica-nol-b5-3000-shot-serum-50ml\/\",\"url\":\"https:\/\/idakorea.ee\/product\/seerum-medi-peel-phyto-cica-nol-b5-3000-shot-serum-50ml\/\",\"name\":\"Seerum Medi-Peel Phyto Cica-Nol B5 3000 Shot Serum, 50ml - IDA.KOREA\",\"isPartOf\":{\"@id\":\"https:\/\/idakorea.ee\/#website\"},\"primaryImageOfPage\":{\"@id\":\"https:\/\/idakorea.ee\/product\/seerum-medi-peel-phyto-cica-nol-b5-3000-shot-serum-50ml\/#primaryimage\"},\"image\":{\"@id\":\"https:\/\/idakorea.ee\/product\/seerum-medi-peel-phyto-cica-nol-b5-3000-shot-serum-50ml\/#primaryimage\"},\"thumbnailUrl\":\"https:\/\/idakorea.ee\/wp-content\/uploads\/2024\/08\/medi_peel-phyto-cica_nol-b5-3000-shot-serum.jpg\",\"datePublished\":\"2024-08-14T09:56:24+00:00\",\"dateModified\":\"2026-04-03T12:39:23+00:00\",\"description\":\"Seerum ennetab pooride ummistumist, p\u00f5letike ja mustpeade teket. \u00dchtlustab nahatooni, v\u00e4hendab pigmentatsiooni ja vananemisilminguid.\",\"breadcrumb\":{\"@id\":\"https:\/\/idakorea.ee\/product\/seerum-medi-peel-phyto-cica-nol-b5-3000-shot-serum-50ml\/#breadcrumb\"},\"inLanguage\":\"ru-RU\",\"potentialAction\":[{\"@type\":\"ReadAction\",\"target\":[\"https:\/\/idakorea.ee\/product\/seerum-medi-peel-phyto-cica-nol-b5-3000-shot-serum-50ml\/\"]}]},{\"@type\":\"ImageObject\",\"inLanguage\":\"ru-RU\",\"@id\":\"https:\/\/idakorea.ee\/product\/seerum-medi-peel-phyto-cica-nol-b5-3000-shot-serum-50ml\/#primaryimage\",\"url\":\"https:\/\/idakorea.ee\/wp-content\/uploads\/2024\/08\/medi_peel-phyto-cica_nol-b5-3000-shot-serum.jpg\",\"contentUrl\":\"https:\/\/idakorea.ee\/wp-content\/uploads\/2024\/08\/medi_peel-phyto-cica_nol-b5-3000-shot-serum.jpg\",\"width\":1000,\"height\":1000},{\"@type\":\"BreadcrumbList\",\"@id\":\"https:\/\/idakorea.ee\/product\/seerum-medi-peel-phyto-cica-nol-b5-3000-shot-serum-50ml\/#breadcrumb\",\"itemListElement\":[{\"@type\":\"ListItem\",\"position\":1,\"name\":\"\u0413\u043b\u0430\u0432\u043d\u0430\u044f \u0441\u0442\u0440\u0430\u043d\u0438\u0446\u0430\",\"item\":\"https:\/\/idakorea.ee\/\"},{\"@type\":\"ListItem\",\"position\":2,\"name\":\"Shop\",\"item\":\"https:\/\/idakorea.ee\/shop-2\/\"},{\"@type\":\"ListItem\",\"position\":3,\"name\":\"Seerum Medi-Peel Phyto Cica-Nol B5 3000 Shot Serum, 50ml\"}]},{\"@type\":\"WebSite\",\"@id\":\"https:\/\/idakorea.ee\/#website\",\"url\":\"https:\/\/idakorea.ee\/\",\"name\":\"IDA.KOREA\",\"description\":\"Korea kosmeetika e-pood\",\"publisher\":{\"@id\":\"https:\/\/idakorea.ee\/#organization\"},\"alternateName\":\"Beauty Shop\",\"potentialAction\":[{\"@type\":\"SearchAction\",\"target\":{\"@type\":\"EntryPoint\",\"urlTemplate\":\"https:\/\/idakorea.ee\/?s={search_term_string}\"},\"query-input\":{\"@type\":\"PropertyValueSpecification\",\"valueRequired\":true,\"valueName\":\"search_term_string\"}}],\"inLanguage\":\"ru-RU\"},{\"@type\":\"Organization\",\"@id\":\"https:\/\/idakorea.ee\/#organization\",\"name\":\"IDA.KOREA\",\"url\":\"https:\/\/idakorea.ee\/\",\"logo\":{\"@type\":\"ImageObject\",\"inLanguage\":\"ru-RU\",\"@id\":\"https:\/\/idakorea.ee\/#\/schema\/logo\/image\/\",\"url\":\"https:\/\/idakorea.ee\/wp-content\/uploads\/2024\/05\/cropped-korea3.png\",\"contentUrl\":\"https:\/\/idakorea.ee\/wp-content\/uploads\/2024\/05\/cropped-korea3.png\",\"width\":688,\"height\":126,\"caption\":\"IDA.KOREA\"},\"image\":{\"@id\":\"https:\/\/idakorea.ee\/#\/schema\/logo\/image\/\"},\"sameAs\":[\"https:\/\/www.instagram.com\/ida.korea\/\"]}]}<\/script>\n<!-- \/ Yoast SEO plugin. -->","yoast_head_json":{"title":"Medi-Peel Phyto Cica-Nol B5 3000 Shot Serum, 50 \u043c\u043b - IDA.KOREA","description":"\u0421\u044b\u0432\u043e\u0440\u043e\u0442\u043a\u0430 \u043f\u0440\u0435\u0434\u043e\u0442\u0432\u0440\u0430\u0449\u0430\u0435\u0442 \u0437\u0430\u043a\u0443\u043f\u043e\u0440\u043a\u0443 \u043f\u043e\u0440, \u0432\u043e\u0441\u043f\u0430\u043b\u0435\u043d\u0438\u044f \u0438 \u0441\u0438\u043d\u044f\u043a\u0438. \u041e\u043d\u0430 \u0432\u044b\u0440\u0430\u0432\u043d\u0438\u0432\u0430\u0435\u0442 \u0442\u043e\u043d \u043a\u043e\u0436\u0438, \u0443\u043c\u0435\u043d\u044c\u0448\u0430\u0435\u0442 \u043f\u0438\u0433\u043c\u0435\u043d\u0442\u0430\u0446\u0438\u044e \u0438 \u043f\u0440\u0438\u0437\u043d\u0430\u043a\u0438 \u0441\u0442\u0430\u0440\u0435\u043d\u0438\u044f.","robots":{"index":"index","follow":"follow","max-snippet":"max-snippet:-1","max-image-preview":"max-image-preview:large","max-video-preview":"max-video-preview:-1"},"canonical":"https:\/\/idakorea.ee\/ru\/product\/seerum-medi-peel-phyto-cica-nol-b5-3000-shot-serum-50ml\/","og_locale":"ru_RU","og_type":"article","og_title":"Seerum Medi-Peel Phyto Cica-Nol B5 3000 Shot Serum, 50ml - IDA.KOREA","og_description":"Seerum ennetab pooride ummistumist, p\u00f5letike ja mustpeade teket. \u00dchtlustab nahatooni, v\u00e4hendab pigmentatsiooni ja vananemisilminguid.","og_url":"https:\/\/idakorea.ee\/ru\/product\/seerum-medi-peel-phyto-cica-nol-b5-3000-shot-serum-50ml\/","og_site_name":"IDA.KOREA","article_modified_time":"2026-04-03T12:39:23+00:00","og_image":[{"width":1000,"height":1000,"url":"https:\/\/idakorea.ee\/wp-content\/uploads\/2024\/08\/medi_peel-phyto-cica_nol-b5-3000-shot-serum.jpg","type":"image\/jpeg"}],"twitter_card":"summary_large_image","twitter_misc":{"\u041f\u0440\u0438\u043c\u0435\u0440\u043d\u043e\u0435 \u0432\u0440\u0435\u043c\u044f \u0434\u043b\u044f \u0447\u0442\u0435\u043d\u0438\u044f":"2 \u043c\u0438\u043d\u0443\u0442\u044b"},"schema":{"@context":"https:\/\/schema.org","@graph":[{"@type":"WebPage","@id":"https:\/\/idakorea.ee\/product\/seerum-medi-peel-phyto-cica-nol-b5-3000-shot-serum-50ml\/","url":"https:\/\/idakorea.ee\/product\/seerum-medi-peel-phyto-cica-nol-b5-3000-shot-serum-50ml\/","name":"Medi-Peel Phyto Cica-Nol B5 3000 Shot Serum, 50 \u043c\u043b - IDA.KOREA","isPartOf":{"@id":"https:\/\/idakorea.ee\/#website"},"primaryImageOfPage":{"@id":"https:\/\/idakorea.ee\/product\/seerum-medi-peel-phyto-cica-nol-b5-3000-shot-serum-50ml\/#primaryimage"},"image":{"@id":"https:\/\/idakorea.ee\/product\/seerum-medi-peel-phyto-cica-nol-b5-3000-shot-serum-50ml\/#primaryimage"},"thumbnailUrl":"https:\/\/idakorea.ee\/wp-content\/uploads\/2024\/08\/medi_peel-phyto-cica_nol-b5-3000-shot-serum.jpg","datePublished":"2024-08-14T09:56:24+00:00","dateModified":"2026-04-03T12:39:23+00:00","description":"\u0421\u044b\u0432\u043e\u0440\u043e\u0442\u043a\u0430 \u043f\u0440\u0435\u0434\u043e\u0442\u0432\u0440\u0430\u0449\u0430\u0435\u0442 \u0437\u0430\u043a\u0443\u043f\u043e\u0440\u043a\u0443 \u043f\u043e\u0440, \u0432\u043e\u0441\u043f\u0430\u043b\u0435\u043d\u0438\u044f \u0438 \u0441\u0438\u043d\u044f\u043a\u0438. \u041e\u043d\u0430 \u0432\u044b\u0440\u0430\u0432\u043d\u0438\u0432\u0430\u0435\u0442 \u0442\u043e\u043d \u043a\u043e\u0436\u0438, \u0443\u043c\u0435\u043d\u044c\u0448\u0430\u0435\u0442 \u043f\u0438\u0433\u043c\u0435\u043d\u0442\u0430\u0446\u0438\u044e \u0438 \u043f\u0440\u0438\u0437\u043d\u0430\u043a\u0438 \u0441\u0442\u0430\u0440\u0435\u043d\u0438\u044f.","breadcrumb":{"@id":"https:\/\/idakorea.ee\/product\/seerum-medi-peel-phyto-cica-nol-b5-3000-shot-serum-50ml\/#breadcrumb"},"inLanguage":"ru-RU","potentialAction":[{"@type":"ReadAction","target":["https:\/\/idakorea.ee\/product\/seerum-medi-peel-phyto-cica-nol-b5-3000-shot-serum-50ml\/"]}]},{"@type":"ImageObject","inLanguage":"ru-RU","@id":"https:\/\/idakorea.ee\/product\/seerum-medi-peel-phyto-cica-nol-b5-3000-shot-serum-50ml\/#primaryimage","url":"https:\/\/idakorea.ee\/wp-content\/uploads\/2024\/08\/medi_peel-phyto-cica_nol-b5-3000-shot-serum.jpg","contentUrl":"https:\/\/idakorea.ee\/wp-content\/uploads\/2024\/08\/medi_peel-phyto-cica_nol-b5-3000-shot-serum.jpg","width":1000,"height":1000},{"@type":"BreadcrumbList","@id":"https:\/\/idakorea.ee\/product\/seerum-medi-peel-phyto-cica-nol-b5-3000-shot-serum-50ml\/#breadcrumb","itemListElement":[{"@type":"ListItem","position":1,"name":"\u0413\u043b\u0430\u0432\u043d\u0430\u044f \u0441\u0442\u0440\u0430\u043d\u0438\u0446\u0430","item":"https:\/\/idakorea.ee\/"},{"@type":"ListItem","position":2,"name":"Shop","item":"https:\/\/idakorea.ee\/shop-2\/"},{"@type":"ListItem","position":3,"name":"Seerum Medi-Peel Phyto Cica-Nol B5 3000 Shot Serum, 50ml"}]},{"@type":"WebSite","@id":"https:\/\/idakorea.ee\/#website","url":"https:\/\/idakorea.ee\/","name":"\u0418\u0414\u0410.\u041a\u041e\u0420\u0415\u042f","description":"\u0418\u043d\u0442\u0435\u0440\u043d\u0435\u0442-\u043c\u0430\u0433\u0430\u0437\u0438\u043d \u043a\u043e\u0440\u0435\u0439\u0441\u043a\u043e\u0439 \u043a\u043e\u0441\u043c\u0435\u0442\u0438\u043a\u0438","publisher":{"@id":"https:\/\/idakorea.ee\/#organization"},"alternateName":"Beauty Shop","potentialAction":[{"@type":"SearchAction","target":{"@type":"EntryPoint","urlTemplate":"https:\/\/idakorea.ee\/?s={search_term_string}"},"query-input":{"@type":"PropertyValueSpecification","valueRequired":true,"valueName":"search_term_string"}}],"inLanguage":"ru-RU"},{"@type":"Organization","@id":"https:\/\/idakorea.ee\/#organization","name":"\u0418\u0414\u0410.\u041a\u041e\u0420\u0415\u042f","url":"https:\/\/idakorea.ee\/","logo":{"@type":"ImageObject","inLanguage":"ru-RU","@id":"https:\/\/idakorea.ee\/#\/schema\/logo\/image\/","url":"https:\/\/idakorea.ee\/wp-content\/uploads\/2024\/05\/cropped-korea3.png","contentUrl":"https:\/\/idakorea.ee\/wp-content\/uploads\/2024\/05\/cropped-korea3.png","width":688,"height":126,"caption":"IDA.KOREA"},"image":{"@id":"https:\/\/idakorea.ee\/#\/schema\/logo\/image\/"},"sameAs":["https:\/\/www.instagram.com\/ida.korea\/"]}]}},"jetpack_sharing_enabled":true,"brands":[{"id":107,"name":"MEDIPEEL+","slug":"medipeel"}],"_links":{"self":[{"href":"https:\/\/idakorea.ee\/ru\/wp-json\/wp\/v2\/product\/9772","targetHints":{"allow":["GET"]}}],"collection":[{"href":"https:\/\/idakorea.ee\/ru\/wp-json\/wp\/v2\/product"}],"about":[{"href":"https:\/\/idakorea.ee\/ru\/wp-json\/wp\/v2\/types\/product"}],"replies":[{"embeddable":true,"href":"https:\/\/idakorea.ee\/ru\/wp-json\/wp\/v2\/comments?post=9772"}],"version-history":[{"count":2,"href":"https:\/\/idakorea.ee\/ru\/wp-json\/wp\/v2\/product\/9772\/revisions"}],"predecessor-version":[{"id":10292,"href":"https:\/\/idakorea.ee\/ru\/wp-json\/wp\/v2\/product\/9772\/revisions\/10292"}],"wp:featuredmedia":[{"embeddable":true,"href":"https:\/\/idakorea.ee\/ru\/wp-json\/wp\/v2\/media\/9773"}],"wp:attachment":[{"href":"https:\/\/idakorea.ee\/ru\/wp-json\/wp\/v2\/media?parent=9772"}],"wp:term":[{"taxonomy":"pwb-brand","embeddable":true,"href":"https:\/\/idakorea.ee\/ru\/wp-json\/wp\/v2\/pwb-brand?post=9772"},{"taxonomy":"product_brand","embeddable":true,"href":"https:\/\/idakorea.ee\/ru\/wp-json\/wp\/v2\/product_brand?post=9772"},{"taxonomy":"product_cat","embeddable":true,"href":"https:\/\/idakorea.ee\/ru\/wp-json\/wp\/v2\/product_cat?post=9772"},{"taxonomy":"product_tag","embeddable":true,"href":"https:\/\/idakorea.ee\/ru\/wp-json\/wp\/v2\/product_tag?post=9772"}],"curies":[{"name":"WP","href":"https:\/\/api.w.org\/{rel}","templated":true}]}}